{"id":560,"date":"2022-09-19T13:27:56","date_gmt":"2022-09-19T13:27:56","guid":{"rendered":"http:\/\/pilotgarageyenibosna.com\/?page_id=560"},"modified":"2022-09-19T13:49:01","modified_gmt":"2022-09-19T13:49:01","slug":"musteri-yorumlari","status":"publish","type":"page","link":"https:\/\/pilotgarageyenibosna.com\/musteri-yorumlari\/","title":{"rendered":"M\u00fc\u015fteri Yorumlar\u0131"},"content":{"rendered":"\t\t<div data-elementor-type=\"wp-page\" data-elementor-id=\"560\" class=\"elementor elementor-560\" data-elementor-post-type=\"page\">\n\t\t\t\t\t\t<section class=\"elementor-section elementor-top-section elementor-element elementor-element-85e6d25 elementor-section-full_width elementor-section-height-min-height elementor-section-height-default elementor-section-items-middle\" data-id=\"85e6d25\" data-element_type=\"section\" data-e-type=\"section\" data-settings=\"{&quot;background_background&quot;:&quot;classic&quot;}\">\n\t\t\t\t\t\t\t<div class=\"elementor-background-overlay\"><\/div>\n\t\t\t\t\t\t\t<div class=\"elementor-container elementor-column-gap-default\">\n\t\t\t\t\t<div class=\"elementor-column elementor-col-100 elementor-top-column elementor-element elementor-element-b054531\" data-id=\"b054531\" data-element_type=\"column\" data-e-type=\"column\">\n\t\t\t<div class=\"elementor-widget-wrap elementor-element-populated\">\n\t\t\t\t\t\t<div class=\"elementor-element elementor-element-c1b1280 elementor-widget elementor-widget-heading\" data-id=\"c1b1280\" data-element_type=\"widget\" data-e-type=\"widget\" data-widget_type=\"heading.default\">\n\t\t\t\t\t<h2 class=\"elementor-heading-title elementor-size-default\">M\u00dc\u015eTER\u0130 YORUMLARI<\/h2>\t\t\t\t<\/div>\n\t\t\t\t\t<\/div>\n\t\t<\/div>\n\t\t\t\t\t<\/div>\n\t\t<\/section>\n\t\t\t\t<section class=\"elementor-section elementor-top-section elementor-element elementor-element-1cc74df elementor-section-boxed elementor-section-height-default elementor-section-height-default\" data-id=\"1cc74df\" data-element_type=\"section\" data-e-type=\"section\">\n\t\t\t\t\t\t<div class=\"elementor-container elementor-column-gap-default\">\n\t\t\t\t\t<div class=\"elementor-column elementor-col-100 elementor-top-column elementor-element elementor-element-9cef561\" data-id=\"9cef561\" data-element_type=\"column\" data-e-type=\"column\">\n\t\t\t<div class=\"elementor-widget-wrap elementor-element-populated\">\n\t\t\t\t\t\t<div class=\"elementor-element elementor-element-8f288a1 elementor-widget elementor-widget-heading\" data-id=\"8f288a1\" data-element_type=\"widget\" data-e-type=\"widget\" data-widget_type=\"heading.default\">\n\t\t\t\t\t<h2 class=\"elementor-heading-title elementor-size-default\">Alperen S.<\/h2>\t\t\t\t<\/div>\n\t\t\t\t<div class=\"elementor-element elementor-element-8bc50d3 elementor-widget elementor-widget-text-editor\" data-id=\"8bc50d3\" data-element_type=\"widget\" data-e-type=\"widget\" data-widget_type=\"text-editor.default\">\n\t\t\t\t\t\t\t\t\t<p>Ekspertiz se\u00e7ece\u011finiz zaman mutlaka bu firman\u0131n hizmetlerini almadan ara\u00e7 almay\u0131n. \u00c7\u00fcnk\u00fc di\u011fer firmalara g\u00f6re daha detayl\u0131 bir inceleme yap\u0131yorlar.<\/p>\t\t\t\t\t\t\t\t<\/div>\n\t\t\t\t\t<\/div>\n\t\t<\/div>\n\t\t\t\t\t<\/div>\n\t\t<\/section>\n\t\t\t\t<section class=\"elementor-section elementor-top-section elementor-element elementor-element-a4192e4 elementor-section-boxed elementor-section-height-default elementor-section-height-default\" data-id=\"a4192e4\" data-element_type=\"section\" data-e-type=\"section\">\n\t\t\t\t\t\t<div class=\"elementor-container elementor-column-gap-default\">\n\t\t\t\t\t<div class=\"elementor-column elementor-col-100 elementor-top-column elementor-element elementor-element-1ae973f\" data-id=\"1ae973f\" data-element_type=\"column\" data-e-type=\"column\">\n\t\t\t<div class=\"elementor-widget-wrap elementor-element-populated\">\n\t\t\t\t\t\t<div class=\"elementor-element elementor-element-db3f9ed elementor-widget elementor-widget-heading\" data-id=\"db3f9ed\" data-element_type=\"widget\" data-e-type=\"widget\" data-widget_type=\"heading.default\">\n\t\t\t\t\t<h2 class=\"elementor-heading-title elementor-size-default\">Yunus Emre \u00c7.<\/h2>\t\t\t\t<\/div>\n\t\t\t\t<div class=\"elementor-element elementor-element-9ab7a69 elementor-widget elementor-widget-text-editor\" data-id=\"9ab7a69\" data-element_type=\"widget\" data-e-type=\"widget\" data-widget_type=\"text-editor.default\">\n\t\t\t\t\t\t\t\t\t<p>Oto ekspertiz konusunda karars\u0131zl\u0131klar\u0131m vard\u0131. Ancak arac\u0131 o kadar detayl\u0131 incelediler ki. Bu kadar detayl\u0131 bakacaklar\u0131n\u0131 sanm\u0131yordum. \u00c7ok memnun kald\u0131m ara\u00e7ta ne var ne yok s\u00f6ylediler.<\/p>\t\t\t\t\t\t\t\t<\/div>\n\t\t\t\t\t<\/div>\n\t\t<\/div>\n\t\t\t\t\t<\/div>\n\t\t<\/section>\n\t\t\t\t<section class=\"elementor-section elementor-top-section elementor-element elementor-element-97076a8 elementor-section-boxed elementor-section-height-default elementor-section-height-default\" data-id=\"97076a8\" data-element_type=\"section\" data-e-type=\"section\">\n\t\t\t\t\t\t<div class=\"elementor-container elementor-column-gap-default\">\n\t\t\t\t\t<div class=\"elementor-column elementor-col-100 elementor-top-column elementor-element elementor-element-4c490e9\" data-id=\"4c490e9\" data-element_type=\"column\" data-e-type=\"column\">\n\t\t\t<div class=\"elementor-widget-wrap elementor-element-populated\">\n\t\t\t\t\t\t<div class=\"elementor-element elementor-element-d29f641 elementor-widget elementor-widget-heading\" data-id=\"d29f641\" data-element_type=\"widget\" data-e-type=\"widget\" data-widget_type=\"heading.default\">\n\t\t\t\t\t<h2 class=\"elementor-heading-title elementor-size-default\">Enes C.<\/h2>\t\t\t\t<\/div>\n\t\t\t\t<div class=\"elementor-element elementor-element-6eafa1e elementor-widget elementor-widget-text-editor\" data-id=\"6eafa1e\" data-element_type=\"widget\" data-e-type=\"widget\" data-widget_type=\"text-editor.default\">\n\t\t\t\t\t\t\t\t\t<p>Kendi arac\u0131m\u0131 sat\u0131yordum. Rapor alay\u0131m istedim. Bu kadar detayl\u0131 bakacaklar\u0131n\u0131 sanmam\u0131\u015ft\u0131m. Bilmedi\u011fim ar\u0131zalar \u00e7\u0131kt\u0131. Kendi arac\u0131mda bu hatalar\u0131n oldu\u011funu bilmiyordum.<\/p>\t\t\t\t\t\t\t\t<\/div>\n\t\t\t\t\t<\/div>\n\t\t<\/div>\n\t\t\t\t\t<\/div>\n\t\t<\/section>\n\t\t\t\t<section class=\"elementor-section elementor-top-section elementor-element elementor-element-388f9a2 elementor-section-boxed elementor-section-height-default elementor-section-height-default\" data-id=\"388f9a2\" data-element_type=\"section\" data-e-type=\"section\">\n\t\t\t\t\t\t<div class=\"elementor-container elementor-column-gap-default\">\n\t\t\t\t\t<div class=\"elementor-column elementor-col-100 elementor-top-column elementor-element elementor-element-63a1faf\" data-id=\"63a1faf\" data-element_type=\"column\" data-e-type=\"column\">\n\t\t\t<div class=\"elementor-widget-wrap elementor-element-populated\">\n\t\t\t\t\t\t<div class=\"elementor-element elementor-element-1b0e268 elementor-widget elementor-widget-heading\" data-id=\"1b0e268\" data-element_type=\"widget\" data-e-type=\"widget\" data-widget_type=\"heading.default\">\n\t\t\t\t\t<h2 class=\"elementor-heading-title elementor-size-default\">Ali T.<\/h2>\t\t\t\t<\/div>\n\t\t\t\t<div class=\"elementor-element elementor-element-b0682d9 elementor-widget elementor-widget-text-editor\" data-id=\"b0682d9\" data-element_type=\"widget\" data-e-type=\"widget\" data-widget_type=\"text-editor.default\">\n\t\t\t\t\t\t\t\t\t<p>Tavsiye \u00fczerine gittim. \u0130lk defa ara\u00e7 al\u0131yorum. Korkular\u0131m vard\u0131. Personele t\u00fcm sorular\u0131 sordum. Sa\u011folsun hepsine tatmin edici cevap verdiler. Tavsiye ederim.<\/p>\t\t\t\t\t\t\t\t<\/div>\n\t\t\t\t\t<\/div>\n\t\t<\/div>\n\t\t\t\t\t<\/div>\n\t\t<\/section>\n\t\t\t\t<section class=\"elementor-section elementor-top-section elementor-element elementor-element-97cf795 elementor-section-boxed elementor-section-height-default elementor-section-height-default\" data-id=\"97cf795\" data-element_type=\"section\" data-e-type=\"section\">\n\t\t\t\t\t\t<div class=\"elementor-container elementor-column-gap-default\">\n\t\t\t\t\t<div class=\"elementor-column elementor-col-100 elementor-top-column elementor-element elementor-element-9fc3e17\" data-id=\"9fc3e17\" data-element_type=\"column\" data-e-type=\"column\">\n\t\t\t<div class=\"elementor-widget-wrap elementor-element-populated\">\n\t\t\t\t\t\t<div class=\"elementor-element elementor-element-0be6000 elementor-widget elementor-widget-heading\" data-id=\"0be6000\" data-element_type=\"widget\" data-e-type=\"widget\" data-widget_type=\"heading.default\">\n\t\t\t\t\t<h2 class=\"elementor-heading-title elementor-size-default\">Burak \u015e.<\/h2>\t\t\t\t<\/div>\n\t\t\t\t<div class=\"elementor-element elementor-element-9d50561 elementor-widget elementor-widget-text-editor\" data-id=\"9d50561\" data-element_type=\"widget\" data-e-type=\"widget\" data-widget_type=\"text-editor.default\">\n\t\t\t\t\t\t\t\t\t<p>Ekspertiz se\u00e7ece\u011finiz zaman mutlaka bu firman\u0131n hizmetlerini almadan ara\u00e7 almay\u0131n. \u00c7\u00fcnk\u00fc di\u011fer firmalara g\u00f6re daha detayl\u0131 bir inceleme yap\u0131yorlar.<\/p>\t\t\t\t\t\t\t\t<\/div>\n\t\t\t\t\t<\/div>\n\t\t<\/div>\n\t\t\t\t\t<\/div>\n\t\t<\/section>\n\t\t\t\t<section class=\"elementor-section elementor-top-section elementor-element elementor-element-6284805 elementor-section-boxed elementor-section-height-default elementor-section-height-default\" data-id=\"6284805\" data-element_type=\"section\" data-e-type=\"section\">\n\t\t\t\t\t\t<div class=\"elementor-container elementor-column-gap-default\">\n\t\t\t\t\t<div class=\"elementor-column elementor-col-100 elementor-top-column elementor-element elementor-element-64a3afa\" data-id=\"64a3afa\" data-element_type=\"column\" data-e-type=\"column\">\n\t\t\t<div class=\"elementor-widget-wrap elementor-element-populated\">\n\t\t\t\t\t\t<div class=\"elementor-element elementor-element-9578a12 elementor-widget elementor-widget-heading\" data-id=\"9578a12\" data-element_type=\"widget\" data-e-type=\"widget\" data-widget_type=\"heading.default\">\n\t\t\t\t\t<h2 class=\"elementor-heading-title elementor-size-default\">Recep \u00dc.<\/h2>\t\t\t\t<\/div>\n\t\t\t\t<div class=\"elementor-element elementor-element-7df5651 elementor-widget elementor-widget-text-editor\" data-id=\"7df5651\" data-element_type=\"widget\" data-e-type=\"widget\" data-widget_type=\"text-editor.default\">\n\t\t\t\t\t\t\t\t\t<p>Sat\u0131c\u0131 ara\u00e7ta boya yok dedi. Ama detayl\u0131 incelemede baz\u0131 yerlerde boya \u00e7\u0131kt\u0131. Ayr\u0131ca sat\u0131c\u0131n\u0131n dedi\u011fi gibi \u00e7al\u0131\u015fmayan aksam\u0131 yok demi\u015fti. Ancak baz\u0131 b\u00f6l\u00fcmlerde sorun \u00e7\u0131kt\u0131. Temiz diye<\/p>\t\t\t\t\t\t\t\t<\/div>\n\t\t\t\t\t<\/div>\n\t\t<\/div>\n\t\t\t\t\t<\/div>\n\t\t<\/section>\n\t\t\t\t<section class=\"elementor-section elementor-top-section elementor-element elementor-element-4682a63 elementor-section-boxed elementor-section-height-default elementor-section-height-default\" data-id=\"4682a63\" data-element_type=\"section\" data-e-type=\"section\">\n\t\t\t\t\t\t<div class=\"elementor-container elementor-column-gap-default\">\n\t\t\t\t\t<div class=\"elementor-column elementor-col-100 elementor-top-column elementor-element elementor-element-e1b2a90\" data-id=\"e1b2a90\" data-element_type=\"column\" data-e-type=\"column\">\n\t\t\t<div class=\"elementor-widget-wrap elementor-element-populated\">\n\t\t\t\t\t\t<div class=\"elementor-element elementor-element-babbbe3 elementor-widget elementor-widget-heading\" data-id=\"babbbe3\" data-element_type=\"widget\" data-e-type=\"widget\" data-widget_type=\"heading.default\">\n\t\t\t\t\t<h2 class=\"elementor-heading-title elementor-size-default\">Fuat Y.<\/h2>\t\t\t\t<\/div>\n\t\t\t\t<div class=\"elementor-element elementor-element-b2cbafd elementor-widget elementor-widget-text-editor\" data-id=\"b2cbafd\" data-element_type=\"widget\" data-e-type=\"widget\" data-widget_type=\"text-editor.default\">\n\t\t\t\t\t\t\t\t\t<p>\u00c7ok soru sormay\u0131 seviyorum. Rapordaki her detay i\u00e7in ne kadar soru sordu\u011fumu hat\u0131rlam\u0131yorum. Personel titiz ve ciddi bir \u015fekilde hepsine cevap verdi. Tebrik ederim<\/p>\t\t\t\t\t\t\t\t<\/div>\n\t\t\t\t\t<\/div>\n\t\t<\/div>\n\t\t\t\t\t<\/div>\n\t\t<\/section>\n\t\t\t\t<section class=\"elementor-section elementor-top-section elementor-element elementor-element-838eda4 elementor-section-boxed elementor-section-height-default elementor-section-height-default\" data-id=\"838eda4\" data-element_type=\"section\" data-e-type=\"section\">\n\t\t\t\t\t\t<div class=\"elementor-container elementor-column-gap-default\">\n\t\t\t\t\t<div class=\"elementor-column elementor-col-100 elementor-top-column elementor-element elementor-element-9eb463a\" data-id=\"9eb463a\" data-element_type=\"column\" data-e-type=\"column\">\n\t\t\t<div class=\"elementor-widget-wrap elementor-element-populated\">\n\t\t\t\t\t\t<div class=\"elementor-element elementor-element-f3e805d elementor-widget elementor-widget-heading\" data-id=\"f3e805d\" data-element_type=\"widget\" data-e-type=\"widget\" data-widget_type=\"heading.default\">\n\t\t\t\t\t<h2 class=\"elementor-heading-title elementor-size-default\">Salih D.<\/h2>\t\t\t\t<\/div>\n\t\t\t\t<div class=\"elementor-element elementor-element-5f03a26 elementor-widget elementor-widget-text-editor\" data-id=\"5f03a26\" data-element_type=\"widget\" data-e-type=\"widget\" data-widget_type=\"text-editor.default\">\n\t\t\t\t\t\t\t\t\t<p>Ekspterizle alakal\u0131 hep bu firmadan hizmet ald\u0131m. Bu \u00fc\u00e7\u00fcnc\u00fc arac\u0131m. Verdikleri hizmet ve fiyattan olduk\u00e7a memnunum.<\/p>\t\t\t\t\t\t\t\t<\/div>\n\t\t\t\t\t<\/div>\n\t\t<\/div>\n\t\t\t\t\t<\/div>\n\t\t<\/section>\n\t\t\t\t<section class=\"elementor-section elementor-top-section elementor-element elementor-element-ad86a3a elementor-section-boxed elementor-section-height-default elementor-section-height-default\" data-id=\"ad86a3a\" data-element_type=\"section\" data-e-type=\"section\">\n\t\t\t\t\t\t<div class=\"elementor-container elementor-column-gap-default\">\n\t\t\t\t\t<div class=\"elementor-column elementor-col-100 elementor-top-column elementor-element elementor-element-a42019d\" data-id=\"a42019d\" data-element_type=\"column\" data-e-type=\"column\">\n\t\t\t<div class=\"elementor-widget-wrap elementor-element-populated\">\n\t\t\t\t\t\t<div class=\"elementor-element elementor-element-8fce470 elementor-widget elementor-widget-heading\" data-id=\"8fce470\" data-element_type=\"widget\" data-e-type=\"widget\" data-widget_type=\"heading.default\">\n\t\t\t\t\t<h2 class=\"elementor-heading-title elementor-size-default\">\u015eenol G.<\/h2>\t\t\t\t<\/div>\n\t\t\t\t<div class=\"elementor-element elementor-element-d9176be elementor-widget elementor-widget-text-editor\" data-id=\"d9176be\" data-element_type=\"widget\" data-e-type=\"widget\" data-widget_type=\"text-editor.default\">\n\t\t\t\t\t\t\t\t\t<p>Sat\u0131n almak istedi\u011fim arac\u0131 o kadar detayl\u0131 incelediler ki, Sat\u0131c\u0131 bile \u015fa\u015f\u0131rd\u0131. Her aksama, her \u00f6zelli\u011fie bakt\u0131lar. Sadece boya de\u011fil arac\u0131n test a\u015famas\u0131 bile o kadar detayl\u0131yd\u0131 ki? Sanki kendilerine araba al\u0131yorlar gibiydi.<\/p>\t\t\t\t\t\t\t\t<\/div>\n\t\t\t\t\t<\/div>\n\t\t<\/div>\n\t\t\t\t\t<\/div>\n\t\t<\/section>\n\t\t\t\t<section class=\"elementor-section elementor-top-section elementor-element elementor-element-e85e179 elementor-section-boxed elementor-section-height-default elementor-section-height-default\" data-id=\"e85e179\" data-element_type=\"section\" data-e-type=\"section\">\n\t\t\t\t\t\t<div class=\"elementor-container elementor-column-gap-default\">\n\t\t\t\t\t<div class=\"elementor-column elementor-col-100 elementor-top-column elementor-element elementor-element-5a32949\" data-id=\"5a32949\" data-element_type=\"column\" data-e-type=\"column\">\n\t\t\t<div class=\"elementor-widget-wrap elementor-element-populated\">\n\t\t\t\t\t\t<div class=\"elementor-element elementor-element-d1a626c elementor-widget elementor-widget-heading\" data-id=\"d1a626c\" data-element_type=\"widget\" data-e-type=\"widget\" data-widget_type=\"heading.default\">\n\t\t\t\t\t<h2 class=\"elementor-heading-title elementor-size-default\">Mehmet \u00d6.<\/h2>\t\t\t\t<\/div>\n\t\t\t\t<div class=\"elementor-element elementor-element-cd7b708 elementor-widget elementor-widget-text-editor\" data-id=\"cd7b708\" data-element_type=\"widget\" data-e-type=\"widget\" data-widget_type=\"text-editor.default\">\n\t\t\t\t\t\t\t\t\t<p>Firmdan ilkez hizmet ald\u0131m. Verdikleri hizmetten memnun kald\u0131m. Personelleri olduk\u00e7a tecr\u00fcbeli. Her detay\u0131 bana \u00f6yle g\u00fczel anlatt\u0131lar ki.<\/p>\t\t\t\t\t\t\t\t<\/div>\n\t\t\t\t\t<\/div>\n\t\t<\/div>\n\t\t\t\t\t<\/div>\n\t\t<\/section>\n\t\t\t\t<\/div>\n\t\t","protected":false},"excerpt":{"rendered":"<p>M\u00dc\u015eTER\u0130 YORUMLARI Alperen S. Ekspertiz se\u00e7ece\u011finiz zaman mutlaka bu firman\u0131n hizmetlerini almadan ara\u00e7 almay\u0131n. \u00c7\u00fcnk\u00fc di\u011fer firmalara g\u00f6re daha detayl\u0131 bir inceleme yap\u0131yorlar. Yunus Emre \u00c7. Oto ekspertiz konusunda karars\u0131zl\u0131klar\u0131m vard\u0131. Ancak arac\u0131 o kadar detayl\u0131 incelediler ki. Bu kadar detayl\u0131 bakacaklar\u0131n\u0131 sanm\u0131yordum. \u00c7ok memnun kald\u0131m ara\u00e7ta ne var ne yok s\u00f6ylediler. Enes C. Kendi [&hellip;]<\/p>\n","protected":false},"author":1,"featured_media":0,"parent":0,"menu_order":0,"comment_status":"closed","ping_status":"closed","template":"","meta":{"footnotes":""},"class_list":["post-560","page","type-page","status-publish","hentry"],"yoast_head":"<!-- This site is optimized with the Yoast SEO plugin v27.4 - https:\/\/yoast.com\/product\/yoast-seo-wordpress\/ -->\n<title>M\u00fc\u015fteri Yorumlar\u0131 - Pilot Garage Yenibosna - www.pilotgarageyenibosna.com<\/title>\n<meta name=\"robots\" content=\"index, follow, max-snippet:-1, max-image-preview:large, max-video-preview:-1\" \/>\n<link rel=\"canonical\" href=\"https:\/\/pilotgarageyenibosna.com\/musteri-yorumlari\/\" \/>\n<meta property=\"og:locale\" content=\"tr_TR\" \/>\n<meta property=\"og:type\" content=\"article\" \/>\n<meta property=\"og:title\" content=\"M\u00fc\u015fteri Yorumlar\u0131 - Pilot Garage Yenibosna - www.pilotgarageyenibosna.com\" \/>\n<meta property=\"og:description\" content=\"M\u00dc\u015eTER\u0130 YORUMLARI Alperen S. Ekspertiz se\u00e7ece\u011finiz zaman mutlaka bu firman\u0131n hizmetlerini almadan ara\u00e7 almay\u0131n. \u00c7\u00fcnk\u00fc di\u011fer firmalara g\u00f6re daha detayl\u0131 bir inceleme yap\u0131yorlar. Yunus Emre \u00c7. Oto ekspertiz konusunda karars\u0131zl\u0131klar\u0131m vard\u0131. Ancak arac\u0131 o kadar detayl\u0131 incelediler ki. Bu kadar detayl\u0131 bakacaklar\u0131n\u0131 sanm\u0131yordum. \u00c7ok memnun kald\u0131m ara\u00e7ta ne var ne yok s\u00f6ylediler. Enes C. Kendi [&hellip;]\" \/>\n<meta property=\"og:url\" content=\"https:\/\/pilotgarageyenibosna.com\/musteri-yorumlari\/\" \/>\n<meta property=\"og:site_name\" content=\"Pilot Garage Yenibosna - www.pilotgarageyenibosna.com\" \/>\n<meta property=\"article:modified_time\" content=\"2022-09-19T13:49:01+00:00\" \/>\n<meta name=\"twitter:card\" content=\"summary_large_image\" \/>\n<meta name=\"twitter:label1\" content=\"Tahmini okuma s\u00fcresi\" \/>\n\t<meta name=\"twitter:data1\" content=\"2 dakika\" \/>\n<script type=\"application\/ld+json\" class=\"yoast-schema-graph\">{\"@context\":\"https:\\\/\\\/schema.org\",\"@graph\":[{\"@type\":\"WebPage\",\"@id\":\"https:\\\/\\\/pilotgarageyenibosna.com\\\/musteri-yorumlari\\\/\",\"url\":\"https:\\\/\\\/pilotgarageyenibosna.com\\\/musteri-yorumlari\\\/\",\"name\":\"M\u00fc\u015fteri Yorumlar\u0131 - Pilot Garage Yenibosna - www.pilotgarageyenibosna.com\",\"isPartOf\":{\"@id\":\"https:\\\/\\\/pilotgarageyenibosna.com\\\/#website\"},\"datePublished\":\"2022-09-19T13:27:56+00:00\",\"dateModified\":\"2022-09-19T13:49:01+00:00\",\"breadcrumb\":{\"@id\":\"https:\\\/\\\/pilotgarageyenibosna.com\\\/musteri-yorumlari\\\/#breadcrumb\"},\"inLanguage\":\"tr\",\"potentialAction\":[{\"@type\":\"ReadAction\",\"target\":[\"https:\\\/\\\/pilotgarageyenibosna.com\\\/musteri-yorumlari\\\/\"]}]},{\"@type\":\"BreadcrumbList\",\"@id\":\"https:\\\/\\\/pilotgarageyenibosna.com\\\/musteri-yorumlari\\\/#breadcrumb\",\"itemListElement\":[{\"@type\":\"ListItem\",\"position\":1,\"name\":\"Home\",\"item\":\"https:\\\/\\\/pilotgarageyenibosna.com\\\/\"},{\"@type\":\"ListItem\",\"position\":2,\"name\":\"M\u00fc\u015fteri Yorumlar\u0131\"}]},{\"@type\":\"WebSite\",\"@id\":\"https:\\\/\\\/pilotgarageyenibosna.com\\\/#website\",\"url\":\"https:\\\/\\\/pilotgarageyenibosna.com\\\/\",\"name\":\"Pilot Garage Yenibosna - www.pilotgarageyenibosna.com\",\"description\":\"Pilot Garage Yenibosna - www.pilotgarageyenibosna.com\",\"publisher\":{\"@id\":\"https:\\\/\\\/pilotgarageyenibosna.com\\\/#organization\"},\"potentialAction\":[{\"@type\":\"SearchAction\",\"target\":{\"@type\":\"EntryPoint\",\"urlTemplate\":\"https:\\\/\\\/pilotgarageyenibosna.com\\\/?s={search_term_string}\"},\"query-input\":{\"@type\":\"PropertyValueSpecification\",\"valueRequired\":true,\"valueName\":\"search_term_string\"}}],\"inLanguage\":\"tr\"},{\"@type\":\"Organization\",\"@id\":\"https:\\\/\\\/pilotgarageyenibosna.com\\\/#organization\",\"name\":\"Pilot Garage Yenibosna - www.pilotgarageyenibosna.com\",\"url\":\"https:\\\/\\\/pilotgarageyenibosna.com\\\/\",\"logo\":{\"@type\":\"ImageObject\",\"inLanguage\":\"tr\",\"@id\":\"https:\\\/\\\/pilotgarageyenibosna.com\\\/#\\\/schema\\\/logo\\\/image\\\/\",\"url\":\"https:\\\/\\\/pilotgarageyenibosna.com\\\/wp-content\\\/uploads\\\/2022\\\/09\\\/pilot-garage-yenibosna-logo.png\",\"contentUrl\":\"https:\\\/\\\/pilotgarageyenibosna.com\\\/wp-content\\\/uploads\\\/2022\\\/09\\\/pilot-garage-yenibosna-logo.png\",\"width\":300,\"height\":41,\"caption\":\"Pilot Garage Yenibosna - www.pilotgarageyenibosna.com\"},\"image\":{\"@id\":\"https:\\\/\\\/pilotgarageyenibosna.com\\\/#\\\/schema\\\/logo\\\/image\\\/\"}}]}<\/script>\n<!-- \/ Yoast SEO plugin. -->","yoast_head_json":{"title":"M\u00fc\u015fteri Yorumlar\u0131 - Pilot Garage Yenibosna - www.pilotgarageyenibosna.com","robots":{"index":"index","follow":"follow","max-snippet":"max-snippet:-1","max-image-preview":"max-image-preview:large","max-video-preview":"max-video-preview:-1"},"canonical":"https:\/\/pilotgarageyenibosna.com\/musteri-yorumlari\/","og_locale":"tr_TR","og_type":"article","og_title":"M\u00fc\u015fteri Yorumlar\u0131 - Pilot Garage Yenibosna - www.pilotgarageyenibosna.com","og_description":"M\u00dc\u015eTER\u0130 YORUMLARI Alperen S. Ekspertiz se\u00e7ece\u011finiz zaman mutlaka bu firman\u0131n hizmetlerini almadan ara\u00e7 almay\u0131n. \u00c7\u00fcnk\u00fc di\u011fer firmalara g\u00f6re daha detayl\u0131 bir inceleme yap\u0131yorlar. Yunus Emre \u00c7. Oto ekspertiz konusunda karars\u0131zl\u0131klar\u0131m vard\u0131. Ancak arac\u0131 o kadar detayl\u0131 incelediler ki. Bu kadar detayl\u0131 bakacaklar\u0131n\u0131 sanm\u0131yordum. \u00c7ok memnun kald\u0131m ara\u00e7ta ne var ne yok s\u00f6ylediler. Enes C. Kendi [&hellip;]","og_url":"https:\/\/pilotgarageyenibosna.com\/musteri-yorumlari\/","og_site_name":"Pilot Garage Yenibosna - www.pilotgarageyenibosna.com","article_modified_time":"2022-09-19T13:49:01+00:00","twitter_card":"summary_large_image","twitter_misc":{"Tahmini okuma s\u00fcresi":"2 dakika"},"schema":{"@context":"https:\/\/schema.org","@graph":[{"@type":"WebPage","@id":"https:\/\/pilotgarageyenibosna.com\/musteri-yorumlari\/","url":"https:\/\/pilotgarageyenibosna.com\/musteri-yorumlari\/","name":"M\u00fc\u015fteri Yorumlar\u0131 - Pilot Garage Yenibosna - www.pilotgarageyenibosna.com","isPartOf":{"@id":"https:\/\/pilotgarageyenibosna.com\/#website"},"datePublished":"2022-09-19T13:27:56+00:00","dateModified":"2022-09-19T13:49:01+00:00","breadcrumb":{"@id":"https:\/\/pilotgarageyenibosna.com\/musteri-yorumlari\/#breadcrumb"},"inLanguage":"tr","potentialAction":[{"@type":"ReadAction","target":["https:\/\/pilotgarageyenibosna.com\/musteri-yorumlari\/"]}]},{"@type":"BreadcrumbList","@id":"https:\/\/pilotgarageyenibosna.com\/musteri-yorumlari\/#breadcrumb","itemListElement":[{"@type":"ListItem","position":1,"name":"Home","item":"https:\/\/pilotgarageyenibosna.com\/"},{"@type":"ListItem","position":2,"name":"M\u00fc\u015fteri Yorumlar\u0131"}]},{"@type":"WebSite","@id":"https:\/\/pilotgarageyenibosna.com\/#website","url":"https:\/\/pilotgarageyenibosna.com\/","name":"Pilot Garage Yenibosna - www.pilotgarageyenibosna.com","description":"Pilot Garage Yenibosna - www.pilotgarageyenibosna.com","publisher":{"@id":"https:\/\/pilotgarageyenibosna.com\/#organization"},"potentialAction":[{"@type":"SearchAction","target":{"@type":"EntryPoint","urlTemplate":"https:\/\/pilotgarageyenibosna.com\/?s={search_term_string}"},"query-input":{"@type":"PropertyValueSpecification","valueRequired":true,"valueName":"search_term_string"}}],"inLanguage":"tr"},{"@type":"Organization","@id":"https:\/\/pilotgarageyenibosna.com\/#organization","name":"Pilot Garage Yenibosna - www.pilotgarageyenibosna.com","url":"https:\/\/pilotgarageyenibosna.com\/","logo":{"@type":"ImageObject","inLanguage":"tr","@id":"https:\/\/pilotgarageyenibosna.com\/#\/schema\/logo\/image\/","url":"https:\/\/pilotgarageyenibosna.com\/wp-content\/uploads\/2022\/09\/pilot-garage-yenibosna-logo.png","contentUrl":"https:\/\/pilotgarageyenibosna.com\/wp-content\/uploads\/2022\/09\/pilot-garage-yenibosna-logo.png","width":300,"height":41,"caption":"Pilot Garage Yenibosna - www.pilotgarageyenibosna.com"},"image":{"@id":"https:\/\/pilotgarageyenibosna.com\/#\/schema\/logo\/image\/"}}]}},"_links":{"self":[{"href":"https:\/\/pilotgarageyenibosna.com\/index.php\/wp-json\/wp\/v2\/pages\/560","targetHints":{"allow":["GET"]}}],"collection":[{"href":"https:\/\/pilotgarageyenibosna.com\/index.php\/wp-json\/wp\/v2\/pages"}],"about":[{"href":"https:\/\/pilotgarageyenibosna.com\/index.php\/wp-json\/wp\/v2\/types\/page"}],"author":[{"embeddable":true,"href":"https:\/\/pilotgarageyenibosna.com\/index.php\/wp-json\/wp\/v2\/users\/1"}],"replies":[{"embeddable":true,"href":"https:\/\/pilotgarageyenibosna.com\/index.php\/wp-json\/wp\/v2\/comments?post=560"}],"version-history":[{"count":20,"href":"https:\/\/pilotgarageyenibosna.com\/index.php\/wp-json\/wp\/v2\/pages\/560\/revisions"}],"predecessor-version":[{"id":580,"href":"https:\/\/pilotgarageyenibosna.com\/index.php\/wp-json\/wp\/v2\/pages\/560\/revisions\/580"}],"wp:attachment":[{"href":"https:\/\/pilotgarageyenibosna.com\/index.php\/wp-json\/wp\/v2\/media?parent=560"}],"curies":[{"name":"wp","href":"https:\/\/api.w.org\/{rel}","templated":true}]}}