{"id":537,"date":"2022-09-19T13:18:09","date_gmt":"2022-09-19T13:18:09","guid":{"rendered":"http:\/\/pilotgarageyenibosna.com\/?page_id=537"},"modified":"2022-09-19T13:27:16","modified_gmt":"2022-09-19T13:27:16","slug":"kalite-belgelerimiz","status":"publish","type":"page","link":"https:\/\/pilotgarageyenibosna.com\/kalite-belgelerimiz\/","title":{"rendered":"Kalite Belgelerimiz"},"content":{"rendered":"\t\t<div data-elementor-type=\"wp-page\" data-elementor-id=\"537\" class=\"elementor elementor-537\" data-elementor-post-type=\"page\">\n\t\t\t\t\t\t<section class=\"elementor-section elementor-top-section elementor-element elementor-element-85e6d25 elementor-section-full_width elementor-section-height-min-height elementor-section-height-default elementor-section-items-middle\" data-id=\"85e6d25\" data-element_type=\"section\" data-e-type=\"section\" data-settings=\"{&quot;background_background&quot;:&quot;classic&quot;}\">\n\t\t\t\t\t\t\t<div class=\"elementor-background-overlay\"><\/div>\n\t\t\t\t\t\t\t<div class=\"elementor-container elementor-column-gap-default\">\n\t\t\t\t\t<div class=\"elementor-column elementor-col-100 elementor-top-column elementor-element elementor-element-b054531\" data-id=\"b054531\" data-element_type=\"column\" data-e-type=\"column\">\n\t\t\t<div class=\"elementor-widget-wrap elementor-element-populated\">\n\t\t\t\t\t\t<div class=\"elementor-element elementor-element-c1b1280 elementor-widget elementor-widget-heading\" data-id=\"c1b1280\" data-element_type=\"widget\" data-e-type=\"widget\" data-widget_type=\"heading.default\">\n\t\t\t\t\t<h2 class=\"elementor-heading-title elementor-size-default\">KAL\u0130TE BELGELER\u0130M\u0130Z<\/h2>\t\t\t\t<\/div>\n\t\t\t\t\t<\/div>\n\t\t<\/div>\n\t\t\t\t\t<\/div>\n\t\t<\/section>\n\t\t\t\t<section class=\"elementor-section elementor-top-section elementor-element elementor-element-a4192e4 elementor-section-boxed elementor-section-height-default elementor-section-height-default\" data-id=\"a4192e4\" data-element_type=\"section\" data-e-type=\"section\">\n\t\t\t\t\t\t<div class=\"elementor-container elementor-column-gap-default\">\n\t\t\t\t\t<div class=\"elementor-column elementor-col-100 elementor-top-column elementor-element elementor-element-1ae973f\" data-id=\"1ae973f\" data-element_type=\"column\" data-e-type=\"column\">\n\t\t\t<div class=\"elementor-widget-wrap elementor-element-populated\">\n\t\t\t\t\t\t<div class=\"elementor-element elementor-element-c4faa9f gallery-spacing-custom elementor-widget elementor-widget-image-gallery\" data-id=\"c4faa9f\" data-element_type=\"widget\" data-e-type=\"widget\" data-widget_type=\"image-gallery.default\">\n\t\t\t\t\t\t\t<div class=\"elementor-image-gallery\">\n\t\t\t\n\t\t<style type=\"text\/css\">\n\t\t\t#gallery-1 {\n\t\t\t\tmargin: auto;\n\t\t\t}\n\t\t\t#gallery-1 .gallery-item {\n\t\t\t\tfloat: left;\n\t\t\t\tmargin-top: 10px;\n\t\t\t\ttext-align: center;\n\t\t\t\twidth: 33%;\n\t\t\t}\n\t\t\t#gallery-1 img {\n\t\t\t\tborder: 2px solid #cfcfcf;\n\t\t\t}\n\t\t\t#gallery-1 .gallery-caption {\n\t\t\t\tmargin-left: 0;\n\t\t\t}\n\t\t\t\/* see gallery_shortcode() in wp-includes\/media.php *\/\n\t\t<\/style>\n\t\t<div id='gallery-1' class='gallery galleryid-537 gallery-columns-3 gallery-size-full'><dl class='gallery-item'>\n\t\t\t<dt class='gallery-icon portrait'>\n\t\t\t\t<a data-elementor-open-lightbox=\"yes\" data-elementor-lightbox-slideshow=\"c4faa9f\" data-elementor-lightbox-title=\"Kalite Belgelerimiz - 1\" data-e-action-hash=\"#elementor-action%3Aaction%3Dlightbox%26settings%3DeyJpZCI6NTQ2LCJ1cmwiOiJodHRwczpcL1wvcGlsb3RnYXJhZ2V5ZW5pYm9zbmEuY29tXC93cC1jb250ZW50XC91cGxvYWRzXC8yMDIyXC8wOVwvYmVsZ2UtMS0xLmpwZyIsInNsaWRlc2hvdyI6ImM0ZmFhOWYifQ%3D%3D\" href='https:\/\/pilotgarageyenibosna.com\/wp-content\/uploads\/2022\/09\/belge-1-1.jpg'><img fetchpriority=\"high\" decoding=\"async\" width=\"671\" height=\"1024\" src=\"https:\/\/pilotgarageyenibosna.com\/wp-content\/uploads\/2022\/09\/belge-1-1.jpg\" class=\"attachment-full size-full\" alt=\"\" srcset=\"https:\/\/pilotgarageyenibosna.com\/wp-content\/uploads\/2022\/09\/belge-1-1.jpg 671w, https:\/\/pilotgarageyenibosna.com\/wp-content\/uploads\/2022\/09\/belge-1-1-197x300.jpg 197w\" sizes=\"(max-width: 671px) 100vw, 671px\" \/><\/a>\n\t\t\t<\/dt><\/dl><dl class='gallery-item'>\n\t\t\t<dt class='gallery-icon portrait'>\n\t\t\t\t<a data-elementor-open-lightbox=\"yes\" data-elementor-lightbox-slideshow=\"c4faa9f\" data-elementor-lightbox-title=\"Kalite Belgelerimiz - 2\" data-e-action-hash=\"#elementor-action%3Aaction%3Dlightbox%26settings%3DeyJpZCI6NTQ3LCJ1cmwiOiJodHRwczpcL1wvcGlsb3RnYXJhZ2V5ZW5pYm9zbmEuY29tXC93cC1jb250ZW50XC91cGxvYWRzXC8yMDIyXC8wOVwvYmVsZ2UtMi0xLmpwZyIsInNsaWRlc2hvdyI6ImM0ZmFhOWYifQ%3D%3D\" href='https:\/\/pilotgarageyenibosna.com\/wp-content\/uploads\/2022\/09\/belge-2-1.jpg'><img decoding=\"async\" width=\"671\" height=\"1024\" src=\"https:\/\/pilotgarageyenibosna.com\/wp-content\/uploads\/2022\/09\/belge-2-1.jpg\" class=\"attachment-full size-full\" alt=\"\" srcset=\"https:\/\/pilotgarageyenibosna.com\/wp-content\/uploads\/2022\/09\/belge-2-1.jpg 671w, https:\/\/pilotgarageyenibosna.com\/wp-content\/uploads\/2022\/09\/belge-2-1-197x300.jpg 197w\" sizes=\"(max-width: 671px) 100vw, 671px\" \/><\/a>\n\t\t\t<\/dt><\/dl><dl class='gallery-item'>\n\t\t\t<dt class='gallery-icon portrait'>\n\t\t\t\t<a data-elementor-open-lightbox=\"yes\" data-elementor-lightbox-slideshow=\"c4faa9f\" data-elementor-lightbox-title=\"Kalite Belgelerimiz - 3\" data-e-action-hash=\"#elementor-action%3Aaction%3Dlightbox%26settings%3DeyJpZCI6NTQ4LCJ1cmwiOiJodHRwczpcL1wvcGlsb3RnYXJhZ2V5ZW5pYm9zbmEuY29tXC93cC1jb250ZW50XC91cGxvYWRzXC8yMDIyXC8wOVwvYmVsZ2UtMy0xLmpwZyIsInNsaWRlc2hvdyI6ImM0ZmFhOWYifQ%3D%3D\" href='https:\/\/pilotgarageyenibosna.com\/wp-content\/uploads\/2022\/09\/belge-3-1.jpg'><img decoding=\"async\" width=\"671\" height=\"1024\" src=\"https:\/\/pilotgarageyenibosna.com\/wp-content\/uploads\/2022\/09\/belge-3-1.jpg\" class=\"attachment-full size-full\" alt=\"\" srcset=\"https:\/\/pilotgarageyenibosna.com\/wp-content\/uploads\/2022\/09\/belge-3-1.jpg 671w, https:\/\/pilotgarageyenibosna.com\/wp-content\/uploads\/2022\/09\/belge-3-1-197x300.jpg 197w\" sizes=\"(max-width: 671px) 100vw, 671px\" \/><\/a>\n\t\t\t<\/dt><\/dl><br style=\"clear: both\" \/><dl class='gallery-item'>\n\t\t\t<dt class='gallery-icon portrait'>\n\t\t\t\t<a data-elementor-open-lightbox=\"yes\" data-elementor-lightbox-slideshow=\"c4faa9f\" data-elementor-lightbox-title=\"Kalite Belgelerimiz - 4\" data-e-action-hash=\"#elementor-action%3Aaction%3Dlightbox%26settings%3DeyJpZCI6NTQ5LCJ1cmwiOiJodHRwczpcL1wvcGlsb3RnYXJhZ2V5ZW5pYm9zbmEuY29tXC93cC1jb250ZW50XC91cGxvYWRzXC8yMDIyXC8wOVwvYmVsZ2UtNC0xLmpwZWciLCJzbGlkZXNob3ciOiJjNGZhYTlmIn0%3D\" href='https:\/\/pilotgarageyenibosna.com\/wp-content\/uploads\/2022\/09\/belge-4-1.jpeg'><img loading=\"lazy\" decoding=\"async\" width=\"671\" height=\"1024\" src=\"https:\/\/pilotgarageyenibosna.com\/wp-content\/uploads\/2022\/09\/belge-4-1.jpeg\" class=\"attachment-full size-full\" alt=\"\" srcset=\"https:\/\/pilotgarageyenibosna.com\/wp-content\/uploads\/2022\/09\/belge-4-1.jpeg 671w, https:\/\/pilotgarageyenibosna.com\/wp-content\/uploads\/2022\/09\/belge-4-1-197x300.jpeg 197w\" sizes=\"(max-width: 671px) 100vw, 671px\" \/><\/a>\n\t\t\t<\/dt><\/dl><dl class='gallery-item'>\n\t\t\t<dt class='gallery-icon portrait'>\n\t\t\t\t<a data-elementor-open-lightbox=\"yes\" data-elementor-lightbox-slideshow=\"c4faa9f\" data-elementor-lightbox-title=\"Kalite Belgelerimiz - 5\" data-e-action-hash=\"#elementor-action%3Aaction%3Dlightbox%26settings%3DeyJpZCI6NTUwLCJ1cmwiOiJodHRwczpcL1wvcGlsb3RnYXJhZ2V5ZW5pYm9zbmEuY29tXC93cC1jb250ZW50XC91cGxvYWRzXC8yMDIyXC8wOVwvYmVsZ2UtNS0xLmpwZWciLCJzbGlkZXNob3ciOiJjNGZhYTlmIn0%3D\" href='https:\/\/pilotgarageyenibosna.com\/wp-content\/uploads\/2022\/09\/belge-5-1.jpeg'><img loading=\"lazy\" decoding=\"async\" width=\"671\" height=\"1024\" src=\"https:\/\/pilotgarageyenibosna.com\/wp-content\/uploads\/2022\/09\/belge-5-1.jpeg\" class=\"attachment-full size-full\" alt=\"\" srcset=\"https:\/\/pilotgarageyenibosna.com\/wp-content\/uploads\/2022\/09\/belge-5-1.jpeg 671w, https:\/\/pilotgarageyenibosna.com\/wp-content\/uploads\/2022\/09\/belge-5-1-197x300.jpeg 197w\" sizes=\"(max-width: 671px) 100vw, 671px\" \/><\/a>\n\t\t\t<\/dt><\/dl>\n\t\t\t<br style='clear: both' \/>\n\t\t<\/div>\n\t\t<\/div>\n\t\t\t\t\t\t<\/div>\n\t\t\t\t\t<\/div>\n\t\t<\/div>\n\t\t\t\t\t<\/div>\n\t\t<\/section>\n\t\t\t\t<\/div>\n\t\t","protected":false},"excerpt":{"rendered":"<p>KAL\u0130TE BELGELER\u0130M\u0130Z<\/p>\n","protected":false},"author":1,"featured_media":0,"parent":0,"menu_order":0,"comment_status":"closed","ping_status":"closed","template":"","meta":{"footnotes":""},"class_list":["post-537","page","type-page","status-publish","hentry"],"yoast_head":"<!-- This site is optimized with the Yoast SEO plugin v27.4 - https:\/\/yoast.com\/product\/yoast-seo-wordpress\/ -->\n<title>Kalite Belgelerimiz - Pilot Garage Yenibosna - www.pilotgarageyenibosna.com<\/title>\n<meta name=\"robots\" content=\"index, follow, max-snippet:-1, max-image-preview:large, max-video-preview:-1\" \/>\n<link rel=\"canonical\" href=\"https:\/\/pilotgarageyenibosna.com\/kalite-belgelerimiz\/\" \/>\n<meta property=\"og:locale\" content=\"tr_TR\" \/>\n<meta property=\"og:type\" content=\"article\" \/>\n<meta property=\"og:title\" content=\"Kalite Belgelerimiz - Pilot Garage Yenibosna - www.pilotgarageyenibosna.com\" \/>\n<meta property=\"og:description\" content=\"KAL\u0130TE BELGELER\u0130M\u0130Z\" \/>\n<meta property=\"og:url\" content=\"https:\/\/pilotgarageyenibosna.com\/kalite-belgelerimiz\/\" \/>\n<meta property=\"og:site_name\" content=\"Pilot Garage Yenibosna - www.pilotgarageyenibosna.com\" \/>\n<meta property=\"article:modified_time\" content=\"2022-09-19T13:27:16+00:00\" \/>\n<meta property=\"og:image\" content=\"http:\/\/pilotgarageyenibosna.com\/wp-content\/uploads\/2022\/09\/belge-1-1.jpg\" \/>\n<meta name=\"twitter:card\" content=\"summary_large_image\" \/>\n<meta name=\"twitter:label1\" content=\"Tahmini okuma s\u00fcresi\" \/>\n\t<meta name=\"twitter:data1\" content=\"2 dakika\" \/>\n<script type=\"application\/ld+json\" class=\"yoast-schema-graph\">{\"@context\":\"https:\\\/\\\/schema.org\",\"@graph\":[{\"@type\":\"WebPage\",\"@id\":\"https:\\\/\\\/pilotgarageyenibosna.com\\\/kalite-belgelerimiz\\\/\",\"url\":\"https:\\\/\\\/pilotgarageyenibosna.com\\\/kalite-belgelerimiz\\\/\",\"name\":\"Kalite Belgelerimiz - Pilot Garage Yenibosna - www.pilotgarageyenibosna.com\",\"isPartOf\":{\"@id\":\"https:\\\/\\\/pilotgarageyenibosna.com\\\/#website\"},\"primaryImageOfPage\":{\"@id\":\"https:\\\/\\\/pilotgarageyenibosna.com\\\/kalite-belgelerimiz\\\/#primaryimage\"},\"image\":{\"@id\":\"https:\\\/\\\/pilotgarageyenibosna.com\\\/kalite-belgelerimiz\\\/#primaryimage\"},\"thumbnailUrl\":\"http:\\\/\\\/pilotgarageyenibosna.com\\\/wp-content\\\/uploads\\\/2022\\\/09\\\/belge-1-1.jpg\",\"datePublished\":\"2022-09-19T13:18:09+00:00\",\"dateModified\":\"2022-09-19T13:27:16+00:00\",\"breadcrumb\":{\"@id\":\"https:\\\/\\\/pilotgarageyenibosna.com\\\/kalite-belgelerimiz\\\/#breadcrumb\"},\"inLanguage\":\"tr\",\"potentialAction\":[{\"@type\":\"ReadAction\",\"target\":[\"https:\\\/\\\/pilotgarageyenibosna.com\\\/kalite-belgelerimiz\\\/\"]}]},{\"@type\":\"ImageObject\",\"inLanguage\":\"tr\",\"@id\":\"https:\\\/\\\/pilotgarageyenibosna.com\\\/kalite-belgelerimiz\\\/#primaryimage\",\"url\":\"https:\\\/\\\/pilotgarageyenibosna.com\\\/wp-content\\\/uploads\\\/2022\\\/09\\\/belge-1-1.jpg\",\"contentUrl\":\"https:\\\/\\\/pilotgarageyenibosna.com\\\/wp-content\\\/uploads\\\/2022\\\/09\\\/belge-1-1.jpg\",\"width\":671,\"height\":1024},{\"@type\":\"BreadcrumbList\",\"@id\":\"https:\\\/\\\/pilotgarageyenibosna.com\\\/kalite-belgelerimiz\\\/#breadcrumb\",\"itemListElement\":[{\"@type\":\"ListItem\",\"position\":1,\"name\":\"Home\",\"item\":\"https:\\\/\\\/pilotgarageyenibosna.com\\\/\"},{\"@type\":\"ListItem\",\"position\":2,\"name\":\"Kalite Belgelerimiz\"}]},{\"@type\":\"WebSite\",\"@id\":\"https:\\\/\\\/pilotgarageyenibosna.com\\\/#website\",\"url\":\"https:\\\/\\\/pilotgarageyenibosna.com\\\/\",\"name\":\"Pilot Garage Yenibosna - www.pilotgarageyenibosna.com\",\"description\":\"Pilot Garage Yenibosna - www.pilotgarageyenibosna.com\",\"publisher\":{\"@id\":\"https:\\\/\\\/pilotgarageyenibosna.com\\\/#organization\"},\"potentialAction\":[{\"@type\":\"SearchAction\",\"target\":{\"@type\":\"EntryPoint\",\"urlTemplate\":\"https:\\\/\\\/pilotgarageyenibosna.com\\\/?s={search_term_string}\"},\"query-input\":{\"@type\":\"PropertyValueSpecification\",\"valueRequired\":true,\"valueName\":\"search_term_string\"}}],\"inLanguage\":\"tr\"},{\"@type\":\"Organization\",\"@id\":\"https:\\\/\\\/pilotgarageyenibosna.com\\\/#organization\",\"name\":\"Pilot Garage Yenibosna - www.pilotgarageyenibosna.com\",\"url\":\"https:\\\/\\\/pilotgarageyenibosna.com\\\/\",\"logo\":{\"@type\":\"ImageObject\",\"inLanguage\":\"tr\",\"@id\":\"https:\\\/\\\/pilotgarageyenibosna.com\\\/#\\\/schema\\\/logo\\\/image\\\/\",\"url\":\"https:\\\/\\\/pilotgarageyenibosna.com\\\/wp-content\\\/uploads\\\/2022\\\/09\\\/pilot-garage-yenibosna-logo.png\",\"contentUrl\":\"https:\\\/\\\/pilotgarageyenibosna.com\\\/wp-content\\\/uploads\\\/2022\\\/09\\\/pilot-garage-yenibosna-logo.png\",\"width\":300,\"height\":41,\"caption\":\"Pilot Garage Yenibosna - www.pilotgarageyenibosna.com\"},\"image\":{\"@id\":\"https:\\\/\\\/pilotgarageyenibosna.com\\\/#\\\/schema\\\/logo\\\/image\\\/\"}}]}<\/script>\n<!-- \/ Yoast SEO plugin. -->","yoast_head_json":{"title":"Kalite Belgelerimiz - Pilot Garage Yenibosna - www.pilotgarageyenibosna.com","robots":{"index":"index","follow":"follow","max-snippet":"max-snippet:-1","max-image-preview":"max-image-preview:large","max-video-preview":"max-video-preview:-1"},"canonical":"https:\/\/pilotgarageyenibosna.com\/kalite-belgelerimiz\/","og_locale":"tr_TR","og_type":"article","og_title":"Kalite Belgelerimiz - Pilot Garage Yenibosna - www.pilotgarageyenibosna.com","og_description":"KAL\u0130TE BELGELER\u0130M\u0130Z","og_url":"https:\/\/pilotgarageyenibosna.com\/kalite-belgelerimiz\/","og_site_name":"Pilot Garage Yenibosna - www.pilotgarageyenibosna.com","article_modified_time":"2022-09-19T13:27:16+00:00","og_image":[{"url":"http:\/\/pilotgarageyenibosna.com\/wp-content\/uploads\/2022\/09\/belge-1-1.jpg","type":"","width":"","height":""}],"twitter_card":"summary_large_image","twitter_misc":{"Tahmini okuma s\u00fcresi":"2 dakika"},"schema":{"@context":"https:\/\/schema.org","@graph":[{"@type":"WebPage","@id":"https:\/\/pilotgarageyenibosna.com\/kalite-belgelerimiz\/","url":"https:\/\/pilotgarageyenibosna.com\/kalite-belgelerimiz\/","name":"Kalite Belgelerimiz - Pilot Garage Yenibosna - www.pilotgarageyenibosna.com","isPartOf":{"@id":"https:\/\/pilotgarageyenibosna.com\/#website"},"primaryImageOfPage":{"@id":"https:\/\/pilotgarageyenibosna.com\/kalite-belgelerimiz\/#primaryimage"},"image":{"@id":"https:\/\/pilotgarageyenibosna.com\/kalite-belgelerimiz\/#primaryimage"},"thumbnailUrl":"http:\/\/pilotgarageyenibosna.com\/wp-content\/uploads\/2022\/09\/belge-1-1.jpg","datePublished":"2022-09-19T13:18:09+00:00","dateModified":"2022-09-19T13:27:16+00:00","breadcrumb":{"@id":"https:\/\/pilotgarageyenibosna.com\/kalite-belgelerimiz\/#breadcrumb"},"inLanguage":"tr","potentialAction":[{"@type":"ReadAction","target":["https:\/\/pilotgarageyenibosna.com\/kalite-belgelerimiz\/"]}]},{"@type":"ImageObject","inLanguage":"tr","@id":"https:\/\/pilotgarageyenibosna.com\/kalite-belgelerimiz\/#primaryimage","url":"https:\/\/pilotgarageyenibosna.com\/wp-content\/uploads\/2022\/09\/belge-1-1.jpg","contentUrl":"https:\/\/pilotgarageyenibosna.com\/wp-content\/uploads\/2022\/09\/belge-1-1.jpg","width":671,"height":1024},{"@type":"BreadcrumbList","@id":"https:\/\/pilotgarageyenibosna.com\/kalite-belgelerimiz\/#breadcrumb","itemListElement":[{"@type":"ListItem","position":1,"name":"Home","item":"https:\/\/pilotgarageyenibosna.com\/"},{"@type":"ListItem","position":2,"name":"Kalite Belgelerimiz"}]},{"@type":"WebSite","@id":"https:\/\/pilotgarageyenibosna.com\/#website","url":"https:\/\/pilotgarageyenibosna.com\/","name":"Pilot Garage Yenibosna - www.pilotgarageyenibosna.com","description":"Pilot Garage Yenibosna - www.pilotgarageyenibosna.com","publisher":{"@id":"https:\/\/pilotgarageyenibosna.com\/#organization"},"potentialAction":[{"@type":"SearchAction","target":{"@type":"EntryPoint","urlTemplate":"https:\/\/pilotgarageyenibosna.com\/?s={search_term_string}"},"query-input":{"@type":"PropertyValueSpecification","valueRequired":true,"valueName":"search_term_string"}}],"inLanguage":"tr"},{"@type":"Organization","@id":"https:\/\/pilotgarageyenibosna.com\/#organization","name":"Pilot Garage Yenibosna - www.pilotgarageyenibosna.com","url":"https:\/\/pilotgarageyenibosna.com\/","logo":{"@type":"ImageObject","inLanguage":"tr","@id":"https:\/\/pilotgarageyenibosna.com\/#\/schema\/logo\/image\/","url":"https:\/\/pilotgarageyenibosna.com\/wp-content\/uploads\/2022\/09\/pilot-garage-yenibosna-logo.png","contentUrl":"https:\/\/pilotgarageyenibosna.com\/wp-content\/uploads\/2022\/09\/pilot-garage-yenibosna-logo.png","width":300,"height":41,"caption":"Pilot Garage Yenibosna - www.pilotgarageyenibosna.com"},"image":{"@id":"https:\/\/pilotgarageyenibosna.com\/#\/schema\/logo\/image\/"}}]}},"_links":{"self":[{"href":"https:\/\/pilotgarageyenibosna.com\/index.php\/wp-json\/wp\/v2\/pages\/537","targetHints":{"allow":["GET"]}}],"collection":[{"href":"https:\/\/pilotgarageyenibosna.com\/index.php\/wp-json\/wp\/v2\/pages"}],"about":[{"href":"https:\/\/pilotgarageyenibosna.com\/index.php\/wp-json\/wp\/v2\/types\/page"}],"author":[{"embeddable":true,"href":"https:\/\/pilotgarageyenibosna.com\/index.php\/wp-json\/wp\/v2\/users\/1"}],"replies":[{"embeddable":true,"href":"https:\/\/pilotgarageyenibosna.com\/index.php\/wp-json\/wp\/v2\/comments?post=537"}],"version-history":[{"count":11,"href":"https:\/\/pilotgarageyenibosna.com\/index.php\/wp-json\/wp\/v2\/pages\/537\/revisions"}],"predecessor-version":[{"id":559,"href":"https:\/\/pilotgarageyenibosna.com\/index.php\/wp-json\/wp\/v2\/pages\/537\/revisions\/559"}],"wp:attachment":[{"href":"https:\/\/pilotgarageyenibosna.com\/index.php\/wp-json\/wp\/v2\/media?parent=537"}],"curies":[{"name":"wp","href":"https:\/\/api.w.org\/{rel}","templated":true}]}}