{"id":471,"date":"2022-09-19T12:47:27","date_gmt":"2022-09-19T12:47:27","guid":{"rendered":"http:\/\/pilotgarageyenibosna.com\/?page_id=471"},"modified":"2022-09-19T12:48:29","modified_gmt":"2022-09-19T12:48:29","slug":"sonuc-rapor-3","status":"publish","type":"page","link":"https:\/\/pilotgarageyenibosna.com\/hizmetlerimiz\/sonuc-rapor\/","title":{"rendered":"Sonu\u00e7 Rapor"},"content":{"rendered":"\t\t<div data-elementor-type=\"wp-page\" data-elementor-id=\"471\" class=\"elementor elementor-471\" data-elementor-post-type=\"page\">\n\t\t\t\t\t\t<section class=\"elementor-section elementor-top-section elementor-element elementor-element-2ecf1df elementor-section-full_width elementor-section-height-min-height elementor-section-height-default elementor-section-items-middle\" data-id=\"2ecf1df\" data-element_type=\"section\" data-e-type=\"section\" data-settings=\"{&quot;background_background&quot;:&quot;classic&quot;}\">\n\t\t\t\t\t\t\t<div class=\"elementor-background-overlay\"><\/div>\n\t\t\t\t\t\t\t<div class=\"elementor-container elementor-column-gap-default\">\n\t\t\t\t\t<div class=\"elementor-column elementor-col-100 elementor-top-column elementor-element elementor-element-f9010b8\" data-id=\"f9010b8\" data-element_type=\"column\" data-e-type=\"column\">\n\t\t\t<div class=\"elementor-widget-wrap elementor-element-populated\">\n\t\t\t\t\t\t<div class=\"elementor-element elementor-element-c8ccf0f elementor-widget elementor-widget-heading\" data-id=\"c8ccf0f\" data-element_type=\"widget\" data-e-type=\"widget\" data-widget_type=\"heading.default\">\n\t\t\t\t\t<h2 class=\"elementor-heading-title elementor-size-default\">SONU\u00c7 RAPOR<\/h2>\t\t\t\t<\/div>\n\t\t\t\t\t<\/div>\n\t\t<\/div>\n\t\t\t\t\t<\/div>\n\t\t<\/section>\n\t\t\t\t<section class=\"elementor-section elementor-top-section elementor-element elementor-element-82f1cb6 elementor-section-boxed elementor-section-height-default elementor-section-height-default\" data-id=\"82f1cb6\" data-element_type=\"section\" data-e-type=\"section\">\n\t\t\t\t\t\t<div class=\"elementor-container elementor-column-gap-default\">\n\t\t\t\t\t<div class=\"elementor-column elementor-col-50 elementor-top-column elementor-element elementor-element-e7e9135\" data-id=\"e7e9135\" data-element_type=\"column\" data-e-type=\"column\">\n\t\t\t<div class=\"elementor-widget-wrap elementor-element-populated\">\n\t\t\t\t\t\t<div class=\"elementor-element elementor-element-50d6b20 elementor-widget elementor-widget-heading\" data-id=\"50d6b20\" data-element_type=\"widget\" data-e-type=\"widget\" data-widget_type=\"heading.default\">\n\t\t\t\t\t<h2 class=\"elementor-heading-title elementor-size-default\">Sonu\u00e7 Rapor<\/h2>\t\t\t\t<\/div>\n\t\t\t\t<div class=\"elementor-element elementor-element-bb70c70 elementor-widget elementor-widget-text-editor\" data-id=\"bb70c70\" data-element_type=\"widget\" data-e-type=\"widget\" data-widget_type=\"text-editor.default\">\n\t\t\t\t\t\t\t\t\t<p>Otomobillerinizi g\u00fcvenli olarak al\u0131m sat\u0131m yapmak istiyorsan\u0131z <strong>sonu\u00e7 rapor<\/strong> hizmetlerinden yararlanman\u0131z son derece \u00f6nemli bir s\u00fcreci te\u015fkil ediyor. Bu hizmetler kapsam\u0131nda sizlere motor performans\u0131, boya kaporta test sonucu gibi farkl\u0131 alanlarda ekspertiz raporu hizmetleri sunmaktay\u0131z.\u00a0 Alt mekanizma tespit, fren sistemi kontrolleri, yanal- kayma test gibi alanlarda firmam\u0131z sizlere h\u0131zl\u0131 rapor hizmetleri sunuyor.<\/p><p>Ar\u0131za tespit cihaz sonucu kapsam\u0131nda sizlere en iyiyi sa\u011fl\u0131yor ve bizlerden tam te\u015fekk\u00fcll\u00fc hizmetler alabilirsiniz. Firmam\u0131z \u00fczerinden alaca\u011f\u0131n\u0131z hizmetler uluslararas\u0131 kalite standartlar\u0131na ev sahipli\u011fi yapan hizmetler b\u00fct\u00fcn\u00fc olarak \u00f6n plana \u00e7\u0131k\u0131yor. Sistematik ko\u015fullar \u00e7er\u00e7evesi alt\u0131nda sunmu\u015f oldu\u011fumuz hizmetlerle m\u00fc\u015fterilerimize %100 m\u00fc\u015fteri memnuniyetini hedefliyoruz. Her daim tercihinizi bizden yana kullanarak avantajl\u0131 bir hizmetten yararlanabilirsiniz.<\/p>\t\t\t\t\t\t\t\t<\/div>\n\t\t\t\t<div class=\"elementor-element elementor-element-4e22448 elementor-widget elementor-widget-heading\" data-id=\"4e22448\" data-element_type=\"widget\" data-e-type=\"widget\" data-widget_type=\"heading.default\">\n\t\t\t\t\t<h2 class=\"elementor-heading-title elementor-size-default\">Sonu\u00e7 Rapor Ne Sunuyor?<\/h2>\t\t\t\t<\/div>\n\t\t\t\t<div class=\"elementor-element elementor-element-69396db elementor-widget elementor-widget-text-editor\" data-id=\"69396db\" data-element_type=\"widget\" data-e-type=\"widget\" data-widget_type=\"text-editor.default\">\n\t\t\t\t\t\t\t\t\t<p><strong>Sonu\u00e7 rapor<\/strong> kapsam\u0131nda ki\u015filer ara\u00e7lar\u0131n\u0131n al\u0131m ve sat\u0131m i\u015flemleri s\u0131ras\u0131nda bir\u00e7ok detay unsuruna ev sahipli\u011fi yap\u0131yor. Bu alanda alaca\u011f\u0131n\u0131z hizmetlerle her a\u00e7\u0131dan en iyiyi sizlere sa\u011fl\u0131yor ve avantajl\u0131 bir hizmet olana\u011f\u0131n\u0131 sizlere sa\u011flamaktay\u0131z. Yanal kayma test, alt mekanizma tespiti konusunda sizlere ar\u0131za tespit cihazlar\u0131yla hizmetler sa\u011fl\u0131yoruz. Boya kaporta test sonucunuzu hemen firmam\u0131zdan \u00f6\u011frenebilirsiniz.<\/p><p>Kaliteli bir hizmet deneyiminden yararlanmak istiyorsan\u0131z bu alanda profesyonel bir hizmet deneyiminden yararlanman\u0131z son derece \u00f6nemli bir s\u00fcreci te\u015fkil ediyor. Oto ekspertiz alan\u0131nda sunmu\u015f oldu\u011fumuz b\u00fct\u00fcn hizmetler profesyonel hizmet standartlar\u0131 dahilinde ger\u00e7ekle\u015ftirilen hizmetler b\u00fct\u00fcn\u00fc olarak her daim \u00f6n plandad\u0131r.<\/p>\t\t\t\t\t\t\t\t<\/div>\n\t\t\t\t<div class=\"elementor-element elementor-element-cfe9488 elementor-widget elementor-widget-heading\" data-id=\"cfe9488\" data-element_type=\"widget\" data-e-type=\"widget\" data-widget_type=\"heading.default\">\n\t\t\t\t\t<h2 class=\"elementor-heading-title elementor-size-default\">Sonu\u00e7 Rapor Hizmeti<\/h2>\t\t\t\t<\/div>\n\t\t\t\t<div class=\"elementor-element elementor-element-d97b3c6 elementor-widget elementor-widget-text-editor\" data-id=\"d97b3c6\" data-element_type=\"widget\" data-e-type=\"widget\" data-widget_type=\"text-editor.default\">\n\t\t\t\t\t\t\t\t\t<p>M\u00fc\u015fterilerimize sunmu\u015f oldu\u011fu <strong>sonu\u00e7 rapor<\/strong> hizmetleriyle h\u0131z\u0131m\u0131z\u0131 \u00f6n plana \u00e7\u0131kar\u0131yoruz. H\u0131zl\u0131 bir kurumdan alaca\u011f\u0131n\u0131z s\u0131n\u0131rs\u0131z hizmetlerle sizlere en iyi hizmetleri sa\u011flamay\u0131 ba\u015far\u0131yoruz. Kaliteli bir hizmetten avantajl\u0131 standartlarda faydalanmak istiyorsan\u0131z firmam\u0131z sizlere en iyiyi sunarak sizlere nitelikli bir hizmet olana\u011f\u0131 sa\u011fl\u0131yor. Birinci s\u0131n\u0131f olanaklar dahilinde \u00e7al\u0131\u015fan kurumumuz profesyonel bir hizmet se\u00e7ene\u011fini sizlere sunuyor ve h\u0131zl\u0131 bir \u015fekilde sizlere ekspertiz raporu hizmeti sunuyor.<\/p><p>H\u0131zl\u0131 hizmetlerimizle sekt\u00f6rde fark\u0131m\u0131z\u0131 ortaya koyuyor, sizlere \u00e7ok k\u0131sa bir s\u00fcre i\u00e7inde raporlar sunuyoruz. Raporlar\u0131m\u0131z\u0131n en \u00f6nemli \u00f6zelli\u011fi tam te\u015fekk\u00fcll\u00fc olanaklara sahip olmas\u0131d\u0131r. B\u00f6ylelikle sizlere en iyi hizmetleri ekonomik fiyatlara sunmay\u0131 ba\u015far\u0131yor ve vadediyoruz.<\/p>\t\t\t\t\t\t\t\t<\/div>\n\t\t\t\t\t<\/div>\n\t\t<\/div>\n\t\t\t\t<div class=\"elementor-column elementor-col-50 elementor-top-column elementor-element elementor-element-dd44bf7\" data-id=\"dd44bf7\" data-element_type=\"column\" data-e-type=\"column\">\n\t\t\t<div class=\"elementor-widget-wrap elementor-element-populated\">\n\t\t\t\t\t\t<div class=\"elementor-element elementor-element-6c81e32 elementor-widget elementor-widget-image\" data-id=\"6c81e32\" data-element_type=\"widget\" data-e-type=\"widget\" data-widget_type=\"image.default\">\n\t\t\t\t\t\t\t\t\t\t\t\t\t\t\t<img fetchpriority=\"high\" decoding=\"async\" width=\"768\" height=\"512\" src=\"https:\/\/pilotgarageyenibosna.com\/wp-content\/uploads\/2022\/09\/sonuc-rapor.jpg\" class=\"attachment-large size-large wp-image-390\" alt=\"\" srcset=\"https:\/\/pilotgarageyenibosna.com\/wp-content\/uploads\/2022\/09\/sonuc-rapor.jpg 768w, https:\/\/pilotgarageyenibosna.com\/wp-content\/uploads\/2022\/09\/sonuc-rapor-300x200.jpg 300w\" sizes=\"(max-width: 768px) 100vw, 768px\" \/>\t\t\t\t\t\t\t\t\t\t\t\t\t\t\t<\/div>\n\t\t\t\t\t<\/div>\n\t\t<\/div>\n\t\t\t\t\t<\/div>\n\t\t<\/section>\n\t\t\t\t<\/div>\n\t\t","protected":false},"excerpt":{"rendered":"<p>SONU\u00c7 RAPOR Sonu\u00e7 Rapor Otomobillerinizi g\u00fcvenli olarak al\u0131m sat\u0131m yapmak istiyorsan\u0131z sonu\u00e7 rapor hizmetlerinden yararlanman\u0131z son derece \u00f6nemli bir s\u00fcreci te\u015fkil ediyor. Bu hizmetler kapsam\u0131nda sizlere motor performans\u0131, boya kaporta test sonucu gibi farkl\u0131 alanlarda ekspertiz raporu hizmetleri sunmaktay\u0131z.\u00a0 Alt mekanizma tespit, fren sistemi kontrolleri, yanal- kayma test gibi alanlarda firmam\u0131z sizlere h\u0131zl\u0131 rapor hizmetleri [&hellip;]<\/p>\n","protected":false},"author":1,"featured_media":0,"parent":369,"menu_order":0,"comment_status":"closed","ping_status":"closed","template":"","meta":{"footnotes":""},"class_list":["post-471","page","type-page","status-publish","hentry"],"yoast_head":"<!-- This site is optimized with the Yoast SEO plugin v27.4 - https:\/\/yoast.com\/product\/yoast-seo-wordpress\/ -->\n<title>Sonu\u00e7 Rapor - Pilot Garage Yenibosna - www.pilotgarageyenibosna.com<\/title>\n<meta name=\"robots\" content=\"index, follow, max-snippet:-1, max-image-preview:large, max-video-preview:-1\" \/>\n<link rel=\"canonical\" href=\"https:\/\/pilotgarageyenibosna.com\/hizmetlerimiz\/sonuc-rapor\/\" \/>\n<meta property=\"og:locale\" content=\"tr_TR\" \/>\n<meta property=\"og:type\" content=\"article\" \/>\n<meta property=\"og:title\" content=\"Sonu\u00e7 Rapor - Pilot Garage Yenibosna - www.pilotgarageyenibosna.com\" \/>\n<meta property=\"og:description\" content=\"SONU\u00c7 RAPOR Sonu\u00e7 Rapor Otomobillerinizi g\u00fcvenli olarak al\u0131m sat\u0131m yapmak istiyorsan\u0131z sonu\u00e7 rapor hizmetlerinden yararlanman\u0131z son derece \u00f6nemli bir s\u00fcreci te\u015fkil ediyor. Bu hizmetler kapsam\u0131nda sizlere motor performans\u0131, boya kaporta test sonucu gibi farkl\u0131 alanlarda ekspertiz raporu hizmetleri sunmaktay\u0131z.\u00a0 Alt mekanizma tespit, fren sistemi kontrolleri, yanal- kayma test gibi alanlarda firmam\u0131z sizlere h\u0131zl\u0131 rapor hizmetleri [&hellip;]\" \/>\n<meta property=\"og:url\" content=\"https:\/\/pilotgarageyenibosna.com\/hizmetlerimiz\/sonuc-rapor\/\" \/>\n<meta property=\"og:site_name\" content=\"Pilot Garage Yenibosna - www.pilotgarageyenibosna.com\" \/>\n<meta property=\"article:modified_time\" content=\"2022-09-19T12:48:29+00:00\" \/>\n<meta property=\"og:image\" content=\"http:\/\/pilotgarageyenibosna.com\/wp-content\/uploads\/2022\/09\/sonuc-rapor.jpg\" \/>\n<meta name=\"twitter:card\" content=\"summary_large_image\" \/>\n<meta name=\"twitter:label1\" content=\"Tahmini okuma s\u00fcresi\" \/>\n\t<meta name=\"twitter:data1\" content=\"3 dakika\" \/>\n<script type=\"application\/ld+json\" class=\"yoast-schema-graph\">{\"@context\":\"https:\\\/\\\/schema.org\",\"@graph\":[{\"@type\":\"WebPage\",\"@id\":\"https:\\\/\\\/pilotgarageyenibosna.com\\\/hizmetlerimiz\\\/sonuc-rapor\\\/\",\"url\":\"https:\\\/\\\/pilotgarageyenibosna.com\\\/hizmetlerimiz\\\/sonuc-rapor\\\/\",\"name\":\"Sonu\u00e7 Rapor - Pilot Garage Yenibosna - www.pilotgarageyenibosna.com\",\"isPartOf\":{\"@id\":\"https:\\\/\\\/pilotgarageyenibosna.com\\\/#website\"},\"primaryImageOfPage\":{\"@id\":\"https:\\\/\\\/pilotgarageyenibosna.com\\\/hizmetlerimiz\\\/sonuc-rapor\\\/#primaryimage\"},\"image\":{\"@id\":\"https:\\\/\\\/pilotgarageyenibosna.com\\\/hizmetlerimiz\\\/sonuc-rapor\\\/#primaryimage\"},\"thumbnailUrl\":\"http:\\\/\\\/pilotgarageyenibosna.com\\\/wp-content\\\/uploads\\\/2022\\\/09\\\/sonuc-rapor.jpg\",\"datePublished\":\"2022-09-19T12:47:27+00:00\",\"dateModified\":\"2022-09-19T12:48:29+00:00\",\"breadcrumb\":{\"@id\":\"https:\\\/\\\/pilotgarageyenibosna.com\\\/hizmetlerimiz\\\/sonuc-rapor\\\/#breadcrumb\"},\"inLanguage\":\"tr\",\"potentialAction\":[{\"@type\":\"ReadAction\",\"target\":[\"https:\\\/\\\/pilotgarageyenibosna.com\\\/hizmetlerimiz\\\/sonuc-rapor\\\/\"]}]},{\"@type\":\"ImageObject\",\"inLanguage\":\"tr\",\"@id\":\"https:\\\/\\\/pilotgarageyenibosna.com\\\/hizmetlerimiz\\\/sonuc-rapor\\\/#primaryimage\",\"url\":\"https:\\\/\\\/pilotgarageyenibosna.com\\\/wp-content\\\/uploads\\\/2022\\\/09\\\/sonuc-rapor.jpg\",\"contentUrl\":\"https:\\\/\\\/pilotgarageyenibosna.com\\\/wp-content\\\/uploads\\\/2022\\\/09\\\/sonuc-rapor.jpg\",\"width\":768,\"height\":512},{\"@type\":\"BreadcrumbList\",\"@id\":\"https:\\\/\\\/pilotgarageyenibosna.com\\\/hizmetlerimiz\\\/sonuc-rapor\\\/#breadcrumb\",\"itemListElement\":[{\"@type\":\"ListItem\",\"position\":1,\"name\":\"Home\",\"item\":\"https:\\\/\\\/pilotgarageyenibosna.com\\\/\"},{\"@type\":\"ListItem\",\"position\":2,\"name\":\"Hizmetlerimiz\",\"item\":\"https:\\\/\\\/pilotgarageyenibosna.com\\\/hizmetlerimiz\\\/\"},{\"@type\":\"ListItem\",\"position\":3,\"name\":\"Sonu\u00e7 Rapor\"}]},{\"@type\":\"WebSite\",\"@id\":\"https:\\\/\\\/pilotgarageyenibosna.com\\\/#website\",\"url\":\"https:\\\/\\\/pilotgarageyenibosna.com\\\/\",\"name\":\"Pilot Garage Yenibosna - www.pilotgarageyenibosna.com\",\"description\":\"Pilot Garage Yenibosna - www.pilotgarageyenibosna.com\",\"publisher\":{\"@id\":\"https:\\\/\\\/pilotgarageyenibosna.com\\\/#organization\"},\"potentialAction\":[{\"@type\":\"SearchAction\",\"target\":{\"@type\":\"EntryPoint\",\"urlTemplate\":\"https:\\\/\\\/pilotgarageyenibosna.com\\\/?s={search_term_string}\"},\"query-input\":{\"@type\":\"PropertyValueSpecification\",\"valueRequired\":true,\"valueName\":\"search_term_string\"}}],\"inLanguage\":\"tr\"},{\"@type\":\"Organization\",\"@id\":\"https:\\\/\\\/pilotgarageyenibosna.com\\\/#organization\",\"name\":\"Pilot Garage Yenibosna - www.pilotgarageyenibosna.com\",\"url\":\"https:\\\/\\\/pilotgarageyenibosna.com\\\/\",\"logo\":{\"@type\":\"ImageObject\",\"inLanguage\":\"tr\",\"@id\":\"https:\\\/\\\/pilotgarageyenibosna.com\\\/#\\\/schema\\\/logo\\\/image\\\/\",\"url\":\"https:\\\/\\\/pilotgarageyenibosna.com\\\/wp-content\\\/uploads\\\/2022\\\/09\\\/pilot-garage-yenibosna-logo.png\",\"contentUrl\":\"https:\\\/\\\/pilotgarageyenibosna.com\\\/wp-content\\\/uploads\\\/2022\\\/09\\\/pilot-garage-yenibosna-logo.png\",\"width\":300,\"height\":41,\"caption\":\"Pilot Garage Yenibosna - www.pilotgarageyenibosna.com\"},\"image\":{\"@id\":\"https:\\\/\\\/pilotgarageyenibosna.com\\\/#\\\/schema\\\/logo\\\/image\\\/\"}}]}<\/script>\n<!-- \/ Yoast SEO plugin. -->","yoast_head_json":{"title":"Sonu\u00e7 Rapor - Pilot Garage Yenibosna - www.pilotgarageyenibosna.com","robots":{"index":"index","follow":"follow","max-snippet":"max-snippet:-1","max-image-preview":"max-image-preview:large","max-video-preview":"max-video-preview:-1"},"canonical":"https:\/\/pilotgarageyenibosna.com\/hizmetlerimiz\/sonuc-rapor\/","og_locale":"tr_TR","og_type":"article","og_title":"Sonu\u00e7 Rapor - Pilot Garage Yenibosna - www.pilotgarageyenibosna.com","og_description":"SONU\u00c7 RAPOR Sonu\u00e7 Rapor Otomobillerinizi g\u00fcvenli olarak al\u0131m sat\u0131m yapmak istiyorsan\u0131z sonu\u00e7 rapor hizmetlerinden yararlanman\u0131z son derece \u00f6nemli bir s\u00fcreci te\u015fkil ediyor. Bu hizmetler kapsam\u0131nda sizlere motor performans\u0131, boya kaporta test sonucu gibi farkl\u0131 alanlarda ekspertiz raporu hizmetleri sunmaktay\u0131z.\u00a0 Alt mekanizma tespit, fren sistemi kontrolleri, yanal- kayma test gibi alanlarda firmam\u0131z sizlere h\u0131zl\u0131 rapor hizmetleri [&hellip;]","og_url":"https:\/\/pilotgarageyenibosna.com\/hizmetlerimiz\/sonuc-rapor\/","og_site_name":"Pilot Garage Yenibosna - www.pilotgarageyenibosna.com","article_modified_time":"2022-09-19T12:48:29+00:00","og_image":[{"url":"http:\/\/pilotgarageyenibosna.com\/wp-content\/uploads\/2022\/09\/sonuc-rapor.jpg","type":"","width":"","height":""}],"twitter_card":"summary_large_image","twitter_misc":{"Tahmini okuma s\u00fcresi":"3 dakika"},"schema":{"@context":"https:\/\/schema.org","@graph":[{"@type":"WebPage","@id":"https:\/\/pilotgarageyenibosna.com\/hizmetlerimiz\/sonuc-rapor\/","url":"https:\/\/pilotgarageyenibosna.com\/hizmetlerimiz\/sonuc-rapor\/","name":"Sonu\u00e7 Rapor - Pilot Garage Yenibosna - www.pilotgarageyenibosna.com","isPartOf":{"@id":"https:\/\/pilotgarageyenibosna.com\/#website"},"primaryImageOfPage":{"@id":"https:\/\/pilotgarageyenibosna.com\/hizmetlerimiz\/sonuc-rapor\/#primaryimage"},"image":{"@id":"https:\/\/pilotgarageyenibosna.com\/hizmetlerimiz\/sonuc-rapor\/#primaryimage"},"thumbnailUrl":"http:\/\/pilotgarageyenibosna.com\/wp-content\/uploads\/2022\/09\/sonuc-rapor.jpg","datePublished":"2022-09-19T12:47:27+00:00","dateModified":"2022-09-19T12:48:29+00:00","breadcrumb":{"@id":"https:\/\/pilotgarageyenibosna.com\/hizmetlerimiz\/sonuc-rapor\/#breadcrumb"},"inLanguage":"tr","potentialAction":[{"@type":"ReadAction","target":["https:\/\/pilotgarageyenibosna.com\/hizmetlerimiz\/sonuc-rapor\/"]}]},{"@type":"ImageObject","inLanguage":"tr","@id":"https:\/\/pilotgarageyenibosna.com\/hizmetlerimiz\/sonuc-rapor\/#primaryimage","url":"https:\/\/pilotgarageyenibosna.com\/wp-content\/uploads\/2022\/09\/sonuc-rapor.jpg","contentUrl":"https:\/\/pilotgarageyenibosna.com\/wp-content\/uploads\/2022\/09\/sonuc-rapor.jpg","width":768,"height":512},{"@type":"BreadcrumbList","@id":"https:\/\/pilotgarageyenibosna.com\/hizmetlerimiz\/sonuc-rapor\/#breadcrumb","itemListElement":[{"@type":"ListItem","position":1,"name":"Home","item":"https:\/\/pilotgarageyenibosna.com\/"},{"@type":"ListItem","position":2,"name":"Hizmetlerimiz","item":"https:\/\/pilotgarageyenibosna.com\/hizmetlerimiz\/"},{"@type":"ListItem","position":3,"name":"Sonu\u00e7 Rapor"}]},{"@type":"WebSite","@id":"https:\/\/pilotgarageyenibosna.com\/#website","url":"https:\/\/pilotgarageyenibosna.com\/","name":"Pilot Garage Yenibosna - www.pilotgarageyenibosna.com","description":"Pilot Garage Yenibosna - www.pilotgarageyenibosna.com","publisher":{"@id":"https:\/\/pilotgarageyenibosna.com\/#organization"},"potentialAction":[{"@type":"SearchAction","target":{"@type":"EntryPoint","urlTemplate":"https:\/\/pilotgarageyenibosna.com\/?s={search_term_string}"},"query-input":{"@type":"PropertyValueSpecification","valueRequired":true,"valueName":"search_term_string"}}],"inLanguage":"tr"},{"@type":"Organization","@id":"https:\/\/pilotgarageyenibosna.com\/#organization","name":"Pilot Garage Yenibosna - www.pilotgarageyenibosna.com","url":"https:\/\/pilotgarageyenibosna.com\/","logo":{"@type":"ImageObject","inLanguage":"tr","@id":"https:\/\/pilotgarageyenibosna.com\/#\/schema\/logo\/image\/","url":"https:\/\/pilotgarageyenibosna.com\/wp-content\/uploads\/2022\/09\/pilot-garage-yenibosna-logo.png","contentUrl":"https:\/\/pilotgarageyenibosna.com\/wp-content\/uploads\/2022\/09\/pilot-garage-yenibosna-logo.png","width":300,"height":41,"caption":"Pilot Garage Yenibosna - www.pilotgarageyenibosna.com"},"image":{"@id":"https:\/\/pilotgarageyenibosna.com\/#\/schema\/logo\/image\/"}}]}},"_links":{"self":[{"href":"https:\/\/pilotgarageyenibosna.com\/index.php\/wp-json\/wp\/v2\/pages\/471","targetHints":{"allow":["GET"]}}],"collection":[{"href":"https:\/\/pilotgarageyenibosna.com\/index.php\/wp-json\/wp\/v2\/pages"}],"about":[{"href":"https:\/\/pilotgarageyenibosna.com\/index.php\/wp-json\/wp\/v2\/types\/page"}],"author":[{"embeddable":true,"href":"https:\/\/pilotgarageyenibosna.com\/index.php\/wp-json\/wp\/v2\/users\/1"}],"replies":[{"embeddable":true,"href":"https:\/\/pilotgarageyenibosna.com\/index.php\/wp-json\/wp\/v2\/comments?post=471"}],"version-history":[{"count":7,"href":"https:\/\/pilotgarageyenibosna.com\/index.php\/wp-json\/wp\/v2\/pages\/471\/revisions"}],"predecessor-version":[{"id":478,"href":"https:\/\/pilotgarageyenibosna.com\/index.php\/wp-json\/wp\/v2\/pages\/471\/revisions\/478"}],"up":[{"embeddable":true,"href":"https:\/\/pilotgarageyenibosna.com\/index.php\/wp-json\/wp\/v2\/pages\/369"}],"wp:attachment":[{"href":"https:\/\/pilotgarageyenibosna.com\/index.php\/wp-json\/wp\/v2\/media?parent=471"}],"curies":[{"name":"wp","href":"https:\/\/api.w.org\/{rel}","templated":true}]}}