{"id":458,"date":"2022-09-19T12:44:52","date_gmt":"2022-09-19T12:44:52","guid":{"rendered":"http:\/\/pilotgarageyenibosna.com\/?page_id=458"},"modified":"2022-09-19T12:46:49","modified_gmt":"2022-09-19T12:46:49","slug":"sonuc-rapor-2","status":"publish","type":"page","link":"https:\/\/pilotgarageyenibosna.com\/hizmetlerimiz\/mobil-oto-ekspertiz\/","title":{"rendered":"Mobil Oto Ekspertiz"},"content":{"rendered":"\t\t<div data-elementor-type=\"wp-page\" data-elementor-id=\"458\" class=\"elementor elementor-458\" data-elementor-post-type=\"page\">\n\t\t\t\t\t\t<section class=\"elementor-section elementor-top-section elementor-element elementor-element-2ecf1df elementor-section-full_width elementor-section-height-min-height elementor-section-height-default elementor-section-items-middle\" data-id=\"2ecf1df\" data-element_type=\"section\" data-e-type=\"section\" data-settings=\"{&quot;background_background&quot;:&quot;classic&quot;}\">\n\t\t\t\t\t\t\t<div class=\"elementor-background-overlay\"><\/div>\n\t\t\t\t\t\t\t<div class=\"elementor-container elementor-column-gap-default\">\n\t\t\t\t\t<div class=\"elementor-column elementor-col-100 elementor-top-column elementor-element elementor-element-f9010b8\" data-id=\"f9010b8\" data-element_type=\"column\" data-e-type=\"column\">\n\t\t\t<div class=\"elementor-widget-wrap elementor-element-populated\">\n\t\t\t\t\t\t<div class=\"elementor-element elementor-element-c8ccf0f elementor-widget elementor-widget-heading\" data-id=\"c8ccf0f\" data-element_type=\"widget\" data-e-type=\"widget\" data-widget_type=\"heading.default\">\n\t\t\t\t\t<h2 class=\"elementor-heading-title elementor-size-default\">MOB\u0130L OTO EKSPERT\u0130Z<\/h2>\t\t\t\t<\/div>\n\t\t\t\t\t<\/div>\n\t\t<\/div>\n\t\t\t\t\t<\/div>\n\t\t<\/section>\n\t\t\t\t<section class=\"elementor-section elementor-top-section elementor-element elementor-element-82f1cb6 elementor-section-boxed elementor-section-height-default elementor-section-height-default\" data-id=\"82f1cb6\" data-element_type=\"section\" data-e-type=\"section\">\n\t\t\t\t\t\t<div class=\"elementor-container elementor-column-gap-default\">\n\t\t\t\t\t<div class=\"elementor-column elementor-col-50 elementor-top-column elementor-element elementor-element-e7e9135\" data-id=\"e7e9135\" data-element_type=\"column\" data-e-type=\"column\">\n\t\t\t<div class=\"elementor-widget-wrap elementor-element-populated\">\n\t\t\t\t\t\t<div class=\"elementor-element elementor-element-50d6b20 elementor-widget elementor-widget-heading\" data-id=\"50d6b20\" data-element_type=\"widget\" data-e-type=\"widget\" data-widget_type=\"heading.default\">\n\t\t\t\t\t<h2 class=\"elementor-heading-title elementor-size-default\">Mobil Oto Ekspertiz<\/h2>\t\t\t\t<\/div>\n\t\t\t\t<div class=\"elementor-element elementor-element-bb70c70 elementor-widget elementor-widget-text-editor\" data-id=\"bb70c70\" data-element_type=\"widget\" data-e-type=\"widget\" data-widget_type=\"text-editor.default\">\n\t\t\t\t\t\t\t\t\t<p><strong>Mobil oto ekspertiz<\/strong> hizmetleri son g\u00fcnlerin en \u00e7ok tercih edilen hizmetleri aras\u0131nda bulunuyor. Ara\u00e7 al\u0131m i\u015flemleri s\u0131ras\u0131nda bu i\u015flemlerin pop\u00fclerli\u011fi her ge\u00e7en g\u00fcn g\u00fcn\u00fcm\u00fczde art\u0131\u015f g\u00f6stermi\u015f durumdad\u0131r. Firmam\u0131zda sizlere bu konuda favori hizmetler sunarak en h\u0131zl\u0131 ekspertiz raporu hizmetlerini sizlere vadediyor.\u00a0 Ara\u00e7 i\u00e7in tariflerimiz \u015fu \u015fekilde s\u0131ralanabilir;<\/p><ul><li>Ekonomik 1,<\/li><li>Ekonomik 2,<\/li><li>Standart Eksper,<\/li><\/ul><p>Ekspertiz birimi personellerimiz her a\u00e7\u0131dan sizlere en iyiyi sunmay\u0131 ba\u015faran g\u00fcn\u00fcm\u00fcz\u00fcn en pop\u00fcler hizmetleri olarak \u00f6n plandad\u0131r. Sistematik ko\u015fullar \u00e7er\u00e7evesi alt\u0131nda bir hizmet deneyiminden yararlanmak istiyorsan\u0131z firmam\u0131zdan randevu alabilirsiniz. Sizlere profesyonel bir hizmet olana\u011f\u0131 sunmak i\u00e7in profesyonel ko\u015fullar dahilinde- randevu sistemiyle hizmetler sunmay\u0131 ba\u015far\u0131yoruz. Hizmet saham\u0131z\u0131 her ge\u00e7en g\u00fcn yenileyerek sizlere fonksiyonel temelli hizmetler sunmay\u0131 vadediyoruz.<\/p>\t\t\t\t\t\t\t\t<\/div>\n\t\t\t\t<div class=\"elementor-element elementor-element-4e22448 elementor-widget elementor-widget-heading\" data-id=\"4e22448\" data-element_type=\"widget\" data-e-type=\"widget\" data-widget_type=\"heading.default\">\n\t\t\t\t\t<h2 class=\"elementor-heading-title elementor-size-default\">Mobil Oto Ekspertiz Hizmeti<\/h2>\t\t\t\t<\/div>\n\t\t\t\t<div class=\"elementor-element elementor-element-69396db elementor-widget elementor-widget-text-editor\" data-id=\"69396db\" data-element_type=\"widget\" data-e-type=\"widget\" data-widget_type=\"text-editor.default\">\n\t\t\t\t\t\t\t\t\t<p><strong>Mobil oto ekspertiz<\/strong> birimimiz sizlere sekt\u00f6r\u00fcn en profesyonel hizmetlerini sunmay\u0131 ba\u015faran kurumlar\u0131 aras\u0131nda lider marka stat\u00fcs\u00fcnde bulunuyor. Sigortal\u0131 bir ekspertiz birimi hizmeti almak istiyor ve bu alanda ayr\u0131cal\u0131kl\u0131 bir hizmetten yararlanmak istiyorsan\u0131z firmam\u0131z sizlere en iyiyi sa\u011fl\u0131yor. Randevu sistemiyle faaliyet g\u00f6steren firmam\u0131z geni\u015f standartlar kapsam\u0131nda sizlere isteneni sunmay\u0131 ba\u015far\u0131yor. Sunmu\u015f oldu\u011fumuz b\u00fct\u00fcn hizmetlerle ekspertiz alan\u0131nda fark\u0131m\u0131z\u0131 ortaya koyuyor ve kaliteyi \u00f6n plana \u00e7\u0131kart\u0131yoruz. M\u00fc\u015fteri memnuniyeti firmam\u0131z i\u00e7in en \u00f6nemli detay unsurlar\u0131 aras\u0131nda bulunuyor. Birinci s\u0131n\u0131f bir hizmet deneyiminden yararlanmak istiyorsan\u0131z sizlere bu alanda avantajl\u0131 ve ayr\u0131cal\u0131kl\u0131 bir hizmet potansiyeli sunmay\u0131 ba\u015far\u0131yoruz.<\/p>\t\t\t\t\t\t\t\t<\/div>\n\t\t\t\t<div class=\"elementor-element elementor-element-cfe9488 elementor-widget elementor-widget-heading\" data-id=\"cfe9488\" data-element_type=\"widget\" data-e-type=\"widget\" data-widget_type=\"heading.default\">\n\t\t\t\t\t<h2 class=\"elementor-heading-title elementor-size-default\">Mobil Oto Ekspertiz Cazip Fiyatlar<\/h2>\t\t\t\t<\/div>\n\t\t\t\t<div class=\"elementor-element elementor-element-d97b3c6 elementor-widget elementor-widget-text-editor\" data-id=\"d97b3c6\" data-element_type=\"widget\" data-e-type=\"widget\" data-widget_type=\"text-editor.default\">\n\t\t\t\t\t\t\t\t\t<p>F\u0131rsatlarla dolu indirim olanaklar\u0131na sahip bir firmadan hizmetler almak sizlere her a\u00e7\u0131dan avantajlar sa\u011flayacakt\u0131r. Sizlere bu alanda sunmu\u015f oldu\u011fumuz 7-24 oto ekspertiz hizmetleriyle sekt\u00f6r\u00fcn en iyi hizmetlerini sizlere nitelikli ko\u015fullarda sunmay\u0131 ba\u015far\u0131yoruz. Firmam\u0131zla irtibata ge\u00e7erek siz de en iyi hizmetlerden yararlanma olanaklar\u0131na sahip olabilirsiniz. Sizlere bu alanda h\u0131zl\u0131 ekspertiz raporu hizmetini ara\u00e7 ar\u0131za tespit cihaz\u0131yla sunuyoruz. B\u00f6ylelikle her a\u00e7\u0131dan sizlere istedi\u011finizi veriyoruz. Firmam\u0131z \u00fczerinden alaca\u011f\u0131n\u0131z hizmetlerin tamam\u0131 uluslararas\u0131 olanaklara sahip hizmetler b\u00fct\u00fcn\u00fc olarak \u00f6n plana \u00e7\u0131kmay\u0131 ba\u015far\u0131yor. S\u0131n\u0131rs\u0131z olanaklarda bir hizmetten yararlanmak isteyenlere en iyiyi firmam\u0131z sizlere sunmay\u0131 ba\u015far\u0131yor ve kaliteyi sizlere sa\u011fl\u0131yor.<\/p>\t\t\t\t\t\t\t\t<\/div>\n\t\t\t\t\t<\/div>\n\t\t<\/div>\n\t\t\t\t<div class=\"elementor-column elementor-col-50 elementor-top-column elementor-element elementor-element-dd44bf7\" data-id=\"dd44bf7\" data-element_type=\"column\" data-e-type=\"column\">\n\t\t\t<div class=\"elementor-widget-wrap elementor-element-populated\">\n\t\t\t\t\t\t<div class=\"elementor-element elementor-element-6c81e32 elementor-widget elementor-widget-image\" data-id=\"6c81e32\" data-element_type=\"widget\" data-e-type=\"widget\" data-widget_type=\"image.default\">\n\t\t\t\t\t\t\t\t\t\t\t\t\t\t\t<img fetchpriority=\"high\" decoding=\"async\" width=\"768\" height=\"512\" src=\"https:\/\/pilotgarageyenibosna.com\/wp-content\/uploads\/2022\/09\/mobil-oto-ekspertiz.jpg\" class=\"attachment-large size-large wp-image-389\" alt=\"\" srcset=\"https:\/\/pilotgarageyenibosna.com\/wp-content\/uploads\/2022\/09\/mobil-oto-ekspertiz.jpg 768w, https:\/\/pilotgarageyenibosna.com\/wp-content\/uploads\/2022\/09\/mobil-oto-ekspertiz-300x200.jpg 300w\" sizes=\"(max-width: 768px) 100vw, 768px\" \/>\t\t\t\t\t\t\t\t\t\t\t\t\t\t\t<\/div>\n\t\t\t\t\t<\/div>\n\t\t<\/div>\n\t\t\t\t\t<\/div>\n\t\t<\/section>\n\t\t\t\t<\/div>\n\t\t","protected":false},"excerpt":{"rendered":"<p>MOB\u0130L OTO EKSPERT\u0130Z Mobil Oto Ekspertiz Mobil oto ekspertiz hizmetleri son g\u00fcnlerin en \u00e7ok tercih edilen hizmetleri aras\u0131nda bulunuyor. Ara\u00e7 al\u0131m i\u015flemleri s\u0131ras\u0131nda bu i\u015flemlerin pop\u00fclerli\u011fi her ge\u00e7en g\u00fcn g\u00fcn\u00fcm\u00fczde art\u0131\u015f g\u00f6stermi\u015f durumdad\u0131r. Firmam\u0131zda sizlere bu konuda favori hizmetler sunarak en h\u0131zl\u0131 ekspertiz raporu hizmetlerini sizlere vadediyor.\u00a0 Ara\u00e7 i\u00e7in tariflerimiz \u015fu \u015fekilde s\u0131ralanabilir; Ekonomik 1, [&hellip;]<\/p>\n","protected":false},"author":1,"featured_media":0,"parent":369,"menu_order":0,"comment_status":"closed","ping_status":"closed","template":"","meta":{"footnotes":""},"class_list":["post-458","page","type-page","status-publish","hentry"],"yoast_head":"<!-- This site is optimized with the Yoast SEO plugin v27.4 - https:\/\/yoast.com\/product\/yoast-seo-wordpress\/ -->\n<title>Mobil Oto Ekspertiz - Pilot Garage Yenibosna - www.pilotgarageyenibosna.com<\/title>\n<meta name=\"robots\" content=\"index, follow, max-snippet:-1, max-image-preview:large, max-video-preview:-1\" \/>\n<link rel=\"canonical\" href=\"https:\/\/pilotgarageyenibosna.com\/hizmetlerimiz\/mobil-oto-ekspertiz\/\" \/>\n<meta property=\"og:locale\" content=\"tr_TR\" \/>\n<meta property=\"og:type\" content=\"article\" \/>\n<meta property=\"og:title\" content=\"Mobil Oto Ekspertiz - Pilot Garage Yenibosna - www.pilotgarageyenibosna.com\" \/>\n<meta property=\"og:description\" content=\"MOB\u0130L OTO EKSPERT\u0130Z Mobil Oto Ekspertiz Mobil oto ekspertiz hizmetleri son g\u00fcnlerin en \u00e7ok tercih edilen hizmetleri aras\u0131nda bulunuyor. Ara\u00e7 al\u0131m i\u015flemleri s\u0131ras\u0131nda bu i\u015flemlerin pop\u00fclerli\u011fi her ge\u00e7en g\u00fcn g\u00fcn\u00fcm\u00fczde art\u0131\u015f g\u00f6stermi\u015f durumdad\u0131r. Firmam\u0131zda sizlere bu konuda favori hizmetler sunarak en h\u0131zl\u0131 ekspertiz raporu hizmetlerini sizlere vadediyor.\u00a0 Ara\u00e7 i\u00e7in tariflerimiz \u015fu \u015fekilde s\u0131ralanabilir; Ekonomik 1, [&hellip;]\" \/>\n<meta property=\"og:url\" content=\"https:\/\/pilotgarageyenibosna.com\/hizmetlerimiz\/mobil-oto-ekspertiz\/\" \/>\n<meta property=\"og:site_name\" content=\"Pilot Garage Yenibosna - www.pilotgarageyenibosna.com\" \/>\n<meta property=\"article:modified_time\" content=\"2022-09-19T12:46:49+00:00\" \/>\n<meta property=\"og:image\" content=\"http:\/\/pilotgarageyenibosna.com\/wp-content\/uploads\/2022\/09\/mobil-oto-ekspertiz.jpg\" \/>\n<meta name=\"twitter:card\" content=\"summary_large_image\" \/>\n<meta name=\"twitter:label1\" content=\"Tahmini okuma s\u00fcresi\" \/>\n\t<meta name=\"twitter:data1\" content=\"3 dakika\" \/>\n<script type=\"application\/ld+json\" class=\"yoast-schema-graph\">{\"@context\":\"https:\\\/\\\/schema.org\",\"@graph\":[{\"@type\":\"WebPage\",\"@id\":\"https:\\\/\\\/pilotgarageyenibosna.com\\\/hizmetlerimiz\\\/mobil-oto-ekspertiz\\\/\",\"url\":\"https:\\\/\\\/pilotgarageyenibosna.com\\\/hizmetlerimiz\\\/mobil-oto-ekspertiz\\\/\",\"name\":\"Mobil Oto Ekspertiz - Pilot Garage Yenibosna - www.pilotgarageyenibosna.com\",\"isPartOf\":{\"@id\":\"https:\\\/\\\/pilotgarageyenibosna.com\\\/#website\"},\"primaryImageOfPage\":{\"@id\":\"https:\\\/\\\/pilotgarageyenibosna.com\\\/hizmetlerimiz\\\/mobil-oto-ekspertiz\\\/#primaryimage\"},\"image\":{\"@id\":\"https:\\\/\\\/pilotgarageyenibosna.com\\\/hizmetlerimiz\\\/mobil-oto-ekspertiz\\\/#primaryimage\"},\"thumbnailUrl\":\"http:\\\/\\\/pilotgarageyenibosna.com\\\/wp-content\\\/uploads\\\/2022\\\/09\\\/mobil-oto-ekspertiz.jpg\",\"datePublished\":\"2022-09-19T12:44:52+00:00\",\"dateModified\":\"2022-09-19T12:46:49+00:00\",\"breadcrumb\":{\"@id\":\"https:\\\/\\\/pilotgarageyenibosna.com\\\/hizmetlerimiz\\\/mobil-oto-ekspertiz\\\/#breadcrumb\"},\"inLanguage\":\"tr\",\"potentialAction\":[{\"@type\":\"ReadAction\",\"target\":[\"https:\\\/\\\/pilotgarageyenibosna.com\\\/hizmetlerimiz\\\/mobil-oto-ekspertiz\\\/\"]}]},{\"@type\":\"ImageObject\",\"inLanguage\":\"tr\",\"@id\":\"https:\\\/\\\/pilotgarageyenibosna.com\\\/hizmetlerimiz\\\/mobil-oto-ekspertiz\\\/#primaryimage\",\"url\":\"https:\\\/\\\/pilotgarageyenibosna.com\\\/wp-content\\\/uploads\\\/2022\\\/09\\\/mobil-oto-ekspertiz.jpg\",\"contentUrl\":\"https:\\\/\\\/pilotgarageyenibosna.com\\\/wp-content\\\/uploads\\\/2022\\\/09\\\/mobil-oto-ekspertiz.jpg\",\"width\":768,\"height\":512},{\"@type\":\"BreadcrumbList\",\"@id\":\"https:\\\/\\\/pilotgarageyenibosna.com\\\/hizmetlerimiz\\\/mobil-oto-ekspertiz\\\/#breadcrumb\",\"itemListElement\":[{\"@type\":\"ListItem\",\"position\":1,\"name\":\"Home\",\"item\":\"https:\\\/\\\/pilotgarageyenibosna.com\\\/\"},{\"@type\":\"ListItem\",\"position\":2,\"name\":\"Hizmetlerimiz\",\"item\":\"https:\\\/\\\/pilotgarageyenibosna.com\\\/hizmetlerimiz\\\/\"},{\"@type\":\"ListItem\",\"position\":3,\"name\":\"Mobil Oto Ekspertiz\"}]},{\"@type\":\"WebSite\",\"@id\":\"https:\\\/\\\/pilotgarageyenibosna.com\\\/#website\",\"url\":\"https:\\\/\\\/pilotgarageyenibosna.com\\\/\",\"name\":\"Pilot Garage Yenibosna - www.pilotgarageyenibosna.com\",\"description\":\"Pilot Garage Yenibosna - www.pilotgarageyenibosna.com\",\"publisher\":{\"@id\":\"https:\\\/\\\/pilotgarageyenibosna.com\\\/#organization\"},\"potentialAction\":[{\"@type\":\"SearchAction\",\"target\":{\"@type\":\"EntryPoint\",\"urlTemplate\":\"https:\\\/\\\/pilotgarageyenibosna.com\\\/?s={search_term_string}\"},\"query-input\":{\"@type\":\"PropertyValueSpecification\",\"valueRequired\":true,\"valueName\":\"search_term_string\"}}],\"inLanguage\":\"tr\"},{\"@type\":\"Organization\",\"@id\":\"https:\\\/\\\/pilotgarageyenibosna.com\\\/#organization\",\"name\":\"Pilot Garage Yenibosna - www.pilotgarageyenibosna.com\",\"url\":\"https:\\\/\\\/pilotgarageyenibosna.com\\\/\",\"logo\":{\"@type\":\"ImageObject\",\"inLanguage\":\"tr\",\"@id\":\"https:\\\/\\\/pilotgarageyenibosna.com\\\/#\\\/schema\\\/logo\\\/image\\\/\",\"url\":\"https:\\\/\\\/pilotgarageyenibosna.com\\\/wp-content\\\/uploads\\\/2022\\\/09\\\/pilot-garage-yenibosna-logo.png\",\"contentUrl\":\"https:\\\/\\\/pilotgarageyenibosna.com\\\/wp-content\\\/uploads\\\/2022\\\/09\\\/pilot-garage-yenibosna-logo.png\",\"width\":300,\"height\":41,\"caption\":\"Pilot Garage Yenibosna - www.pilotgarageyenibosna.com\"},\"image\":{\"@id\":\"https:\\\/\\\/pilotgarageyenibosna.com\\\/#\\\/schema\\\/logo\\\/image\\\/\"}}]}<\/script>\n<!-- \/ Yoast SEO plugin. -->","yoast_head_json":{"title":"Mobil Oto Ekspertiz - Pilot Garage Yenibosna - www.pilotgarageyenibosna.com","robots":{"index":"index","follow":"follow","max-snippet":"max-snippet:-1","max-image-preview":"max-image-preview:large","max-video-preview":"max-video-preview:-1"},"canonical":"https:\/\/pilotgarageyenibosna.com\/hizmetlerimiz\/mobil-oto-ekspertiz\/","og_locale":"tr_TR","og_type":"article","og_title":"Mobil Oto Ekspertiz - Pilot Garage Yenibosna - www.pilotgarageyenibosna.com","og_description":"MOB\u0130L OTO EKSPERT\u0130Z Mobil Oto Ekspertiz Mobil oto ekspertiz hizmetleri son g\u00fcnlerin en \u00e7ok tercih edilen hizmetleri aras\u0131nda bulunuyor. Ara\u00e7 al\u0131m i\u015flemleri s\u0131ras\u0131nda bu i\u015flemlerin pop\u00fclerli\u011fi her ge\u00e7en g\u00fcn g\u00fcn\u00fcm\u00fczde art\u0131\u015f g\u00f6stermi\u015f durumdad\u0131r. Firmam\u0131zda sizlere bu konuda favori hizmetler sunarak en h\u0131zl\u0131 ekspertiz raporu hizmetlerini sizlere vadediyor.\u00a0 Ara\u00e7 i\u00e7in tariflerimiz \u015fu \u015fekilde s\u0131ralanabilir; Ekonomik 1, [&hellip;]","og_url":"https:\/\/pilotgarageyenibosna.com\/hizmetlerimiz\/mobil-oto-ekspertiz\/","og_site_name":"Pilot Garage Yenibosna - www.pilotgarageyenibosna.com","article_modified_time":"2022-09-19T12:46:49+00:00","og_image":[{"url":"http:\/\/pilotgarageyenibosna.com\/wp-content\/uploads\/2022\/09\/mobil-oto-ekspertiz.jpg","type":"","width":"","height":""}],"twitter_card":"summary_large_image","twitter_misc":{"Tahmini okuma s\u00fcresi":"3 dakika"},"schema":{"@context":"https:\/\/schema.org","@graph":[{"@type":"WebPage","@id":"https:\/\/pilotgarageyenibosna.com\/hizmetlerimiz\/mobil-oto-ekspertiz\/","url":"https:\/\/pilotgarageyenibosna.com\/hizmetlerimiz\/mobil-oto-ekspertiz\/","name":"Mobil Oto Ekspertiz - Pilot Garage Yenibosna - www.pilotgarageyenibosna.com","isPartOf":{"@id":"https:\/\/pilotgarageyenibosna.com\/#website"},"primaryImageOfPage":{"@id":"https:\/\/pilotgarageyenibosna.com\/hizmetlerimiz\/mobil-oto-ekspertiz\/#primaryimage"},"image":{"@id":"https:\/\/pilotgarageyenibosna.com\/hizmetlerimiz\/mobil-oto-ekspertiz\/#primaryimage"},"thumbnailUrl":"http:\/\/pilotgarageyenibosna.com\/wp-content\/uploads\/2022\/09\/mobil-oto-ekspertiz.jpg","datePublished":"2022-09-19T12:44:52+00:00","dateModified":"2022-09-19T12:46:49+00:00","breadcrumb":{"@id":"https:\/\/pilotgarageyenibosna.com\/hizmetlerimiz\/mobil-oto-ekspertiz\/#breadcrumb"},"inLanguage":"tr","potentialAction":[{"@type":"ReadAction","target":["https:\/\/pilotgarageyenibosna.com\/hizmetlerimiz\/mobil-oto-ekspertiz\/"]}]},{"@type":"ImageObject","inLanguage":"tr","@id":"https:\/\/pilotgarageyenibosna.com\/hizmetlerimiz\/mobil-oto-ekspertiz\/#primaryimage","url":"https:\/\/pilotgarageyenibosna.com\/wp-content\/uploads\/2022\/09\/mobil-oto-ekspertiz.jpg","contentUrl":"https:\/\/pilotgarageyenibosna.com\/wp-content\/uploads\/2022\/09\/mobil-oto-ekspertiz.jpg","width":768,"height":512},{"@type":"BreadcrumbList","@id":"https:\/\/pilotgarageyenibosna.com\/hizmetlerimiz\/mobil-oto-ekspertiz\/#breadcrumb","itemListElement":[{"@type":"ListItem","position":1,"name":"Home","item":"https:\/\/pilotgarageyenibosna.com\/"},{"@type":"ListItem","position":2,"name":"Hizmetlerimiz","item":"https:\/\/pilotgarageyenibosna.com\/hizmetlerimiz\/"},{"@type":"ListItem","position":3,"name":"Mobil Oto Ekspertiz"}]},{"@type":"WebSite","@id":"https:\/\/pilotgarageyenibosna.com\/#website","url":"https:\/\/pilotgarageyenibosna.com\/","name":"Pilot Garage Yenibosna - www.pilotgarageyenibosna.com","description":"Pilot Garage Yenibosna - www.pilotgarageyenibosna.com","publisher":{"@id":"https:\/\/pilotgarageyenibosna.com\/#organization"},"potentialAction":[{"@type":"SearchAction","target":{"@type":"EntryPoint","urlTemplate":"https:\/\/pilotgarageyenibosna.com\/?s={search_term_string}"},"query-input":{"@type":"PropertyValueSpecification","valueRequired":true,"valueName":"search_term_string"}}],"inLanguage":"tr"},{"@type":"Organization","@id":"https:\/\/pilotgarageyenibosna.com\/#organization","name":"Pilot Garage Yenibosna - www.pilotgarageyenibosna.com","url":"https:\/\/pilotgarageyenibosna.com\/","logo":{"@type":"ImageObject","inLanguage":"tr","@id":"https:\/\/pilotgarageyenibosna.com\/#\/schema\/logo\/image\/","url":"https:\/\/pilotgarageyenibosna.com\/wp-content\/uploads\/2022\/09\/pilot-garage-yenibosna-logo.png","contentUrl":"https:\/\/pilotgarageyenibosna.com\/wp-content\/uploads\/2022\/09\/pilot-garage-yenibosna-logo.png","width":300,"height":41,"caption":"Pilot Garage Yenibosna - www.pilotgarageyenibosna.com"},"image":{"@id":"https:\/\/pilotgarageyenibosna.com\/#\/schema\/logo\/image\/"}}]}},"_links":{"self":[{"href":"https:\/\/pilotgarageyenibosna.com\/index.php\/wp-json\/wp\/v2\/pages\/458","targetHints":{"allow":["GET"]}}],"collection":[{"href":"https:\/\/pilotgarageyenibosna.com\/index.php\/wp-json\/wp\/v2\/pages"}],"about":[{"href":"https:\/\/pilotgarageyenibosna.com\/index.php\/wp-json\/wp\/v2\/types\/page"}],"author":[{"embeddable":true,"href":"https:\/\/pilotgarageyenibosna.com\/index.php\/wp-json\/wp\/v2\/users\/1"}],"replies":[{"embeddable":true,"href":"https:\/\/pilotgarageyenibosna.com\/index.php\/wp-json\/wp\/v2\/comments?post=458"}],"version-history":[{"count":11,"href":"https:\/\/pilotgarageyenibosna.com\/index.php\/wp-json\/wp\/v2\/pages\/458\/revisions"}],"predecessor-version":[{"id":470,"href":"https:\/\/pilotgarageyenibosna.com\/index.php\/wp-json\/wp\/v2\/pages\/458\/revisions\/470"}],"up":[{"embeddable":true,"href":"https:\/\/pilotgarageyenibosna.com\/index.php\/wp-json\/wp\/v2\/pages\/369"}],"wp:attachment":[{"href":"https:\/\/pilotgarageyenibosna.com\/index.php\/wp-json\/wp\/v2\/media?parent=458"}],"curies":[{"name":"wp","href":"https:\/\/api.w.org\/{rel}","templated":true}]}}