{"id":453,"date":"2022-09-19T12:42:38","date_gmt":"2022-09-19T12:42:38","guid":{"rendered":"http:\/\/pilotgarageyenibosna.com\/?page_id=453"},"modified":"2022-09-19T12:44:04","modified_gmt":"2022-09-19T12:44:04","slug":"ic-dis-ekspertiz-2","status":"publish","type":"page","link":"https:\/\/pilotgarageyenibosna.com\/hizmetlerimiz\/ic-dis-ekspertiz\/","title":{"rendered":"\u0130\u00e7 \/ D\u0131\u015f Ekspertiz"},"content":{"rendered":"\t\t<div data-elementor-type=\"wp-page\" data-elementor-id=\"453\" class=\"elementor elementor-453\" data-elementor-post-type=\"page\">\n\t\t\t\t\t\t<section class=\"elementor-section elementor-top-section elementor-element elementor-element-2ecf1df elementor-section-full_width elementor-section-height-min-height elementor-section-height-default elementor-section-items-middle\" data-id=\"2ecf1df\" data-element_type=\"section\" data-e-type=\"section\" data-settings=\"{&quot;background_background&quot;:&quot;classic&quot;}\">\n\t\t\t\t\t\t\t<div class=\"elementor-background-overlay\"><\/div>\n\t\t\t\t\t\t\t<div class=\"elementor-container elementor-column-gap-default\">\n\t\t\t\t\t<div class=\"elementor-column elementor-col-100 elementor-top-column elementor-element elementor-element-f9010b8\" data-id=\"f9010b8\" data-element_type=\"column\" data-e-type=\"column\">\n\t\t\t<div class=\"elementor-widget-wrap elementor-element-populated\">\n\t\t\t\t\t\t<div class=\"elementor-element elementor-element-c8ccf0f elementor-widget elementor-widget-heading\" data-id=\"c8ccf0f\" data-element_type=\"widget\" data-e-type=\"widget\" data-widget_type=\"heading.default\">\n\t\t\t\t\t<h2 class=\"elementor-heading-title elementor-size-default\">\u0130\u00c7 \/ DI\u015e EKSPERT\u0130Z<\/h2>\t\t\t\t<\/div>\n\t\t\t\t\t<\/div>\n\t\t<\/div>\n\t\t\t\t\t<\/div>\n\t\t<\/section>\n\t\t\t\t<section class=\"elementor-section elementor-top-section elementor-element elementor-element-82f1cb6 elementor-section-boxed elementor-section-height-default elementor-section-height-default\" data-id=\"82f1cb6\" data-element_type=\"section\" data-e-type=\"section\">\n\t\t\t\t\t\t<div class=\"elementor-container elementor-column-gap-default\">\n\t\t\t\t\t<div class=\"elementor-column elementor-col-50 elementor-top-column elementor-element elementor-element-e7e9135\" data-id=\"e7e9135\" data-element_type=\"column\" data-e-type=\"column\">\n\t\t\t<div class=\"elementor-widget-wrap elementor-element-populated\">\n\t\t\t\t\t\t<div class=\"elementor-element elementor-element-50d6b20 elementor-widget elementor-widget-heading\" data-id=\"50d6b20\" data-element_type=\"widget\" data-e-type=\"widget\" data-widget_type=\"heading.default\">\n\t\t\t\t\t<h2 class=\"elementor-heading-title elementor-size-default\">\u0130\u00e7 \/ D\u0131\u015f Ekspertiz<\/h2>\t\t\t\t<\/div>\n\t\t\t\t<div class=\"elementor-element elementor-element-bb70c70 elementor-widget elementor-widget-text-editor\" data-id=\"bb70c70\" data-element_type=\"widget\" data-e-type=\"widget\" data-widget_type=\"text-editor.default\">\n\t\t\t\t\t\t\t\t\t<p><strong>\u0130\u00e7 d\u0131\u015f ekspertiz<\/strong> hizmetleri g\u00fcn\u00fcm\u00fczde ara\u00e7- al\u0131m sat\u0131m i\u015flemlerinde kullan\u0131lan hizmetler aras\u0131nda bulunuyor. Bu hizmetler bir\u00e7ok a\u00e7\u0131dan ki\u015filere avantajlar sa\u011fl\u0131yor. Firmam\u0131z ekspertiz hizmetleriyle sekt\u00f6rde ayr\u0131cal\u0131kl\u0131 bir konumda bulunuyor. Sizlere sunmu\u015f oldu\u011fumuz hizmetlerle her daim sizlere isteneni sunuyoruz. \u0130\u00e7 ekspertiz kapsam\u0131nda sizlere;<\/p><ul><li>Airbag kontrol\u00fc,<\/li><li>\u0130\u00e7 konsol- torpido kontrolleri,<\/li><li>Korna kontrol,<\/li><li>Direksiyon kontrol,<\/li><li>Emniyet kemeri kontrolleri,<\/li><li>Klima kontrolleri,<\/li><li>Camlar i\u00e7inde ayna motorlar\u0131 kontrolleri,<\/li><li>Direksiyon i\u00e7 mafsal bo\u015fluk kontrolleri,<\/li><li>Vites kontrol,<\/li><li>\u0130\u00e7 ayd\u0131nlatma kontrolleri,<\/li><li>D\u00f6\u015feme ve aksesuar kontrolleri,<\/li><\/ul><p>Ekspertiz birimi hizmetlerimiz kapsam\u0131nda sizlere en iyiyi sunmay\u0131 ba\u015far\u0131yor ve sizlere kaliteli bir hizmet olana\u011f\u0131 sunmay\u0131 ba\u015far\u0131yoruz. Firmam\u0131zdan alaca\u011f\u0131n\u0131z hizmetlerin tamam\u0131 kaliteli hizmet standartlar\u0131 kapsam\u0131nda ger\u00e7ekle\u015fen hizmetler b\u00fct\u00fcn\u00fcd\u00fcr.<\/p>\t\t\t\t\t\t\t\t<\/div>\n\t\t\t\t<div class=\"elementor-element elementor-element-4e22448 elementor-widget elementor-widget-heading\" data-id=\"4e22448\" data-element_type=\"widget\" data-e-type=\"widget\" data-widget_type=\"heading.default\">\n\t\t\t\t\t<h2 class=\"elementor-heading-title elementor-size-default\">D\u0131\u015f Ekspertiz Hizmetleri<\/h2>\t\t\t\t<\/div>\n\t\t\t\t<div class=\"elementor-element elementor-element-69396db elementor-widget elementor-widget-text-editor\" data-id=\"69396db\" data-element_type=\"widget\" data-e-type=\"widget\" data-widget_type=\"text-editor.default\">\n\t\t\t\t\t\t\t\t\t<p><strong>\u0130\u00e7 d\u0131\u015f ekspertiz<\/strong> hizmetleri kapsam\u0131nda firmam\u0131z sizlere geni\u015f standartlarda en iyi hizmetleri sunuyor. Her a\u00e7\u0131dan sizlere kaliteli bir hizmet olana\u011f\u0131 sunarak bu alanda fark\u0131m\u0131z\u0131 ortaya koyuyoruz. Bizlerden alaca\u011f\u0131n\u0131z hizmetlerle her daim ilgileri \u00fczerine \u00e7ekmeyi ba\u015faran bir kurum olarak \u00f6n plana \u00e7\u0131k\u0131yoruz.\u00a0 D\u0131\u015f ekspertiz hizmetleri kapsam\u0131nda sizlere;<\/p><ul><li>Lastik tarihleri d\u0131\u015f derinlik kontrolleri,<\/li><li>Far y\u0131kama sistemleri,<\/li><li>Park lambalar\u0131,<\/li><li>Sis,<\/li><li>Far,<\/li><li>Stoplar kontrolleri,<\/li><li>Jant,<\/li><li>D\u0131\u015f aksesuar,<\/li><li>Silecek kolu,<\/li><\/ul><p>Gibi alanlarda sizlere avantajl\u0131 hizmetler sunmay\u0131 ba\u015faran bir kurum olarak tan\u0131n\u0131yoruz. Firmam\u0131z bu y\u00f6nde sizlere en iyiyi sunmay\u0131 ba\u015faran geni\u015f standartlarda faaliyet g\u00f6steren bir kurum olarak tan\u0131n\u0131yor. Bizlerden alaca\u011f\u0131n\u0131z hizmetlerin tamam\u0131 birinci s\u0131n\u0131f hizmet standartlar\u0131na sahiptir.<\/p>\t\t\t\t\t\t\t\t<\/div>\n\t\t\t\t<div class=\"elementor-element elementor-element-cfe9488 elementor-widget elementor-widget-heading\" data-id=\"cfe9488\" data-element_type=\"widget\" data-e-type=\"widget\" data-widget_type=\"heading.default\">\n\t\t\t\t\t<h2 class=\"elementor-heading-title elementor-size-default\">Neden Biz<\/h2>\t\t\t\t<\/div>\n\t\t\t\t<div class=\"elementor-element elementor-element-d97b3c6 elementor-widget elementor-widget-text-editor\" data-id=\"d97b3c6\" data-element_type=\"widget\" data-e-type=\"widget\" data-widget_type=\"text-editor.default\">\n\t\t\t\t\t\t\t\t\t<p><strong>\u0130\u00e7 d\u0131\u015f ekspertiz<\/strong> birimi hizmetleri uzmanl\u0131k gerektiren bir sahaya hizmet ediyor. Dolay\u0131s\u0131yla bu alanda alaca\u011f\u0131n\u0131z hizmetlerin profesyonel hizmet standartlar\u0131na mahsus hizmetler olmas\u0131 son derece \u00f6nemli bir s\u00fcreci te\u015fkil ediyor. Kurumsal temelli bir hizmet olana\u011f\u0131n\u0131 sizlere sunan kurumumuz her a\u00e7\u0131dan sizlere bu alanda f\u0131rsatlarla dolu bir hizmet imk\u00e2n\u0131 sa\u011fl\u0131yor. Firmam\u0131zdan alaca\u011f\u0131n\u0131z hizmetlerin tamam\u0131 kaliteyi \u00f6n plana \u00e7\u0131karan hizmetler oldu\u011fu i\u00e7in tercih edilen bir kurum olarak \u00f6n planda bulunuyoruz. Kaliteli bir hizmet deneyiminden yararlanmak istiyorsan\u0131z bu alanda bizlerden hizmetler alabilir ve kaliteli bir hizmet avantajlar\u0131na sahip olabilirsiniz. Kurumsal temelli bir hizmet deneyiminden yararlanmak isteyenlerin ilk tercihi biz oluyoruz.<\/p>\t\t\t\t\t\t\t\t<\/div>\n\t\t\t\t\t<\/div>\n\t\t<\/div>\n\t\t\t\t<div class=\"elementor-column elementor-col-50 elementor-top-column elementor-element elementor-element-dd44bf7\" data-id=\"dd44bf7\" data-element_type=\"column\" data-e-type=\"column\">\n\t\t\t<div class=\"elementor-widget-wrap elementor-element-populated\">\n\t\t\t\t\t\t<div class=\"elementor-element elementor-element-6c81e32 elementor-widget elementor-widget-image\" data-id=\"6c81e32\" data-element_type=\"widget\" data-e-type=\"widget\" data-widget_type=\"image.default\">\n\t\t\t\t\t\t\t\t\t\t\t\t\t\t\t<img fetchpriority=\"high\" decoding=\"async\" width=\"768\" height=\"512\" src=\"https:\/\/pilotgarageyenibosna.com\/wp-content\/uploads\/2022\/09\/ic-dis-ekspertiz.jpg\" class=\"attachment-large size-large wp-image-388\" alt=\"\" srcset=\"https:\/\/pilotgarageyenibosna.com\/wp-content\/uploads\/2022\/09\/ic-dis-ekspertiz.jpg 768w, https:\/\/pilotgarageyenibosna.com\/wp-content\/uploads\/2022\/09\/ic-dis-ekspertiz-300x200.jpg 300w\" sizes=\"(max-width: 768px) 100vw, 768px\" \/>\t\t\t\t\t\t\t\t\t\t\t\t\t\t\t<\/div>\n\t\t\t\t\t<\/div>\n\t\t<\/div>\n\t\t\t\t\t<\/div>\n\t\t<\/section>\n\t\t\t\t<\/div>\n\t\t","protected":false},"excerpt":{"rendered":"<p>\u0130\u00c7 \/ DI\u015e EKSPERT\u0130Z \u0130\u00e7 \/ D\u0131\u015f Ekspertiz \u0130\u00e7 d\u0131\u015f ekspertiz hizmetleri g\u00fcn\u00fcm\u00fczde ara\u00e7- al\u0131m sat\u0131m i\u015flemlerinde kullan\u0131lan hizmetler aras\u0131nda bulunuyor. Bu hizmetler bir\u00e7ok a\u00e7\u0131dan ki\u015filere avantajlar sa\u011fl\u0131yor. Firmam\u0131z ekspertiz hizmetleriyle sekt\u00f6rde ayr\u0131cal\u0131kl\u0131 bir konumda bulunuyor. Sizlere sunmu\u015f oldu\u011fumuz hizmetlerle her daim sizlere isteneni sunuyoruz. \u0130\u00e7 ekspertiz kapsam\u0131nda sizlere; Airbag kontrol\u00fc, \u0130\u00e7 konsol- torpido kontrolleri, [&hellip;]<\/p>\n","protected":false},"author":1,"featured_media":0,"parent":369,"menu_order":0,"comment_status":"closed","ping_status":"closed","template":"","meta":{"footnotes":""},"class_list":["post-453","page","type-page","status-publish","hentry"],"yoast_head":"<!-- This site is optimized with the Yoast SEO plugin v27.4 - https:\/\/yoast.com\/product\/yoast-seo-wordpress\/ -->\n<title>\u0130\u00e7 \/ D\u0131\u015f Ekspertiz - Pilot Garage Yenibosna - www.pilotgarageyenibosna.com<\/title>\n<meta name=\"robots\" content=\"index, follow, max-snippet:-1, max-image-preview:large, max-video-preview:-1\" \/>\n<link rel=\"canonical\" href=\"https:\/\/pilotgarageyenibosna.com\/hizmetlerimiz\/ic-dis-ekspertiz\/\" \/>\n<meta property=\"og:locale\" content=\"tr_TR\" \/>\n<meta property=\"og:type\" content=\"article\" \/>\n<meta property=\"og:title\" content=\"\u0130\u00e7 \/ D\u0131\u015f Ekspertiz - Pilot Garage Yenibosna - www.pilotgarageyenibosna.com\" \/>\n<meta property=\"og:description\" content=\"\u0130\u00c7 \/ DI\u015e EKSPERT\u0130Z \u0130\u00e7 \/ D\u0131\u015f Ekspertiz \u0130\u00e7 d\u0131\u015f ekspertiz hizmetleri g\u00fcn\u00fcm\u00fczde ara\u00e7- al\u0131m sat\u0131m i\u015flemlerinde kullan\u0131lan hizmetler aras\u0131nda bulunuyor. Bu hizmetler bir\u00e7ok a\u00e7\u0131dan ki\u015filere avantajlar sa\u011fl\u0131yor. Firmam\u0131z ekspertiz hizmetleriyle sekt\u00f6rde ayr\u0131cal\u0131kl\u0131 bir konumda bulunuyor. Sizlere sunmu\u015f oldu\u011fumuz hizmetlerle her daim sizlere isteneni sunuyoruz. \u0130\u00e7 ekspertiz kapsam\u0131nda sizlere; Airbag kontrol\u00fc, \u0130\u00e7 konsol- torpido kontrolleri, [&hellip;]\" \/>\n<meta property=\"og:url\" content=\"https:\/\/pilotgarageyenibosna.com\/hizmetlerimiz\/ic-dis-ekspertiz\/\" \/>\n<meta property=\"og:site_name\" content=\"Pilot Garage Yenibosna - www.pilotgarageyenibosna.com\" \/>\n<meta property=\"article:modified_time\" content=\"2022-09-19T12:44:04+00:00\" \/>\n<meta property=\"og:image\" content=\"http:\/\/pilotgarageyenibosna.com\/wp-content\/uploads\/2022\/09\/ic-dis-ekspertiz.jpg\" \/>\n<meta name=\"twitter:card\" content=\"summary_large_image\" \/>\n<meta name=\"twitter:label1\" content=\"Tahmini okuma s\u00fcresi\" \/>\n\t<meta name=\"twitter:data1\" content=\"3 dakika\" \/>\n<script type=\"application\/ld+json\" class=\"yoast-schema-graph\">{\"@context\":\"https:\\\/\\\/schema.org\",\"@graph\":[{\"@type\":\"WebPage\",\"@id\":\"https:\\\/\\\/pilotgarageyenibosna.com\\\/hizmetlerimiz\\\/ic-dis-ekspertiz\\\/\",\"url\":\"https:\\\/\\\/pilotgarageyenibosna.com\\\/hizmetlerimiz\\\/ic-dis-ekspertiz\\\/\",\"name\":\"\u0130\u00e7 \\\/ D\u0131\u015f Ekspertiz - Pilot Garage Yenibosna - www.pilotgarageyenibosna.com\",\"isPartOf\":{\"@id\":\"https:\\\/\\\/pilotgarageyenibosna.com\\\/#website\"},\"primaryImageOfPage\":{\"@id\":\"https:\\\/\\\/pilotgarageyenibosna.com\\\/hizmetlerimiz\\\/ic-dis-ekspertiz\\\/#primaryimage\"},\"image\":{\"@id\":\"https:\\\/\\\/pilotgarageyenibosna.com\\\/hizmetlerimiz\\\/ic-dis-ekspertiz\\\/#primaryimage\"},\"thumbnailUrl\":\"http:\\\/\\\/pilotgarageyenibosna.com\\\/wp-content\\\/uploads\\\/2022\\\/09\\\/ic-dis-ekspertiz.jpg\",\"datePublished\":\"2022-09-19T12:42:38+00:00\",\"dateModified\":\"2022-09-19T12:44:04+00:00\",\"breadcrumb\":{\"@id\":\"https:\\\/\\\/pilotgarageyenibosna.com\\\/hizmetlerimiz\\\/ic-dis-ekspertiz\\\/#breadcrumb\"},\"inLanguage\":\"tr\",\"potentialAction\":[{\"@type\":\"ReadAction\",\"target\":[\"https:\\\/\\\/pilotgarageyenibosna.com\\\/hizmetlerimiz\\\/ic-dis-ekspertiz\\\/\"]}]},{\"@type\":\"ImageObject\",\"inLanguage\":\"tr\",\"@id\":\"https:\\\/\\\/pilotgarageyenibosna.com\\\/hizmetlerimiz\\\/ic-dis-ekspertiz\\\/#primaryimage\",\"url\":\"https:\\\/\\\/pilotgarageyenibosna.com\\\/wp-content\\\/uploads\\\/2022\\\/09\\\/ic-dis-ekspertiz.jpg\",\"contentUrl\":\"https:\\\/\\\/pilotgarageyenibosna.com\\\/wp-content\\\/uploads\\\/2022\\\/09\\\/ic-dis-ekspertiz.jpg\",\"width\":768,\"height\":512},{\"@type\":\"BreadcrumbList\",\"@id\":\"https:\\\/\\\/pilotgarageyenibosna.com\\\/hizmetlerimiz\\\/ic-dis-ekspertiz\\\/#breadcrumb\",\"itemListElement\":[{\"@type\":\"ListItem\",\"position\":1,\"name\":\"Home\",\"item\":\"https:\\\/\\\/pilotgarageyenibosna.com\\\/\"},{\"@type\":\"ListItem\",\"position\":2,\"name\":\"Hizmetlerimiz\",\"item\":\"https:\\\/\\\/pilotgarageyenibosna.com\\\/hizmetlerimiz\\\/\"},{\"@type\":\"ListItem\",\"position\":3,\"name\":\"\u0130\u00e7 \\\/ D\u0131\u015f Ekspertiz\"}]},{\"@type\":\"WebSite\",\"@id\":\"https:\\\/\\\/pilotgarageyenibosna.com\\\/#website\",\"url\":\"https:\\\/\\\/pilotgarageyenibosna.com\\\/\",\"name\":\"Pilot Garage Yenibosna - www.pilotgarageyenibosna.com\",\"description\":\"Pilot Garage Yenibosna - www.pilotgarageyenibosna.com\",\"publisher\":{\"@id\":\"https:\\\/\\\/pilotgarageyenibosna.com\\\/#organization\"},\"potentialAction\":[{\"@type\":\"SearchAction\",\"target\":{\"@type\":\"EntryPoint\",\"urlTemplate\":\"https:\\\/\\\/pilotgarageyenibosna.com\\\/?s={search_term_string}\"},\"query-input\":{\"@type\":\"PropertyValueSpecification\",\"valueRequired\":true,\"valueName\":\"search_term_string\"}}],\"inLanguage\":\"tr\"},{\"@type\":\"Organization\",\"@id\":\"https:\\\/\\\/pilotgarageyenibosna.com\\\/#organization\",\"name\":\"Pilot Garage Yenibosna - www.pilotgarageyenibosna.com\",\"url\":\"https:\\\/\\\/pilotgarageyenibosna.com\\\/\",\"logo\":{\"@type\":\"ImageObject\",\"inLanguage\":\"tr\",\"@id\":\"https:\\\/\\\/pilotgarageyenibosna.com\\\/#\\\/schema\\\/logo\\\/image\\\/\",\"url\":\"https:\\\/\\\/pilotgarageyenibosna.com\\\/wp-content\\\/uploads\\\/2022\\\/09\\\/pilot-garage-yenibosna-logo.png\",\"contentUrl\":\"https:\\\/\\\/pilotgarageyenibosna.com\\\/wp-content\\\/uploads\\\/2022\\\/09\\\/pilot-garage-yenibosna-logo.png\",\"width\":300,\"height\":41,\"caption\":\"Pilot Garage Yenibosna - www.pilotgarageyenibosna.com\"},\"image\":{\"@id\":\"https:\\\/\\\/pilotgarageyenibosna.com\\\/#\\\/schema\\\/logo\\\/image\\\/\"}}]}<\/script>\n<!-- \/ Yoast SEO plugin. -->","yoast_head_json":{"title":"\u0130\u00e7 \/ D\u0131\u015f Ekspertiz - Pilot Garage Yenibosna - www.pilotgarageyenibosna.com","robots":{"index":"index","follow":"follow","max-snippet":"max-snippet:-1","max-image-preview":"max-image-preview:large","max-video-preview":"max-video-preview:-1"},"canonical":"https:\/\/pilotgarageyenibosna.com\/hizmetlerimiz\/ic-dis-ekspertiz\/","og_locale":"tr_TR","og_type":"article","og_title":"\u0130\u00e7 \/ D\u0131\u015f Ekspertiz - Pilot Garage Yenibosna - www.pilotgarageyenibosna.com","og_description":"\u0130\u00c7 \/ DI\u015e EKSPERT\u0130Z \u0130\u00e7 \/ D\u0131\u015f Ekspertiz \u0130\u00e7 d\u0131\u015f ekspertiz hizmetleri g\u00fcn\u00fcm\u00fczde ara\u00e7- al\u0131m sat\u0131m i\u015flemlerinde kullan\u0131lan hizmetler aras\u0131nda bulunuyor. Bu hizmetler bir\u00e7ok a\u00e7\u0131dan ki\u015filere avantajlar sa\u011fl\u0131yor. Firmam\u0131z ekspertiz hizmetleriyle sekt\u00f6rde ayr\u0131cal\u0131kl\u0131 bir konumda bulunuyor. Sizlere sunmu\u015f oldu\u011fumuz hizmetlerle her daim sizlere isteneni sunuyoruz. \u0130\u00e7 ekspertiz kapsam\u0131nda sizlere; Airbag kontrol\u00fc, \u0130\u00e7 konsol- torpido kontrolleri, [&hellip;]","og_url":"https:\/\/pilotgarageyenibosna.com\/hizmetlerimiz\/ic-dis-ekspertiz\/","og_site_name":"Pilot Garage Yenibosna - www.pilotgarageyenibosna.com","article_modified_time":"2022-09-19T12:44:04+00:00","og_image":[{"url":"http:\/\/pilotgarageyenibosna.com\/wp-content\/uploads\/2022\/09\/ic-dis-ekspertiz.jpg","type":"","width":"","height":""}],"twitter_card":"summary_large_image","twitter_misc":{"Tahmini okuma s\u00fcresi":"3 dakika"},"schema":{"@context":"https:\/\/schema.org","@graph":[{"@type":"WebPage","@id":"https:\/\/pilotgarageyenibosna.com\/hizmetlerimiz\/ic-dis-ekspertiz\/","url":"https:\/\/pilotgarageyenibosna.com\/hizmetlerimiz\/ic-dis-ekspertiz\/","name":"\u0130\u00e7 \/ D\u0131\u015f Ekspertiz - Pilot Garage Yenibosna - www.pilotgarageyenibosna.com","isPartOf":{"@id":"https:\/\/pilotgarageyenibosna.com\/#website"},"primaryImageOfPage":{"@id":"https:\/\/pilotgarageyenibosna.com\/hizmetlerimiz\/ic-dis-ekspertiz\/#primaryimage"},"image":{"@id":"https:\/\/pilotgarageyenibosna.com\/hizmetlerimiz\/ic-dis-ekspertiz\/#primaryimage"},"thumbnailUrl":"http:\/\/pilotgarageyenibosna.com\/wp-content\/uploads\/2022\/09\/ic-dis-ekspertiz.jpg","datePublished":"2022-09-19T12:42:38+00:00","dateModified":"2022-09-19T12:44:04+00:00","breadcrumb":{"@id":"https:\/\/pilotgarageyenibosna.com\/hizmetlerimiz\/ic-dis-ekspertiz\/#breadcrumb"},"inLanguage":"tr","potentialAction":[{"@type":"ReadAction","target":["https:\/\/pilotgarageyenibosna.com\/hizmetlerimiz\/ic-dis-ekspertiz\/"]}]},{"@type":"ImageObject","inLanguage":"tr","@id":"https:\/\/pilotgarageyenibosna.com\/hizmetlerimiz\/ic-dis-ekspertiz\/#primaryimage","url":"https:\/\/pilotgarageyenibosna.com\/wp-content\/uploads\/2022\/09\/ic-dis-ekspertiz.jpg","contentUrl":"https:\/\/pilotgarageyenibosna.com\/wp-content\/uploads\/2022\/09\/ic-dis-ekspertiz.jpg","width":768,"height":512},{"@type":"BreadcrumbList","@id":"https:\/\/pilotgarageyenibosna.com\/hizmetlerimiz\/ic-dis-ekspertiz\/#breadcrumb","itemListElement":[{"@type":"ListItem","position":1,"name":"Home","item":"https:\/\/pilotgarageyenibosna.com\/"},{"@type":"ListItem","position":2,"name":"Hizmetlerimiz","item":"https:\/\/pilotgarageyenibosna.com\/hizmetlerimiz\/"},{"@type":"ListItem","position":3,"name":"\u0130\u00e7 \/ D\u0131\u015f Ekspertiz"}]},{"@type":"WebSite","@id":"https:\/\/pilotgarageyenibosna.com\/#website","url":"https:\/\/pilotgarageyenibosna.com\/","name":"Pilot Garage Yenibosna - www.pilotgarageyenibosna.com","description":"Pilot Garage Yenibosna - www.pilotgarageyenibosna.com","publisher":{"@id":"https:\/\/pilotgarageyenibosna.com\/#organization"},"potentialAction":[{"@type":"SearchAction","target":{"@type":"EntryPoint","urlTemplate":"https:\/\/pilotgarageyenibosna.com\/?s={search_term_string}"},"query-input":{"@type":"PropertyValueSpecification","valueRequired":true,"valueName":"search_term_string"}}],"inLanguage":"tr"},{"@type":"Organization","@id":"https:\/\/pilotgarageyenibosna.com\/#organization","name":"Pilot Garage Yenibosna - www.pilotgarageyenibosna.com","url":"https:\/\/pilotgarageyenibosna.com\/","logo":{"@type":"ImageObject","inLanguage":"tr","@id":"https:\/\/pilotgarageyenibosna.com\/#\/schema\/logo\/image\/","url":"https:\/\/pilotgarageyenibosna.com\/wp-content\/uploads\/2022\/09\/pilot-garage-yenibosna-logo.png","contentUrl":"https:\/\/pilotgarageyenibosna.com\/wp-content\/uploads\/2022\/09\/pilot-garage-yenibosna-logo.png","width":300,"height":41,"caption":"Pilot Garage Yenibosna - www.pilotgarageyenibosna.com"},"image":{"@id":"https:\/\/pilotgarageyenibosna.com\/#\/schema\/logo\/image\/"}}]}},"_links":{"self":[{"href":"https:\/\/pilotgarageyenibosna.com\/index.php\/wp-json\/wp\/v2\/pages\/453","targetHints":{"allow":["GET"]}}],"collection":[{"href":"https:\/\/pilotgarageyenibosna.com\/index.php\/wp-json\/wp\/v2\/pages"}],"about":[{"href":"https:\/\/pilotgarageyenibosna.com\/index.php\/wp-json\/wp\/v2\/types\/page"}],"author":[{"embeddable":true,"href":"https:\/\/pilotgarageyenibosna.com\/index.php\/wp-json\/wp\/v2\/users\/1"}],"replies":[{"embeddable":true,"href":"https:\/\/pilotgarageyenibosna.com\/index.php\/wp-json\/wp\/v2\/comments?post=453"}],"version-history":[{"count":4,"href":"https:\/\/pilotgarageyenibosna.com\/index.php\/wp-json\/wp\/v2\/pages\/453\/revisions"}],"predecessor-version":[{"id":457,"href":"https:\/\/pilotgarageyenibosna.com\/index.php\/wp-json\/wp\/v2\/pages\/453\/revisions\/457"}],"up":[{"embeddable":true,"href":"https:\/\/pilotgarageyenibosna.com\/index.php\/wp-json\/wp\/v2\/pages\/369"}],"wp:attachment":[{"href":"https:\/\/pilotgarageyenibosna.com\/index.php\/wp-json\/wp\/v2\/media?parent=453"}],"curies":[{"name":"wp","href":"https:\/\/api.w.org\/{rel}","templated":true}]}}