{"id":448,"date":"2022-09-19T12:40:53","date_gmt":"2022-09-19T12:40:53","guid":{"rendered":"http:\/\/pilotgarageyenibosna.com\/?page_id=448"},"modified":"2022-09-19T12:41:58","modified_gmt":"2022-09-19T12:41:58","slug":"yanal-kayma-test-2","status":"publish","type":"page","link":"https:\/\/pilotgarageyenibosna.com\/hizmetlerimiz\/yanal-kayma-test\/","title":{"rendered":"Yanal Kayma Test"},"content":{"rendered":"\t\t<div data-elementor-type=\"wp-page\" data-elementor-id=\"448\" class=\"elementor elementor-448\" data-elementor-post-type=\"page\">\n\t\t\t\t\t\t<section class=\"elementor-section elementor-top-section elementor-element elementor-element-2ecf1df elementor-section-full_width elementor-section-height-min-height elementor-section-height-default elementor-section-items-middle\" data-id=\"2ecf1df\" data-element_type=\"section\" data-e-type=\"section\" data-settings=\"{&quot;background_background&quot;:&quot;classic&quot;}\">\n\t\t\t\t\t\t\t<div class=\"elementor-background-overlay\"><\/div>\n\t\t\t\t\t\t\t<div class=\"elementor-container elementor-column-gap-default\">\n\t\t\t\t\t<div class=\"elementor-column elementor-col-100 elementor-top-column elementor-element elementor-element-f9010b8\" data-id=\"f9010b8\" data-element_type=\"column\" data-e-type=\"column\">\n\t\t\t<div class=\"elementor-widget-wrap elementor-element-populated\">\n\t\t\t\t\t\t<div class=\"elementor-element elementor-element-c8ccf0f elementor-widget elementor-widget-heading\" data-id=\"c8ccf0f\" data-element_type=\"widget\" data-e-type=\"widget\" data-widget_type=\"heading.default\">\n\t\t\t\t\t<h2 class=\"elementor-heading-title elementor-size-default\">YANAL KAYMA TEST<\/h2>\t\t\t\t<\/div>\n\t\t\t\t\t<\/div>\n\t\t<\/div>\n\t\t\t\t\t<\/div>\n\t\t<\/section>\n\t\t\t\t<section class=\"elementor-section elementor-top-section elementor-element elementor-element-82f1cb6 elementor-section-boxed elementor-section-height-default elementor-section-height-default\" data-id=\"82f1cb6\" data-element_type=\"section\" data-e-type=\"section\">\n\t\t\t\t\t\t<div class=\"elementor-container elementor-column-gap-default\">\n\t\t\t\t\t<div class=\"elementor-column elementor-col-50 elementor-top-column elementor-element elementor-element-e7e9135\" data-id=\"e7e9135\" data-element_type=\"column\" data-e-type=\"column\">\n\t\t\t<div class=\"elementor-widget-wrap elementor-element-populated\">\n\t\t\t\t\t\t<div class=\"elementor-element elementor-element-50d6b20 elementor-widget elementor-widget-heading\" data-id=\"50d6b20\" data-element_type=\"widget\" data-e-type=\"widget\" data-widget_type=\"heading.default\">\n\t\t\t\t\t<h2 class=\"elementor-heading-title elementor-size-default\">Yanal Kayma Test<\/h2>\t\t\t\t<\/div>\n\t\t\t\t<div class=\"elementor-element elementor-element-bb70c70 elementor-widget elementor-widget-text-editor\" data-id=\"bb70c70\" data-element_type=\"widget\" data-e-type=\"widget\" data-widget_type=\"text-editor.default\">\n\t\t\t\t\t\t\t\t\t<p><strong>Yanal kayma test<\/strong> olanaklar\u0131 al\u0131m sat\u0131m yapmay\u0131 d\u00fc\u015f\u00fcnen ki\u015filerin yapt\u0131rd\u0131\u011f\u0131 testlerden biri konumundad\u0131r. 1 kilometrelik d\u00fcz bir yolda testi yaparak sizlere derinlemesine ekspertiz raporu hizmetleri sunmaktay\u0131z. Olu\u015facak sapmalar sonucunda hesaplamalar yaparak sizlere bu hesaplamalar\u0131 derinlemesine rapor ediyor ve sorunlar\u0131 belirliyoruz. Aks bo\u015fluklar\u0131 tespit etme, rot ayar\u0131 ka\u00e7akl\u0131\u011f\u0131 gibi alanlarda sizlere h\u0131zl\u0131 hizmetler sunmaktay\u0131z.<\/p><p>Ekspertiz birimi personellerimiz bu s\u00fcre\u00e7te sizlere derinlemesine hizmetler sunmay\u0131 ba\u015far\u0131yor ve en iyiyi sizlere ekonomik fiyatlara sa\u011fl\u0131yor. Bizimle irtibata ge\u00e7erek hizmetlerimizden yararlanma f\u0131rsatlar\u0131na sahip olabilirsiniz. Uzman personellerimiz b\u00fct\u00fcn s\u00fcre sci sizlerle beraber planlayarak en iyi ko\u015fullarda \u00e7al\u0131\u015f\u0131yor. Sizlere bu alanda derinlemesine ekspertiz birimi hizmetleri sunmay\u0131 ba\u015far\u0131yoruz.<\/p>\t\t\t\t\t\t\t\t<\/div>\n\t\t\t\t<div class=\"elementor-element elementor-element-4e22448 elementor-widget elementor-widget-heading\" data-id=\"4e22448\" data-element_type=\"widget\" data-e-type=\"widget\" data-widget_type=\"heading.default\">\n\t\t\t\t\t<h2 class=\"elementor-heading-title elementor-size-default\">Yanal Kayma Test Ne \u0130\u015fe Yarar <\/h2>\t\t\t\t<\/div>\n\t\t\t\t<div class=\"elementor-element elementor-element-69396db elementor-widget elementor-widget-text-editor\" data-id=\"69396db\" data-element_type=\"widget\" data-e-type=\"widget\" data-widget_type=\"text-editor.default\">\n\t\t\t\t\t\t\t\t\t<p><strong>Yanal kayma test<\/strong> inin yap\u0131lmas\u0131ndaki en \u00f6nemli etmenlerin ba\u015f\u0131nda aks bo\u015flu\u011fu tespiti, rot ayar\u0131 ka\u00e7aklar\u0131 gibi bozukluklar\u0131n tespitini sizlere sunmaktay\u0131z. \u00d6n d\u00fczendeki bozukluklar\u0131 tespit eden firmam\u0131z bu alanda sizlere rapor halinde sorunlar\u0131 a\u00e7\u0131kl\u0131yor. Ara\u00e7- al\u0131m sat\u0131m i\u015flemlerinde 2.el ara\u00e7 almay\u0131 d\u00fc\u015f\u00fcn\u00fcyorsan\u0131z mutlaka yanal kayma test yapt\u0131rman\u0131z gerekiyor. Sizlere bu testi en g\u00fcvenilir ekipmanlarla ve teknolojik ara\u00e7- gere\u00e7lerle yap\u0131yoruz. Yapm\u0131\u015f oldu\u011fumuz hizmetlerle sekt\u00f6r\u00fcn en iyi hizmetlerini sizlere sunmay\u0131 ba\u015far\u0131yoruz. Fonksiyonel temelli bir hizmet se\u00e7ene\u011finden en iyi standartlarda yararlanmak isteyenlerin ilk tercih etti\u011fi adres kurumumuzdur. Kurumumuz sizlere garantili hizmet ko\u015fullar\u0131 \u00e7er\u00e7evesi alt\u0131nda faaliyet g\u00f6steren profesyonel bir kurum olarak tan\u0131n\u0131yor.<\/p>\t\t\t\t\t\t\t\t<\/div>\n\t\t\t\t<div class=\"elementor-element elementor-element-cfe9488 elementor-widget elementor-widget-heading\" data-id=\"cfe9488\" data-element_type=\"widget\" data-e-type=\"widget\" data-widget_type=\"heading.default\">\n\t\t\t\t\t<h2 class=\"elementor-heading-title elementor-size-default\">Yanal Kayma Testi Firmas\u0131<\/h2>\t\t\t\t<\/div>\n\t\t\t\t<div class=\"elementor-element elementor-element-d97b3c6 elementor-widget elementor-widget-text-editor\" data-id=\"d97b3c6\" data-element_type=\"widget\" data-e-type=\"widget\" data-widget_type=\"text-editor.default\">\n\t\t\t\t\t\t\t\t\t<p>Kuruldu\u011fumuz ilk g\u00fcnden bu yana sunmu\u015f oldu\u011fumuz derinlemesine ekspertiz birimi hizmetleriyle sizlere en iyi hizmetleri sunan bir kurum olarak tan\u0131n\u0131yoruz. Firmam\u0131zla irtibata ge\u00e7erek bizden en iyi hizmetleri alabilirsiniz. Siz de\u011ferli m\u00fc\u015fterilerimize teknolojik ara\u00e7 gere\u00e7lerle profesyonel hizmetler sa\u011flamay\u0131 ba\u015far\u0131yoruz. Birinci s\u0131n\u0131f olanaklar d\u00e2hilinde faaliyet g\u00f6steren kurumumuz %100 m\u00fc\u015fteri memnuniyetini hedefleyen sekt\u00f6r\u00fcn en ba\u015far\u0131l\u0131 ve kurumsal firmas\u0131 konumundad\u0131r. Konumumuzu her ge\u00e7en g\u00fcncelleyerek sizlere yenilik\u00e7i tarzda modern bir hizmet olana\u011f\u0131 sunmay\u0131 ba\u015far\u0131yoruz. Bizimle irtibata ge\u00e7erek hizmetlerimiz hakk\u0131nda en iyi bilgileri alabilirsiniz. Ara\u00e7lar\u0131n\u0131z\u0131n b\u00fct\u00fcn bak\u0131m ve onar\u0131m i\u015flemleri konusunda sizlere tam te\u015fekk\u00fcll\u00fc bir ekspertiz raporu sunarak en iyiyi sizlere sa\u011fl\u0131yoruz.<\/p>\t\t\t\t\t\t\t\t<\/div>\n\t\t\t\t\t<\/div>\n\t\t<\/div>\n\t\t\t\t<div class=\"elementor-column elementor-col-50 elementor-top-column elementor-element elementor-element-dd44bf7\" data-id=\"dd44bf7\" data-element_type=\"column\" data-e-type=\"column\">\n\t\t\t<div class=\"elementor-widget-wrap elementor-element-populated\">\n\t\t\t\t\t\t<div class=\"elementor-element elementor-element-6c81e32 elementor-widget elementor-widget-image\" data-id=\"6c81e32\" data-element_type=\"widget\" data-e-type=\"widget\" data-widget_type=\"image.default\">\n\t\t\t\t\t\t\t\t\t\t\t\t\t\t\t<img fetchpriority=\"high\" decoding=\"async\" width=\"768\" height=\"512\" src=\"https:\/\/pilotgarageyenibosna.com\/wp-content\/uploads\/2022\/09\/yanal-kayma-test.jpg\" class=\"attachment-large size-large wp-image-391\" alt=\"\" srcset=\"https:\/\/pilotgarageyenibosna.com\/wp-content\/uploads\/2022\/09\/yanal-kayma-test.jpg 768w, https:\/\/pilotgarageyenibosna.com\/wp-content\/uploads\/2022\/09\/yanal-kayma-test-300x200.jpg 300w\" sizes=\"(max-width: 768px) 100vw, 768px\" \/>\t\t\t\t\t\t\t\t\t\t\t\t\t\t\t<\/div>\n\t\t\t\t\t<\/div>\n\t\t<\/div>\n\t\t\t\t\t<\/div>\n\t\t<\/section>\n\t\t\t\t<\/div>\n\t\t","protected":false},"excerpt":{"rendered":"<p>YANAL KAYMA TEST Yanal Kayma Test Yanal kayma test olanaklar\u0131 al\u0131m sat\u0131m yapmay\u0131 d\u00fc\u015f\u00fcnen ki\u015filerin yapt\u0131rd\u0131\u011f\u0131 testlerden biri konumundad\u0131r. 1 kilometrelik d\u00fcz bir yolda testi yaparak sizlere derinlemesine ekspertiz raporu hizmetleri sunmaktay\u0131z. Olu\u015facak sapmalar sonucunda hesaplamalar yaparak sizlere bu hesaplamalar\u0131 derinlemesine rapor ediyor ve sorunlar\u0131 belirliyoruz. Aks bo\u015fluklar\u0131 tespit etme, rot ayar\u0131 ka\u00e7akl\u0131\u011f\u0131 gibi alanlarda [&hellip;]<\/p>\n","protected":false},"author":1,"featured_media":0,"parent":369,"menu_order":0,"comment_status":"closed","ping_status":"closed","template":"","meta":{"footnotes":""},"class_list":["post-448","page","type-page","status-publish","hentry"],"yoast_head":"<!-- This site is optimized with the Yoast SEO plugin v27.4 - https:\/\/yoast.com\/product\/yoast-seo-wordpress\/ -->\n<title>Yanal Kayma Test - Pilot Garage Yenibosna - www.pilotgarageyenibosna.com<\/title>\n<meta name=\"robots\" content=\"index, follow, max-snippet:-1, max-image-preview:large, max-video-preview:-1\" \/>\n<link rel=\"canonical\" href=\"https:\/\/pilotgarageyenibosna.com\/hizmetlerimiz\/yanal-kayma-test\/\" \/>\n<meta property=\"og:locale\" content=\"tr_TR\" \/>\n<meta property=\"og:type\" content=\"article\" \/>\n<meta property=\"og:title\" content=\"Yanal Kayma Test - Pilot Garage Yenibosna - www.pilotgarageyenibosna.com\" \/>\n<meta property=\"og:description\" content=\"YANAL KAYMA TEST Yanal Kayma Test Yanal kayma test olanaklar\u0131 al\u0131m sat\u0131m yapmay\u0131 d\u00fc\u015f\u00fcnen ki\u015filerin yapt\u0131rd\u0131\u011f\u0131 testlerden biri konumundad\u0131r. 1 kilometrelik d\u00fcz bir yolda testi yaparak sizlere derinlemesine ekspertiz raporu hizmetleri sunmaktay\u0131z. Olu\u015facak sapmalar sonucunda hesaplamalar yaparak sizlere bu hesaplamalar\u0131 derinlemesine rapor ediyor ve sorunlar\u0131 belirliyoruz. Aks bo\u015fluklar\u0131 tespit etme, rot ayar\u0131 ka\u00e7akl\u0131\u011f\u0131 gibi alanlarda [&hellip;]\" \/>\n<meta property=\"og:url\" content=\"https:\/\/pilotgarageyenibosna.com\/hizmetlerimiz\/yanal-kayma-test\/\" \/>\n<meta property=\"og:site_name\" content=\"Pilot Garage Yenibosna - www.pilotgarageyenibosna.com\" \/>\n<meta property=\"article:modified_time\" content=\"2022-09-19T12:41:58+00:00\" \/>\n<meta property=\"og:image\" content=\"http:\/\/pilotgarageyenibosna.com\/wp-content\/uploads\/2022\/09\/yanal-kayma-test.jpg\" \/>\n<meta name=\"twitter:card\" content=\"summary_large_image\" \/>\n<meta name=\"twitter:label1\" content=\"Tahmini okuma s\u00fcresi\" \/>\n\t<meta name=\"twitter:data1\" content=\"3 dakika\" \/>\n<script type=\"application\/ld+json\" class=\"yoast-schema-graph\">{\"@context\":\"https:\\\/\\\/schema.org\",\"@graph\":[{\"@type\":\"WebPage\",\"@id\":\"https:\\\/\\\/pilotgarageyenibosna.com\\\/hizmetlerimiz\\\/yanal-kayma-test\\\/\",\"url\":\"https:\\\/\\\/pilotgarageyenibosna.com\\\/hizmetlerimiz\\\/yanal-kayma-test\\\/\",\"name\":\"Yanal Kayma Test - Pilot Garage Yenibosna - www.pilotgarageyenibosna.com\",\"isPartOf\":{\"@id\":\"https:\\\/\\\/pilotgarageyenibosna.com\\\/#website\"},\"primaryImageOfPage\":{\"@id\":\"https:\\\/\\\/pilotgarageyenibosna.com\\\/hizmetlerimiz\\\/yanal-kayma-test\\\/#primaryimage\"},\"image\":{\"@id\":\"https:\\\/\\\/pilotgarageyenibosna.com\\\/hizmetlerimiz\\\/yanal-kayma-test\\\/#primaryimage\"},\"thumbnailUrl\":\"http:\\\/\\\/pilotgarageyenibosna.com\\\/wp-content\\\/uploads\\\/2022\\\/09\\\/yanal-kayma-test.jpg\",\"datePublished\":\"2022-09-19T12:40:53+00:00\",\"dateModified\":\"2022-09-19T12:41:58+00:00\",\"breadcrumb\":{\"@id\":\"https:\\\/\\\/pilotgarageyenibosna.com\\\/hizmetlerimiz\\\/yanal-kayma-test\\\/#breadcrumb\"},\"inLanguage\":\"tr\",\"potentialAction\":[{\"@type\":\"ReadAction\",\"target\":[\"https:\\\/\\\/pilotgarageyenibosna.com\\\/hizmetlerimiz\\\/yanal-kayma-test\\\/\"]}]},{\"@type\":\"ImageObject\",\"inLanguage\":\"tr\",\"@id\":\"https:\\\/\\\/pilotgarageyenibosna.com\\\/hizmetlerimiz\\\/yanal-kayma-test\\\/#primaryimage\",\"url\":\"https:\\\/\\\/pilotgarageyenibosna.com\\\/wp-content\\\/uploads\\\/2022\\\/09\\\/yanal-kayma-test.jpg\",\"contentUrl\":\"https:\\\/\\\/pilotgarageyenibosna.com\\\/wp-content\\\/uploads\\\/2022\\\/09\\\/yanal-kayma-test.jpg\",\"width\":768,\"height\":512},{\"@type\":\"BreadcrumbList\",\"@id\":\"https:\\\/\\\/pilotgarageyenibosna.com\\\/hizmetlerimiz\\\/yanal-kayma-test\\\/#breadcrumb\",\"itemListElement\":[{\"@type\":\"ListItem\",\"position\":1,\"name\":\"Home\",\"item\":\"https:\\\/\\\/pilotgarageyenibosna.com\\\/\"},{\"@type\":\"ListItem\",\"position\":2,\"name\":\"Hizmetlerimiz\",\"item\":\"https:\\\/\\\/pilotgarageyenibosna.com\\\/hizmetlerimiz\\\/\"},{\"@type\":\"ListItem\",\"position\":3,\"name\":\"Yanal Kayma Test\"}]},{\"@type\":\"WebSite\",\"@id\":\"https:\\\/\\\/pilotgarageyenibosna.com\\\/#website\",\"url\":\"https:\\\/\\\/pilotgarageyenibosna.com\\\/\",\"name\":\"Pilot Garage Yenibosna - www.pilotgarageyenibosna.com\",\"description\":\"Pilot Garage Yenibosna - www.pilotgarageyenibosna.com\",\"publisher\":{\"@id\":\"https:\\\/\\\/pilotgarageyenibosna.com\\\/#organization\"},\"potentialAction\":[{\"@type\":\"SearchAction\",\"target\":{\"@type\":\"EntryPoint\",\"urlTemplate\":\"https:\\\/\\\/pilotgarageyenibosna.com\\\/?s={search_term_string}\"},\"query-input\":{\"@type\":\"PropertyValueSpecification\",\"valueRequired\":true,\"valueName\":\"search_term_string\"}}],\"inLanguage\":\"tr\"},{\"@type\":\"Organization\",\"@id\":\"https:\\\/\\\/pilotgarageyenibosna.com\\\/#organization\",\"name\":\"Pilot Garage Yenibosna - www.pilotgarageyenibosna.com\",\"url\":\"https:\\\/\\\/pilotgarageyenibosna.com\\\/\",\"logo\":{\"@type\":\"ImageObject\",\"inLanguage\":\"tr\",\"@id\":\"https:\\\/\\\/pilotgarageyenibosna.com\\\/#\\\/schema\\\/logo\\\/image\\\/\",\"url\":\"https:\\\/\\\/pilotgarageyenibosna.com\\\/wp-content\\\/uploads\\\/2022\\\/09\\\/pilot-garage-yenibosna-logo.png\",\"contentUrl\":\"https:\\\/\\\/pilotgarageyenibosna.com\\\/wp-content\\\/uploads\\\/2022\\\/09\\\/pilot-garage-yenibosna-logo.png\",\"width\":300,\"height\":41,\"caption\":\"Pilot Garage Yenibosna - www.pilotgarageyenibosna.com\"},\"image\":{\"@id\":\"https:\\\/\\\/pilotgarageyenibosna.com\\\/#\\\/schema\\\/logo\\\/image\\\/\"}}]}<\/script>\n<!-- \/ Yoast SEO plugin. -->","yoast_head_json":{"title":"Yanal Kayma Test - Pilot Garage Yenibosna - www.pilotgarageyenibosna.com","robots":{"index":"index","follow":"follow","max-snippet":"max-snippet:-1","max-image-preview":"max-image-preview:large","max-video-preview":"max-video-preview:-1"},"canonical":"https:\/\/pilotgarageyenibosna.com\/hizmetlerimiz\/yanal-kayma-test\/","og_locale":"tr_TR","og_type":"article","og_title":"Yanal Kayma Test - Pilot Garage Yenibosna - www.pilotgarageyenibosna.com","og_description":"YANAL KAYMA TEST Yanal Kayma Test Yanal kayma test olanaklar\u0131 al\u0131m sat\u0131m yapmay\u0131 d\u00fc\u015f\u00fcnen ki\u015filerin yapt\u0131rd\u0131\u011f\u0131 testlerden biri konumundad\u0131r. 1 kilometrelik d\u00fcz bir yolda testi yaparak sizlere derinlemesine ekspertiz raporu hizmetleri sunmaktay\u0131z. Olu\u015facak sapmalar sonucunda hesaplamalar yaparak sizlere bu hesaplamalar\u0131 derinlemesine rapor ediyor ve sorunlar\u0131 belirliyoruz. Aks bo\u015fluklar\u0131 tespit etme, rot ayar\u0131 ka\u00e7akl\u0131\u011f\u0131 gibi alanlarda [&hellip;]","og_url":"https:\/\/pilotgarageyenibosna.com\/hizmetlerimiz\/yanal-kayma-test\/","og_site_name":"Pilot Garage Yenibosna - www.pilotgarageyenibosna.com","article_modified_time":"2022-09-19T12:41:58+00:00","og_image":[{"url":"http:\/\/pilotgarageyenibosna.com\/wp-content\/uploads\/2022\/09\/yanal-kayma-test.jpg","type":"","width":"","height":""}],"twitter_card":"summary_large_image","twitter_misc":{"Tahmini okuma s\u00fcresi":"3 dakika"},"schema":{"@context":"https:\/\/schema.org","@graph":[{"@type":"WebPage","@id":"https:\/\/pilotgarageyenibosna.com\/hizmetlerimiz\/yanal-kayma-test\/","url":"https:\/\/pilotgarageyenibosna.com\/hizmetlerimiz\/yanal-kayma-test\/","name":"Yanal Kayma Test - Pilot Garage Yenibosna - www.pilotgarageyenibosna.com","isPartOf":{"@id":"https:\/\/pilotgarageyenibosna.com\/#website"},"primaryImageOfPage":{"@id":"https:\/\/pilotgarageyenibosna.com\/hizmetlerimiz\/yanal-kayma-test\/#primaryimage"},"image":{"@id":"https:\/\/pilotgarageyenibosna.com\/hizmetlerimiz\/yanal-kayma-test\/#primaryimage"},"thumbnailUrl":"http:\/\/pilotgarageyenibosna.com\/wp-content\/uploads\/2022\/09\/yanal-kayma-test.jpg","datePublished":"2022-09-19T12:40:53+00:00","dateModified":"2022-09-19T12:41:58+00:00","breadcrumb":{"@id":"https:\/\/pilotgarageyenibosna.com\/hizmetlerimiz\/yanal-kayma-test\/#breadcrumb"},"inLanguage":"tr","potentialAction":[{"@type":"ReadAction","target":["https:\/\/pilotgarageyenibosna.com\/hizmetlerimiz\/yanal-kayma-test\/"]}]},{"@type":"ImageObject","inLanguage":"tr","@id":"https:\/\/pilotgarageyenibosna.com\/hizmetlerimiz\/yanal-kayma-test\/#primaryimage","url":"https:\/\/pilotgarageyenibosna.com\/wp-content\/uploads\/2022\/09\/yanal-kayma-test.jpg","contentUrl":"https:\/\/pilotgarageyenibosna.com\/wp-content\/uploads\/2022\/09\/yanal-kayma-test.jpg","width":768,"height":512},{"@type":"BreadcrumbList","@id":"https:\/\/pilotgarageyenibosna.com\/hizmetlerimiz\/yanal-kayma-test\/#breadcrumb","itemListElement":[{"@type":"ListItem","position":1,"name":"Home","item":"https:\/\/pilotgarageyenibosna.com\/"},{"@type":"ListItem","position":2,"name":"Hizmetlerimiz","item":"https:\/\/pilotgarageyenibosna.com\/hizmetlerimiz\/"},{"@type":"ListItem","position":3,"name":"Yanal Kayma Test"}]},{"@type":"WebSite","@id":"https:\/\/pilotgarageyenibosna.com\/#website","url":"https:\/\/pilotgarageyenibosna.com\/","name":"Pilot Garage Yenibosna - www.pilotgarageyenibosna.com","description":"Pilot Garage Yenibosna - www.pilotgarageyenibosna.com","publisher":{"@id":"https:\/\/pilotgarageyenibosna.com\/#organization"},"potentialAction":[{"@type":"SearchAction","target":{"@type":"EntryPoint","urlTemplate":"https:\/\/pilotgarageyenibosna.com\/?s={search_term_string}"},"query-input":{"@type":"PropertyValueSpecification","valueRequired":true,"valueName":"search_term_string"}}],"inLanguage":"tr"},{"@type":"Organization","@id":"https:\/\/pilotgarageyenibosna.com\/#organization","name":"Pilot Garage Yenibosna - www.pilotgarageyenibosna.com","url":"https:\/\/pilotgarageyenibosna.com\/","logo":{"@type":"ImageObject","inLanguage":"tr","@id":"https:\/\/pilotgarageyenibosna.com\/#\/schema\/logo\/image\/","url":"https:\/\/pilotgarageyenibosna.com\/wp-content\/uploads\/2022\/09\/pilot-garage-yenibosna-logo.png","contentUrl":"https:\/\/pilotgarageyenibosna.com\/wp-content\/uploads\/2022\/09\/pilot-garage-yenibosna-logo.png","width":300,"height":41,"caption":"Pilot Garage Yenibosna - www.pilotgarageyenibosna.com"},"image":{"@id":"https:\/\/pilotgarageyenibosna.com\/#\/schema\/logo\/image\/"}}]}},"_links":{"self":[{"href":"https:\/\/pilotgarageyenibosna.com\/index.php\/wp-json\/wp\/v2\/pages\/448","targetHints":{"allow":["GET"]}}],"collection":[{"href":"https:\/\/pilotgarageyenibosna.com\/index.php\/wp-json\/wp\/v2\/pages"}],"about":[{"href":"https:\/\/pilotgarageyenibosna.com\/index.php\/wp-json\/wp\/v2\/types\/page"}],"author":[{"embeddable":true,"href":"https:\/\/pilotgarageyenibosna.com\/index.php\/wp-json\/wp\/v2\/users\/1"}],"replies":[{"embeddable":true,"href":"https:\/\/pilotgarageyenibosna.com\/index.php\/wp-json\/wp\/v2\/comments?post=448"}],"version-history":[{"count":4,"href":"https:\/\/pilotgarageyenibosna.com\/index.php\/wp-json\/wp\/v2\/pages\/448\/revisions"}],"predecessor-version":[{"id":452,"href":"https:\/\/pilotgarageyenibosna.com\/index.php\/wp-json\/wp\/v2\/pages\/448\/revisions\/452"}],"up":[{"embeddable":true,"href":"https:\/\/pilotgarageyenibosna.com\/index.php\/wp-json\/wp\/v2\/pages\/369"}],"wp:attachment":[{"href":"https:\/\/pilotgarageyenibosna.com\/index.php\/wp-json\/wp\/v2\/media?parent=448"}],"curies":[{"name":"wp","href":"https:\/\/api.w.org\/{rel}","templated":true}]}}