{"id":434,"date":"2022-09-19T12:34:05","date_gmt":"2022-09-19T12:34:05","guid":{"rendered":"http:\/\/pilotgarageyenibosna.com\/?page_id=434"},"modified":"2022-09-19T12:49:36","modified_gmt":"2022-09-19T12:49:36","slug":"alt-kontrol-test","status":"publish","type":"page","link":"https:\/\/pilotgarageyenibosna.com\/hizmetlerimiz\/alt-kontrol-test\/","title":{"rendered":"Alt Kontrol Test"},"content":{"rendered":"\t\t<div data-elementor-type=\"wp-page\" data-elementor-id=\"434\" class=\"elementor elementor-434\" data-elementor-post-type=\"page\">\n\t\t\t\t\t\t<section class=\"elementor-section elementor-top-section elementor-element elementor-element-2ecf1df elementor-section-full_width elementor-section-height-min-height elementor-section-height-default elementor-section-items-middle\" data-id=\"2ecf1df\" data-element_type=\"section\" data-e-type=\"section\" data-settings=\"{&quot;background_background&quot;:&quot;classic&quot;}\">\n\t\t\t\t\t\t\t<div class=\"elementor-background-overlay\"><\/div>\n\t\t\t\t\t\t\t<div class=\"elementor-container elementor-column-gap-default\">\n\t\t\t\t\t<div class=\"elementor-column elementor-col-100 elementor-top-column elementor-element elementor-element-f9010b8\" data-id=\"f9010b8\" data-element_type=\"column\" data-e-type=\"column\">\n\t\t\t<div class=\"elementor-widget-wrap elementor-element-populated\">\n\t\t\t\t\t\t<div class=\"elementor-element elementor-element-c8ccf0f elementor-widget elementor-widget-heading\" data-id=\"c8ccf0f\" data-element_type=\"widget\" data-e-type=\"widget\" data-widget_type=\"heading.default\">\n\t\t\t\t\t<h2 class=\"elementor-heading-title elementor-size-default\">ALT KONTROL TEST<\/h2>\t\t\t\t<\/div>\n\t\t\t\t\t<\/div>\n\t\t<\/div>\n\t\t\t\t\t<\/div>\n\t\t<\/section>\n\t\t\t\t<section class=\"elementor-section elementor-top-section elementor-element elementor-element-82f1cb6 elementor-section-boxed elementor-section-height-default elementor-section-height-default\" data-id=\"82f1cb6\" data-element_type=\"section\" data-e-type=\"section\">\n\t\t\t\t\t\t<div class=\"elementor-container elementor-column-gap-default\">\n\t\t\t\t\t<div class=\"elementor-column elementor-col-50 elementor-top-column elementor-element elementor-element-e7e9135\" data-id=\"e7e9135\" data-element_type=\"column\" data-e-type=\"column\">\n\t\t\t<div class=\"elementor-widget-wrap elementor-element-populated\">\n\t\t\t\t\t\t<div class=\"elementor-element elementor-element-50d6b20 elementor-widget elementor-widget-heading\" data-id=\"50d6b20\" data-element_type=\"widget\" data-e-type=\"widget\" data-widget_type=\"heading.default\">\n\t\t\t\t\t<h2 class=\"elementor-heading-title elementor-size-default\">Alt Kontrol Test<\/h2>\t\t\t\t<\/div>\n\t\t\t\t<div class=\"elementor-element elementor-element-bb70c70 elementor-widget elementor-widget-text-editor\" data-id=\"bb70c70\" data-element_type=\"widget\" data-e-type=\"widget\" data-widget_type=\"text-editor.default\">\n\t\t\t\t\t\t\t\t\t<p><strong>Alt kontrol test<\/strong> ara\u00e7 al\u0131m- sat\u0131mlar\u0131nda ekspertiz firmalar\u0131 taraf\u0131ndan sunulan bir hizmet olana\u011f\u0131na sahiptir. Oto lifti ile ara\u00e7lar kald\u0131r\u0131larak ara\u00e7lar\u0131n alt k\u0131sm\u0131ndaki par\u00e7alar\u0131 firmam\u0131z inceliyor. Otomobillerin alt k\u0131sm\u0131nda herhangi bir darbe olup olmad\u0131\u011f\u0131n\u0131 derinlemesine inceleyerek sizlere geni\u015f standartlarda ayr\u0131nt\u0131l\u0131 ekspertiz raporu sunuyoruz. Ekspertiz raporunu sunarken sizlere profesyonel bir hizmet ayr\u0131cal\u0131\u011f\u0131 sunmay\u0131 ba\u015far\u0131yoruz. Personellerimiz bu s\u00fcre\u00e7te ara\u00e7lar\u0131n alt\u0131na bakarak alt k\u0131s\u0131mda sorun olup olmad\u0131\u011f\u0131n\u0131 inceliyor; \u015fasenin durumu, rotlar\u0131n durumu, motor durumu, ya\u011f ka\u00e7a\u011f\u0131, aksanlar inceleniyor. Alt kontrol testlerini inceleyerek sizlere detayl\u0131 bir rapor olu\u015fturuyoruz.\u00a0 Firmam\u0131z\u0131n hizmetler Avrupa kalite standartlar\u0131na sahip derinlemesine hizmetler sunuyor. Uzman personellerimiz s\u00fcreci sizlere en iyi ko\u015fullarda sunuyor.<\/p>\t\t\t\t\t\t\t\t<\/div>\n\t\t\t\t<div class=\"elementor-element elementor-element-4e22448 elementor-widget elementor-widget-heading\" data-id=\"4e22448\" data-element_type=\"widget\" data-e-type=\"widget\" data-widget_type=\"heading.default\">\n\t\t\t\t\t<h2 class=\"elementor-heading-title elementor-size-default\">Alt Kontrol Test Ne \u0130\u015fe Yarar?<\/h2>\t\t\t\t<\/div>\n\t\t\t\t<div class=\"elementor-element elementor-element-69396db elementor-widget elementor-widget-text-editor\" data-id=\"69396db\" data-element_type=\"widget\" data-e-type=\"widget\" data-widget_type=\"text-editor.default\">\n\t\t\t\t\t\t\t\t\t<p><strong>Alt kontrol test<\/strong> i\u015fle ara\u00e7lar\u0131n alt\u0131nda sorun olup olmad\u0131\u011f\u0131n\u0131 \u00f6n plana \u00e7\u0131karan ara\u00e7- al\u0131m sat\u0131m i\u015flemlerinde mutlaka yap\u0131lmas\u0131 gereken testlerden biri konumundad\u0131r. Bu testler ara\u00e7lar\u0131n durumunu \u00f6n plana \u00e7\u0131karan son derece \u00f6nemli testlerdir. Firmam\u0131z bu testti sizlere en iyi standartlarda sunarak uzman ve tecr\u00fcbeli personellerle sizlere hizmetler sunuyor. Geli\u015fmi\u015f y\u00f6ntemlerle sizlere sunmu\u015f oldu\u011fumuz hizmetlerin tamam\u0131 sizlere avantajlar sa\u011flayacakt\u0131r. Alt kontrol testi hizmeti almak sizlere en iyi hizmetleri sa\u011flayacak hizmetlerdir. Avantajl\u0131 bir hizmet olana\u011f\u0131ndan yararlanmak isteyenlerin ilk tercih etti\u011fi adres firmam\u0131zd\u0131r. Alt kontrol testleri s\u0131ras\u0131nda ithal marka geli\u015fmi\u015f inceleme ara\u00e7lar\u0131 da kullan\u0131l\u0131yor.<\/p>\t\t\t\t\t\t\t\t<\/div>\n\t\t\t\t<div class=\"elementor-element elementor-element-cfe9488 elementor-widget elementor-widget-heading\" data-id=\"cfe9488\" data-element_type=\"widget\" data-e-type=\"widget\" data-widget_type=\"heading.default\">\n\t\t\t\t\t<h2 class=\"elementor-heading-title elementor-size-default\">Alt Kontrol Testi Hizmetleri<\/h2>\t\t\t\t<\/div>\n\t\t\t\t<div class=\"elementor-element elementor-element-d97b3c6 elementor-widget elementor-widget-text-editor\" data-id=\"d97b3c6\" data-element_type=\"widget\" data-e-type=\"widget\" data-widget_type=\"text-editor.default\">\n\t\t\t\t\t\t\t\t\t<p><strong>Alt kontrol test<\/strong> kapsam\u0131nda sizlere sunmu\u015f oldu\u011fumuz hizmetler \u015fu \u015fekilde s\u0131ralanabilir;<\/p><ul><li>Motor kay\u0131\u015flar\u0131 kontrolleri,<\/li><li>Direksiyon kutusu,<\/li><li>El fren halatlar\u0131,<\/li><li>Yak\u0131t- Depo ka\u00e7ak kontrolleri,<\/li><li>Diferansiyel kontroller,<\/li><li>\u015eanz\u0131man kontrol,<\/li><li>Motor ya\u011f kontrolleri,<\/li><li>Transmisyon mili kontrolleri,<\/li><li>\u00d6n tak\u0131m kontrolleri,<\/li><li>Egzoz b\u00f6lmesi kontrol,<\/li><li>Sal\u0131ncak bur\u00e7lar\u0131,<\/li><li>Rot Kolu kontroller,<\/li><\/ul><p>Yukar\u0131daki hizmetleri sizlere profesyonel ara\u00e7- gere\u00e7lerle kullanarak en iyi ko\u015fullarda sunmay\u0131 ba\u015faran bir kurum olarak \u00f6n planda yer al\u0131yoruz. Sistematik ko\u015fullar ekseni alt\u0131nda faaliyet g\u00f6steren kurumumuz sigortal\u0131 bir hizmet deneyimini sizlere derinlemesine oto- ekspertiz hizmeti kapsam\u0131nda sunuyor. Birinci s\u0131n\u0131f bir oto- ekspertiz firmas\u0131ndan hizmetler almak istiyorsan\u0131z firmam\u0131z\u0131 tercih edebilir, %100 memnuniyetle firmam\u0131zdan ayr\u0131labilirsiniz.<\/p>\t\t\t\t\t\t\t\t<\/div>\n\t\t\t\t\t<\/div>\n\t\t<\/div>\n\t\t\t\t<div class=\"elementor-column elementor-col-50 elementor-top-column elementor-element elementor-element-dd44bf7\" data-id=\"dd44bf7\" data-element_type=\"column\" data-e-type=\"column\">\n\t\t\t<div class=\"elementor-widget-wrap elementor-element-populated\">\n\t\t\t\t\t\t<div class=\"elementor-element elementor-element-6c81e32 elementor-widget elementor-widget-image\" data-id=\"6c81e32\" data-element_type=\"widget\" data-e-type=\"widget\" data-widget_type=\"image.default\">\n\t\t\t\t\t\t\t\t\t\t\t\t\t\t\t<img fetchpriority=\"high\" decoding=\"async\" width=\"768\" height=\"512\" src=\"https:\/\/pilotgarageyenibosna.com\/wp-content\/uploads\/2022\/09\/alt-kontrol-test.jpg\" class=\"attachment-large size-large wp-image-335\" alt=\"\" srcset=\"https:\/\/pilotgarageyenibosna.com\/wp-content\/uploads\/2022\/09\/alt-kontrol-test.jpg 768w, https:\/\/pilotgarageyenibosna.com\/wp-content\/uploads\/2022\/09\/alt-kontrol-test-300x200.jpg 300w\" sizes=\"(max-width: 768px) 100vw, 768px\" \/>\t\t\t\t\t\t\t\t\t\t\t\t\t\t\t<\/div>\n\t\t\t\t\t<\/div>\n\t\t<\/div>\n\t\t\t\t\t<\/div>\n\t\t<\/section>\n\t\t\t\t<\/div>\n\t\t","protected":false},"excerpt":{"rendered":"<p>ALT KONTROL TEST Alt Kontrol Test Alt kontrol test ara\u00e7 al\u0131m- sat\u0131mlar\u0131nda ekspertiz firmalar\u0131 taraf\u0131ndan sunulan bir hizmet olana\u011f\u0131na sahiptir. Oto lifti ile ara\u00e7lar kald\u0131r\u0131larak ara\u00e7lar\u0131n alt k\u0131sm\u0131ndaki par\u00e7alar\u0131 firmam\u0131z inceliyor. Otomobillerin alt k\u0131sm\u0131nda herhangi bir darbe olup olmad\u0131\u011f\u0131n\u0131 derinlemesine inceleyerek sizlere geni\u015f standartlarda ayr\u0131nt\u0131l\u0131 ekspertiz raporu sunuyoruz. Ekspertiz raporunu sunarken sizlere profesyonel bir hizmet [&hellip;]<\/p>\n","protected":false},"author":1,"featured_media":0,"parent":369,"menu_order":0,"comment_status":"closed","ping_status":"closed","template":"","meta":{"footnotes":""},"class_list":["post-434","page","type-page","status-publish","hentry"],"yoast_head":"<!-- This site is optimized with the Yoast SEO plugin v27.4 - https:\/\/yoast.com\/product\/yoast-seo-wordpress\/ -->\n<title>Alt Kontrol Test - Pilot Garage Yenibosna - www.pilotgarageyenibosna.com<\/title>\n<meta name=\"robots\" content=\"index, follow, max-snippet:-1, max-image-preview:large, max-video-preview:-1\" \/>\n<link rel=\"canonical\" href=\"https:\/\/pilotgarageyenibosna.com\/hizmetlerimiz\/alt-kontrol-test\/\" \/>\n<meta property=\"og:locale\" content=\"tr_TR\" \/>\n<meta property=\"og:type\" content=\"article\" \/>\n<meta property=\"og:title\" content=\"Alt Kontrol Test - Pilot Garage Yenibosna - www.pilotgarageyenibosna.com\" \/>\n<meta property=\"og:description\" content=\"ALT KONTROL TEST Alt Kontrol Test Alt kontrol test ara\u00e7 al\u0131m- sat\u0131mlar\u0131nda ekspertiz firmalar\u0131 taraf\u0131ndan sunulan bir hizmet olana\u011f\u0131na sahiptir. Oto lifti ile ara\u00e7lar kald\u0131r\u0131larak ara\u00e7lar\u0131n alt k\u0131sm\u0131ndaki par\u00e7alar\u0131 firmam\u0131z inceliyor. Otomobillerin alt k\u0131sm\u0131nda herhangi bir darbe olup olmad\u0131\u011f\u0131n\u0131 derinlemesine inceleyerek sizlere geni\u015f standartlarda ayr\u0131nt\u0131l\u0131 ekspertiz raporu sunuyoruz. Ekspertiz raporunu sunarken sizlere profesyonel bir hizmet [&hellip;]\" \/>\n<meta property=\"og:url\" content=\"https:\/\/pilotgarageyenibosna.com\/hizmetlerimiz\/alt-kontrol-test\/\" \/>\n<meta property=\"og:site_name\" content=\"Pilot Garage Yenibosna - www.pilotgarageyenibosna.com\" \/>\n<meta property=\"article:modified_time\" content=\"2022-09-19T12:49:36+00:00\" \/>\n<meta property=\"og:image\" content=\"http:\/\/pilotgarageyenibosna.com\/wp-content\/uploads\/2022\/09\/alt-kontrol-test.jpg\" \/>\n<meta name=\"twitter:card\" content=\"summary_large_image\" \/>\n<meta name=\"twitter:label1\" content=\"Tahmini okuma s\u00fcresi\" \/>\n\t<meta name=\"twitter:data1\" content=\"3 dakika\" \/>\n<script type=\"application\/ld+json\" class=\"yoast-schema-graph\">{\"@context\":\"https:\\\/\\\/schema.org\",\"@graph\":[{\"@type\":\"WebPage\",\"@id\":\"https:\\\/\\\/pilotgarageyenibosna.com\\\/hizmetlerimiz\\\/alt-kontrol-test\\\/\",\"url\":\"https:\\\/\\\/pilotgarageyenibosna.com\\\/hizmetlerimiz\\\/alt-kontrol-test\\\/\",\"name\":\"Alt Kontrol Test - Pilot Garage Yenibosna - www.pilotgarageyenibosna.com\",\"isPartOf\":{\"@id\":\"https:\\\/\\\/pilotgarageyenibosna.com\\\/#website\"},\"primaryImageOfPage\":{\"@id\":\"https:\\\/\\\/pilotgarageyenibosna.com\\\/hizmetlerimiz\\\/alt-kontrol-test\\\/#primaryimage\"},\"image\":{\"@id\":\"https:\\\/\\\/pilotgarageyenibosna.com\\\/hizmetlerimiz\\\/alt-kontrol-test\\\/#primaryimage\"},\"thumbnailUrl\":\"http:\\\/\\\/pilotgarageyenibosna.com\\\/wp-content\\\/uploads\\\/2022\\\/09\\\/alt-kontrol-test.jpg\",\"datePublished\":\"2022-09-19T12:34:05+00:00\",\"dateModified\":\"2022-09-19T12:49:36+00:00\",\"breadcrumb\":{\"@id\":\"https:\\\/\\\/pilotgarageyenibosna.com\\\/hizmetlerimiz\\\/alt-kontrol-test\\\/#breadcrumb\"},\"inLanguage\":\"tr\",\"potentialAction\":[{\"@type\":\"ReadAction\",\"target\":[\"https:\\\/\\\/pilotgarageyenibosna.com\\\/hizmetlerimiz\\\/alt-kontrol-test\\\/\"]}]},{\"@type\":\"ImageObject\",\"inLanguage\":\"tr\",\"@id\":\"https:\\\/\\\/pilotgarageyenibosna.com\\\/hizmetlerimiz\\\/alt-kontrol-test\\\/#primaryimage\",\"url\":\"https:\\\/\\\/pilotgarageyenibosna.com\\\/wp-content\\\/uploads\\\/2022\\\/09\\\/alt-kontrol-test.jpg\",\"contentUrl\":\"https:\\\/\\\/pilotgarageyenibosna.com\\\/wp-content\\\/uploads\\\/2022\\\/09\\\/alt-kontrol-test.jpg\",\"width\":768,\"height\":512},{\"@type\":\"BreadcrumbList\",\"@id\":\"https:\\\/\\\/pilotgarageyenibosna.com\\\/hizmetlerimiz\\\/alt-kontrol-test\\\/#breadcrumb\",\"itemListElement\":[{\"@type\":\"ListItem\",\"position\":1,\"name\":\"Home\",\"item\":\"https:\\\/\\\/pilotgarageyenibosna.com\\\/\"},{\"@type\":\"ListItem\",\"position\":2,\"name\":\"Hizmetlerimiz\",\"item\":\"https:\\\/\\\/pilotgarageyenibosna.com\\\/hizmetlerimiz\\\/\"},{\"@type\":\"ListItem\",\"position\":3,\"name\":\"Alt Kontrol Test\"}]},{\"@type\":\"WebSite\",\"@id\":\"https:\\\/\\\/pilotgarageyenibosna.com\\\/#website\",\"url\":\"https:\\\/\\\/pilotgarageyenibosna.com\\\/\",\"name\":\"Pilot Garage Yenibosna - www.pilotgarageyenibosna.com\",\"description\":\"Pilot Garage Yenibosna - www.pilotgarageyenibosna.com\",\"publisher\":{\"@id\":\"https:\\\/\\\/pilotgarageyenibosna.com\\\/#organization\"},\"potentialAction\":[{\"@type\":\"SearchAction\",\"target\":{\"@type\":\"EntryPoint\",\"urlTemplate\":\"https:\\\/\\\/pilotgarageyenibosna.com\\\/?s={search_term_string}\"},\"query-input\":{\"@type\":\"PropertyValueSpecification\",\"valueRequired\":true,\"valueName\":\"search_term_string\"}}],\"inLanguage\":\"tr\"},{\"@type\":\"Organization\",\"@id\":\"https:\\\/\\\/pilotgarageyenibosna.com\\\/#organization\",\"name\":\"Pilot Garage Yenibosna - www.pilotgarageyenibosna.com\",\"url\":\"https:\\\/\\\/pilotgarageyenibosna.com\\\/\",\"logo\":{\"@type\":\"ImageObject\",\"inLanguage\":\"tr\",\"@id\":\"https:\\\/\\\/pilotgarageyenibosna.com\\\/#\\\/schema\\\/logo\\\/image\\\/\",\"url\":\"https:\\\/\\\/pilotgarageyenibosna.com\\\/wp-content\\\/uploads\\\/2022\\\/09\\\/pilot-garage-yenibosna-logo.png\",\"contentUrl\":\"https:\\\/\\\/pilotgarageyenibosna.com\\\/wp-content\\\/uploads\\\/2022\\\/09\\\/pilot-garage-yenibosna-logo.png\",\"width\":300,\"height\":41,\"caption\":\"Pilot Garage Yenibosna - www.pilotgarageyenibosna.com\"},\"image\":{\"@id\":\"https:\\\/\\\/pilotgarageyenibosna.com\\\/#\\\/schema\\\/logo\\\/image\\\/\"}}]}<\/script>\n<!-- \/ Yoast SEO plugin. -->","yoast_head_json":{"title":"Alt Kontrol Test - Pilot Garage Yenibosna - www.pilotgarageyenibosna.com","robots":{"index":"index","follow":"follow","max-snippet":"max-snippet:-1","max-image-preview":"max-image-preview:large","max-video-preview":"max-video-preview:-1"},"canonical":"https:\/\/pilotgarageyenibosna.com\/hizmetlerimiz\/alt-kontrol-test\/","og_locale":"tr_TR","og_type":"article","og_title":"Alt Kontrol Test - Pilot Garage Yenibosna - www.pilotgarageyenibosna.com","og_description":"ALT KONTROL TEST Alt Kontrol Test Alt kontrol test ara\u00e7 al\u0131m- sat\u0131mlar\u0131nda ekspertiz firmalar\u0131 taraf\u0131ndan sunulan bir hizmet olana\u011f\u0131na sahiptir. Oto lifti ile ara\u00e7lar kald\u0131r\u0131larak ara\u00e7lar\u0131n alt k\u0131sm\u0131ndaki par\u00e7alar\u0131 firmam\u0131z inceliyor. Otomobillerin alt k\u0131sm\u0131nda herhangi bir darbe olup olmad\u0131\u011f\u0131n\u0131 derinlemesine inceleyerek sizlere geni\u015f standartlarda ayr\u0131nt\u0131l\u0131 ekspertiz raporu sunuyoruz. Ekspertiz raporunu sunarken sizlere profesyonel bir hizmet [&hellip;]","og_url":"https:\/\/pilotgarageyenibosna.com\/hizmetlerimiz\/alt-kontrol-test\/","og_site_name":"Pilot Garage Yenibosna - www.pilotgarageyenibosna.com","article_modified_time":"2022-09-19T12:49:36+00:00","og_image":[{"url":"http:\/\/pilotgarageyenibosna.com\/wp-content\/uploads\/2022\/09\/alt-kontrol-test.jpg","type":"","width":"","height":""}],"twitter_card":"summary_large_image","twitter_misc":{"Tahmini okuma s\u00fcresi":"3 dakika"},"schema":{"@context":"https:\/\/schema.org","@graph":[{"@type":"WebPage","@id":"https:\/\/pilotgarageyenibosna.com\/hizmetlerimiz\/alt-kontrol-test\/","url":"https:\/\/pilotgarageyenibosna.com\/hizmetlerimiz\/alt-kontrol-test\/","name":"Alt Kontrol Test - Pilot Garage Yenibosna - www.pilotgarageyenibosna.com","isPartOf":{"@id":"https:\/\/pilotgarageyenibosna.com\/#website"},"primaryImageOfPage":{"@id":"https:\/\/pilotgarageyenibosna.com\/hizmetlerimiz\/alt-kontrol-test\/#primaryimage"},"image":{"@id":"https:\/\/pilotgarageyenibosna.com\/hizmetlerimiz\/alt-kontrol-test\/#primaryimage"},"thumbnailUrl":"http:\/\/pilotgarageyenibosna.com\/wp-content\/uploads\/2022\/09\/alt-kontrol-test.jpg","datePublished":"2022-09-19T12:34:05+00:00","dateModified":"2022-09-19T12:49:36+00:00","breadcrumb":{"@id":"https:\/\/pilotgarageyenibosna.com\/hizmetlerimiz\/alt-kontrol-test\/#breadcrumb"},"inLanguage":"tr","potentialAction":[{"@type":"ReadAction","target":["https:\/\/pilotgarageyenibosna.com\/hizmetlerimiz\/alt-kontrol-test\/"]}]},{"@type":"ImageObject","inLanguage":"tr","@id":"https:\/\/pilotgarageyenibosna.com\/hizmetlerimiz\/alt-kontrol-test\/#primaryimage","url":"https:\/\/pilotgarageyenibosna.com\/wp-content\/uploads\/2022\/09\/alt-kontrol-test.jpg","contentUrl":"https:\/\/pilotgarageyenibosna.com\/wp-content\/uploads\/2022\/09\/alt-kontrol-test.jpg","width":768,"height":512},{"@type":"BreadcrumbList","@id":"https:\/\/pilotgarageyenibosna.com\/hizmetlerimiz\/alt-kontrol-test\/#breadcrumb","itemListElement":[{"@type":"ListItem","position":1,"name":"Home","item":"https:\/\/pilotgarageyenibosna.com\/"},{"@type":"ListItem","position":2,"name":"Hizmetlerimiz","item":"https:\/\/pilotgarageyenibosna.com\/hizmetlerimiz\/"},{"@type":"ListItem","position":3,"name":"Alt Kontrol Test"}]},{"@type":"WebSite","@id":"https:\/\/pilotgarageyenibosna.com\/#website","url":"https:\/\/pilotgarageyenibosna.com\/","name":"Pilot Garage Yenibosna - www.pilotgarageyenibosna.com","description":"Pilot Garage Yenibosna - www.pilotgarageyenibosna.com","publisher":{"@id":"https:\/\/pilotgarageyenibosna.com\/#organization"},"potentialAction":[{"@type":"SearchAction","target":{"@type":"EntryPoint","urlTemplate":"https:\/\/pilotgarageyenibosna.com\/?s={search_term_string}"},"query-input":{"@type":"PropertyValueSpecification","valueRequired":true,"valueName":"search_term_string"}}],"inLanguage":"tr"},{"@type":"Organization","@id":"https:\/\/pilotgarageyenibosna.com\/#organization","name":"Pilot Garage Yenibosna - www.pilotgarageyenibosna.com","url":"https:\/\/pilotgarageyenibosna.com\/","logo":{"@type":"ImageObject","inLanguage":"tr","@id":"https:\/\/pilotgarageyenibosna.com\/#\/schema\/logo\/image\/","url":"https:\/\/pilotgarageyenibosna.com\/wp-content\/uploads\/2022\/09\/pilot-garage-yenibosna-logo.png","contentUrl":"https:\/\/pilotgarageyenibosna.com\/wp-content\/uploads\/2022\/09\/pilot-garage-yenibosna-logo.png","width":300,"height":41,"caption":"Pilot Garage Yenibosna - www.pilotgarageyenibosna.com"},"image":{"@id":"https:\/\/pilotgarageyenibosna.com\/#\/schema\/logo\/image\/"}}]}},"_links":{"self":[{"href":"https:\/\/pilotgarageyenibosna.com\/index.php\/wp-json\/wp\/v2\/pages\/434","targetHints":{"allow":["GET"]}}],"collection":[{"href":"https:\/\/pilotgarageyenibosna.com\/index.php\/wp-json\/wp\/v2\/pages"}],"about":[{"href":"https:\/\/pilotgarageyenibosna.com\/index.php\/wp-json\/wp\/v2\/types\/page"}],"author":[{"embeddable":true,"href":"https:\/\/pilotgarageyenibosna.com\/index.php\/wp-json\/wp\/v2\/users\/1"}],"replies":[{"embeddable":true,"href":"https:\/\/pilotgarageyenibosna.com\/index.php\/wp-json\/wp\/v2\/comments?post=434"}],"version-history":[{"count":7,"href":"https:\/\/pilotgarageyenibosna.com\/index.php\/wp-json\/wp\/v2\/pages\/434\/revisions"}],"predecessor-version":[{"id":484,"href":"https:\/\/pilotgarageyenibosna.com\/index.php\/wp-json\/wp\/v2\/pages\/434\/revisions\/484"}],"up":[{"embeddable":true,"href":"https:\/\/pilotgarageyenibosna.com\/index.php\/wp-json\/wp\/v2\/pages\/369"}],"wp:attachment":[{"href":"https:\/\/pilotgarageyenibosna.com\/index.php\/wp-json\/wp\/v2\/media?parent=434"}],"curies":[{"name":"wp","href":"https:\/\/api.w.org\/{rel}","templated":true}]}}