{"id":417,"date":"2022-09-19T12:27:30","date_gmt":"2022-09-19T12:27:30","guid":{"rendered":"http:\/\/pilotgarageyenibosna.com\/?page_id=417"},"modified":"2022-09-19T12:31:16","modified_gmt":"2022-09-19T12:31:16","slug":"boya-kaporta-test","status":"publish","type":"page","link":"https:\/\/pilotgarageyenibosna.com\/hizmetlerimiz\/boya-kaporta-test\/","title":{"rendered":"Boya Kaporta Test"},"content":{"rendered":"\t\t<div data-elementor-type=\"wp-page\" data-elementor-id=\"417\" class=\"elementor elementor-417\" data-elementor-post-type=\"page\">\n\t\t\t\t\t\t<section class=\"elementor-section elementor-top-section elementor-element elementor-element-2ecf1df elementor-section-full_width elementor-section-height-min-height elementor-section-height-default elementor-section-items-middle\" data-id=\"2ecf1df\" data-element_type=\"section\" data-e-type=\"section\" data-settings=\"{&quot;background_background&quot;:&quot;classic&quot;}\">\n\t\t\t\t\t\t\t<div class=\"elementor-background-overlay\"><\/div>\n\t\t\t\t\t\t\t<div class=\"elementor-container elementor-column-gap-default\">\n\t\t\t\t\t<div class=\"elementor-column elementor-col-100 elementor-top-column elementor-element elementor-element-f9010b8\" data-id=\"f9010b8\" data-element_type=\"column\" data-e-type=\"column\">\n\t\t\t<div class=\"elementor-widget-wrap elementor-element-populated\">\n\t\t\t\t\t\t<div class=\"elementor-element elementor-element-c8ccf0f elementor-widget elementor-widget-heading\" data-id=\"c8ccf0f\" data-element_type=\"widget\" data-e-type=\"widget\" data-widget_type=\"heading.default\">\n\t\t\t\t\t<h2 class=\"elementor-heading-title elementor-size-default\">BOYA KAPORTA TEST<\/h2>\t\t\t\t<\/div>\n\t\t\t\t\t<\/div>\n\t\t<\/div>\n\t\t\t\t\t<\/div>\n\t\t<\/section>\n\t\t\t\t<section class=\"elementor-section elementor-top-section elementor-element elementor-element-82f1cb6 elementor-section-boxed elementor-section-height-default elementor-section-height-default\" data-id=\"82f1cb6\" data-element_type=\"section\" data-e-type=\"section\">\n\t\t\t\t\t\t<div class=\"elementor-container elementor-column-gap-default\">\n\t\t\t\t\t<div class=\"elementor-column elementor-col-50 elementor-top-column elementor-element elementor-element-e7e9135\" data-id=\"e7e9135\" data-element_type=\"column\" data-e-type=\"column\">\n\t\t\t<div class=\"elementor-widget-wrap elementor-element-populated\">\n\t\t\t\t\t\t<div class=\"elementor-element elementor-element-50d6b20 elementor-widget elementor-widget-heading\" data-id=\"50d6b20\" data-element_type=\"widget\" data-e-type=\"widget\" data-widget_type=\"heading.default\">\n\t\t\t\t\t<h2 class=\"elementor-heading-title elementor-size-default\">Boya Kaporta Test<\/h2>\t\t\t\t<\/div>\n\t\t\t\t<div class=\"elementor-element elementor-element-bb70c70 elementor-widget elementor-widget-text-editor\" data-id=\"bb70c70\" data-element_type=\"widget\" data-e-type=\"widget\" data-widget_type=\"text-editor.default\">\n\t\t\t\t\t\t\t\t\t<p>Otomobil al\u0131m- sat\u0131mlar\u0131n \u00f6nemli bir role sahip olan etmenlerden birisi de <strong>boya kaporta test<\/strong> etmenidir. Arac\u0131n daha \u00f6nce i\u015flem g\u00f6r\u00fcp g\u00f6rmedi\u011finin belirlenmesi konusunda bu hizmetler \u00f6nemlidir. Firmam\u0131z sizlere bu hizmetler hakk\u0131nda geni\u015f rapor olanaklar\u0131 sunuyor. Sunmu\u015f oldu\u011fumuz hizmetler ile boya kaporta testi alan\u0131nda sizlere derin ve ayr\u0131nt\u0131l\u0131 bir ekspertiz raporu haz\u0131rl\u0131yoruz. B\u00f6ylelikle ara\u00e7lar\u0131n daha \u00f6nce i\u015flem g\u00f6r\u00fcp g\u00f6rmedi\u011fi konusunda bilgi sahibi olma imkan\u0131na sahip oluyorsunuz. Uzman personellerimiz b\u00fct\u00fcn s\u00fcreci sizler i\u00e7in en iyi standartlarda planl\u0131yor.<\/p><p>Sizlere derinlemesine bir ekspertiz hizmeti sunarak sekt\u00f6r\u00fcn en \u00e7ok tercih edilen kurumu olarak tan\u0131nmaktay\u0131z. Bizlerden alaca\u011f\u0131n\u0131z hizmetler ile g\u00fcvenilir bir oto ekspertiz deneyimine eri\u015febilirsiniz.<\/p>\t\t\t\t\t\t\t\t<\/div>\n\t\t\t\t<div class=\"elementor-element elementor-element-4e22448 elementor-widget elementor-widget-heading\" data-id=\"4e22448\" data-element_type=\"widget\" data-e-type=\"widget\" data-widget_type=\"heading.default\">\n\t\t\t\t\t<h2 class=\"elementor-heading-title elementor-size-default\">Boya Kaporta Test Hizmetleri<\/h2>\t\t\t\t<\/div>\n\t\t\t\t<div class=\"elementor-element elementor-element-69396db elementor-widget elementor-widget-text-editor\" data-id=\"69396db\" data-element_type=\"widget\" data-e-type=\"widget\" data-widget_type=\"text-editor.default\">\n\t\t\t\t\t\t\t\t\t<p><strong>Boya kaporta test<\/strong> hizmetleri g\u00fcn\u00fcm\u00fczde uzman i\u015f\u00e7ili\u011fi gerektiren bir sekt\u00f6rel alan olarak \u00f6n plana \u00e7\u0131k\u0131yor. Bu alanda alaca\u011f\u0131n\u0131z hizmetlerin g\u00fcvenilir oto- ekspertiz firmalar\u0131ndan al\u0131nmas\u0131 \u00f6nemlidir. Firmam\u0131z g\u00fcvenilir oto- ekspertiz firmalar\u0131 aras\u0131nda ilk s\u0131rada yer almay\u0131 ba\u015faran sekt\u00f6r\u00fcn ba\u015far\u0131l\u0131 kurumlar\u0131ndan biridir. Sizlere bu kapsamda;<\/p><ol><li>Ara\u00e7 \u015fasi kontrolleri,<\/li><li>\u00d6n panel ve arka panel kontrolleri,<\/li><li>G\u00f6vde kontrol,<\/li><li>\u00c7amurluk kontrol\u00fc,<\/li><li>Kap\u0131 kontrolleri,<\/li><li>Arka bagaj- tavan kontrolleri,<\/li><li>Havuz sa\u00e7\u0131- direk- podye kontrolleri,<\/li><li>Tampon- travers kontrolleri,<\/li><\/ol><p>Sizlere yukar\u0131daki hizmetlerin tamam\u0131n\u0131 uzman i\u015f\u00e7ilik standartlar\u0131 dahilinde sunmay\u0131 ba\u015far\u0131yoruz. Profesyonel oto- ekspertiz kurumu olarak sunmu\u015f oldu\u011fumuz hizmetler sigortal\u0131 hizmet olanaklar\u0131na mensuptur.<\/p>\t\t\t\t\t\t\t\t<\/div>\n\t\t\t\t<div class=\"elementor-element elementor-element-cfe9488 elementor-widget elementor-widget-heading\" data-id=\"cfe9488\" data-element_type=\"widget\" data-e-type=\"widget\" data-widget_type=\"heading.default\">\n\t\t\t\t\t<h2 class=\"elementor-heading-title elementor-size-default\">Boya Kaporta Test Fiyatlar\u0131<\/h2>\t\t\t\t<\/div>\n\t\t\t\t<div class=\"elementor-element elementor-element-d97b3c6 elementor-widget elementor-widget-text-editor\" data-id=\"d97b3c6\" data-element_type=\"widget\" data-e-type=\"widget\" data-widget_type=\"text-editor.default\">\n\t\t\t\t\t\t\t\t\t<p>Firmam\u0131z\u0131n sunmu\u015f oldu\u011fu hizmetlerin fiyatlar\u0131 herkes taraf\u0131ndan merak edilen unsurlar aras\u0131nda bulunuyor. Sizlere sunmu\u015f oldu\u011fumuz hizmetlerin tamam\u0131 garantili hizmet stat\u00fcs\u00fcne sahiptir. Firmam\u0131z bu alanda sunmu\u015f oldu\u011fu hizmetler ile sekt\u00f6rde fark\u0131n\u0131 ortaya koymay\u0131 ba\u015farm\u0131\u015f, g\u00fcn\u00fcm\u00fcz\u00fcn en pop\u00fcler firmalar\u0131ndan biri konumunda yer alm\u0131\u015ft\u0131r. Sizlere y\u0131llar\u0131n deneyimiyle bu alanda kaporta testi hizmeti sunuyor ve sizlerin g\u00fcvenini sa\u011fl\u0131yoruz. Derinlemesine ara\u00e7larda incelemeler yaparak fabrika boyas\u0131 yap\u0131l\u0131p yap\u0131lmad\u0131\u011f\u0131n\u0131 ortaya \u00e7\u0131kar\u0131yoruz.<\/p><p>Bizden alaca\u011f\u0131n\u0131z hizmetler sekt\u00f6rdeki di\u011fer firmalar\u0131n aksine ekonomik hizmetlerdir. Sizlere sekt\u00f6r\u00fcn en ekonomik ve cazip fiyat tekliflerini sunarak fark\u0131m\u0131z\u0131 ortaya koymay\u0131 ba\u015far\u0131yor ve sizlere en iyiyi sa\u011fl\u0131yoruz.<\/p>\t\t\t\t\t\t\t\t<\/div>\n\t\t\t\t\t<\/div>\n\t\t<\/div>\n\t\t\t\t<div class=\"elementor-column elementor-col-50 elementor-top-column elementor-element elementor-element-dd44bf7\" data-id=\"dd44bf7\" data-element_type=\"column\" data-e-type=\"column\">\n\t\t\t<div class=\"elementor-widget-wrap elementor-element-populated\">\n\t\t\t\t\t\t<div class=\"elementor-element elementor-element-6c81e32 elementor-widget elementor-widget-image\" data-id=\"6c81e32\" data-element_type=\"widget\" data-e-type=\"widget\" data-widget_type=\"image.default\">\n\t\t\t\t\t\t\t\t\t\t\t\t\t\t\t<img fetchpriority=\"high\" decoding=\"async\" width=\"768\" height=\"512\" src=\"https:\/\/pilotgarageyenibosna.com\/wp-content\/uploads\/2022\/09\/boya-kaporta-test.jpg\" class=\"attachment-large size-large wp-image-336\" alt=\"\" srcset=\"https:\/\/pilotgarageyenibosna.com\/wp-content\/uploads\/2022\/09\/boya-kaporta-test.jpg 768w, https:\/\/pilotgarageyenibosna.com\/wp-content\/uploads\/2022\/09\/boya-kaporta-test-300x200.jpg 300w\" sizes=\"(max-width: 768px) 100vw, 768px\" \/>\t\t\t\t\t\t\t\t\t\t\t\t\t\t\t<\/div>\n\t\t\t\t\t<\/div>\n\t\t<\/div>\n\t\t\t\t\t<\/div>\n\t\t<\/section>\n\t\t\t\t<\/div>\n\t\t","protected":false},"excerpt":{"rendered":"<p>BOYA KAPORTA TEST Boya Kaporta Test Otomobil al\u0131m- sat\u0131mlar\u0131n \u00f6nemli bir role sahip olan etmenlerden birisi de boya kaporta test etmenidir. Arac\u0131n daha \u00f6nce i\u015flem g\u00f6r\u00fcp g\u00f6rmedi\u011finin belirlenmesi konusunda bu hizmetler \u00f6nemlidir. Firmam\u0131z sizlere bu hizmetler hakk\u0131nda geni\u015f rapor olanaklar\u0131 sunuyor. Sunmu\u015f oldu\u011fumuz hizmetler ile boya kaporta testi alan\u0131nda sizlere derin ve ayr\u0131nt\u0131l\u0131 bir ekspertiz [&hellip;]<\/p>\n","protected":false},"author":1,"featured_media":0,"parent":369,"menu_order":0,"comment_status":"closed","ping_status":"closed","template":"","meta":{"footnotes":""},"class_list":["post-417","page","type-page","status-publish","hentry"],"yoast_head":"<!-- This site is optimized with the Yoast SEO plugin v27.4 - https:\/\/yoast.com\/product\/yoast-seo-wordpress\/ -->\n<title>Boya Kaporta Test - Pilot Garage Yenibosna - www.pilotgarageyenibosna.com<\/title>\n<meta name=\"robots\" content=\"index, follow, max-snippet:-1, max-image-preview:large, max-video-preview:-1\" \/>\n<link rel=\"canonical\" href=\"https:\/\/pilotgarageyenibosna.com\/hizmetlerimiz\/boya-kaporta-test\/\" \/>\n<meta property=\"og:locale\" content=\"tr_TR\" \/>\n<meta property=\"og:type\" content=\"article\" \/>\n<meta property=\"og:title\" content=\"Boya Kaporta Test - Pilot Garage Yenibosna - www.pilotgarageyenibosna.com\" \/>\n<meta property=\"og:description\" content=\"BOYA KAPORTA TEST Boya Kaporta Test Otomobil al\u0131m- sat\u0131mlar\u0131n \u00f6nemli bir role sahip olan etmenlerden birisi de boya kaporta test etmenidir. Arac\u0131n daha \u00f6nce i\u015flem g\u00f6r\u00fcp g\u00f6rmedi\u011finin belirlenmesi konusunda bu hizmetler \u00f6nemlidir. Firmam\u0131z sizlere bu hizmetler hakk\u0131nda geni\u015f rapor olanaklar\u0131 sunuyor. Sunmu\u015f oldu\u011fumuz hizmetler ile boya kaporta testi alan\u0131nda sizlere derin ve ayr\u0131nt\u0131l\u0131 bir ekspertiz [&hellip;]\" \/>\n<meta property=\"og:url\" content=\"https:\/\/pilotgarageyenibosna.com\/hizmetlerimiz\/boya-kaporta-test\/\" \/>\n<meta property=\"og:site_name\" content=\"Pilot Garage Yenibosna - www.pilotgarageyenibosna.com\" \/>\n<meta property=\"article:modified_time\" content=\"2022-09-19T12:31:16+00:00\" \/>\n<meta property=\"og:image\" content=\"http:\/\/pilotgarageyenibosna.com\/wp-content\/uploads\/2022\/09\/boya-kaporta-test.jpg\" \/>\n<meta name=\"twitter:card\" content=\"summary_large_image\" \/>\n<meta name=\"twitter:label1\" content=\"Tahmini okuma s\u00fcresi\" \/>\n\t<meta name=\"twitter:data1\" content=\"2 dakika\" \/>\n<script type=\"application\/ld+json\" class=\"yoast-schema-graph\">{\"@context\":\"https:\\\/\\\/schema.org\",\"@graph\":[{\"@type\":\"WebPage\",\"@id\":\"https:\\\/\\\/pilotgarageyenibosna.com\\\/hizmetlerimiz\\\/boya-kaporta-test\\\/\",\"url\":\"https:\\\/\\\/pilotgarageyenibosna.com\\\/hizmetlerimiz\\\/boya-kaporta-test\\\/\",\"name\":\"Boya Kaporta Test - Pilot Garage Yenibosna - www.pilotgarageyenibosna.com\",\"isPartOf\":{\"@id\":\"https:\\\/\\\/pilotgarageyenibosna.com\\\/#website\"},\"primaryImageOfPage\":{\"@id\":\"https:\\\/\\\/pilotgarageyenibosna.com\\\/hizmetlerimiz\\\/boya-kaporta-test\\\/#primaryimage\"},\"image\":{\"@id\":\"https:\\\/\\\/pilotgarageyenibosna.com\\\/hizmetlerimiz\\\/boya-kaporta-test\\\/#primaryimage\"},\"thumbnailUrl\":\"http:\\\/\\\/pilotgarageyenibosna.com\\\/wp-content\\\/uploads\\\/2022\\\/09\\\/boya-kaporta-test.jpg\",\"datePublished\":\"2022-09-19T12:27:30+00:00\",\"dateModified\":\"2022-09-19T12:31:16+00:00\",\"breadcrumb\":{\"@id\":\"https:\\\/\\\/pilotgarageyenibosna.com\\\/hizmetlerimiz\\\/boya-kaporta-test\\\/#breadcrumb\"},\"inLanguage\":\"tr\",\"potentialAction\":[{\"@type\":\"ReadAction\",\"target\":[\"https:\\\/\\\/pilotgarageyenibosna.com\\\/hizmetlerimiz\\\/boya-kaporta-test\\\/\"]}]},{\"@type\":\"ImageObject\",\"inLanguage\":\"tr\",\"@id\":\"https:\\\/\\\/pilotgarageyenibosna.com\\\/hizmetlerimiz\\\/boya-kaporta-test\\\/#primaryimage\",\"url\":\"https:\\\/\\\/pilotgarageyenibosna.com\\\/wp-content\\\/uploads\\\/2022\\\/09\\\/boya-kaporta-test.jpg\",\"contentUrl\":\"https:\\\/\\\/pilotgarageyenibosna.com\\\/wp-content\\\/uploads\\\/2022\\\/09\\\/boya-kaporta-test.jpg\",\"width\":768,\"height\":512},{\"@type\":\"BreadcrumbList\",\"@id\":\"https:\\\/\\\/pilotgarageyenibosna.com\\\/hizmetlerimiz\\\/boya-kaporta-test\\\/#breadcrumb\",\"itemListElement\":[{\"@type\":\"ListItem\",\"position\":1,\"name\":\"Home\",\"item\":\"https:\\\/\\\/pilotgarageyenibosna.com\\\/\"},{\"@type\":\"ListItem\",\"position\":2,\"name\":\"Hizmetlerimiz\",\"item\":\"https:\\\/\\\/pilotgarageyenibosna.com\\\/hizmetlerimiz\\\/\"},{\"@type\":\"ListItem\",\"position\":3,\"name\":\"Boya Kaporta Test\"}]},{\"@type\":\"WebSite\",\"@id\":\"https:\\\/\\\/pilotgarageyenibosna.com\\\/#website\",\"url\":\"https:\\\/\\\/pilotgarageyenibosna.com\\\/\",\"name\":\"Pilot Garage Yenibosna - www.pilotgarageyenibosna.com\",\"description\":\"Pilot Garage Yenibosna - www.pilotgarageyenibosna.com\",\"publisher\":{\"@id\":\"https:\\\/\\\/pilotgarageyenibosna.com\\\/#organization\"},\"potentialAction\":[{\"@type\":\"SearchAction\",\"target\":{\"@type\":\"EntryPoint\",\"urlTemplate\":\"https:\\\/\\\/pilotgarageyenibosna.com\\\/?s={search_term_string}\"},\"query-input\":{\"@type\":\"PropertyValueSpecification\",\"valueRequired\":true,\"valueName\":\"search_term_string\"}}],\"inLanguage\":\"tr\"},{\"@type\":\"Organization\",\"@id\":\"https:\\\/\\\/pilotgarageyenibosna.com\\\/#organization\",\"name\":\"Pilot Garage Yenibosna - www.pilotgarageyenibosna.com\",\"url\":\"https:\\\/\\\/pilotgarageyenibosna.com\\\/\",\"logo\":{\"@type\":\"ImageObject\",\"inLanguage\":\"tr\",\"@id\":\"https:\\\/\\\/pilotgarageyenibosna.com\\\/#\\\/schema\\\/logo\\\/image\\\/\",\"url\":\"https:\\\/\\\/pilotgarageyenibosna.com\\\/wp-content\\\/uploads\\\/2022\\\/09\\\/pilot-garage-yenibosna-logo.png\",\"contentUrl\":\"https:\\\/\\\/pilotgarageyenibosna.com\\\/wp-content\\\/uploads\\\/2022\\\/09\\\/pilot-garage-yenibosna-logo.png\",\"width\":300,\"height\":41,\"caption\":\"Pilot Garage Yenibosna - www.pilotgarageyenibosna.com\"},\"image\":{\"@id\":\"https:\\\/\\\/pilotgarageyenibosna.com\\\/#\\\/schema\\\/logo\\\/image\\\/\"}}]}<\/script>\n<!-- \/ Yoast SEO plugin. -->","yoast_head_json":{"title":"Boya Kaporta Test - Pilot Garage Yenibosna - www.pilotgarageyenibosna.com","robots":{"index":"index","follow":"follow","max-snippet":"max-snippet:-1","max-image-preview":"max-image-preview:large","max-video-preview":"max-video-preview:-1"},"canonical":"https:\/\/pilotgarageyenibosna.com\/hizmetlerimiz\/boya-kaporta-test\/","og_locale":"tr_TR","og_type":"article","og_title":"Boya Kaporta Test - Pilot Garage Yenibosna - www.pilotgarageyenibosna.com","og_description":"BOYA KAPORTA TEST Boya Kaporta Test Otomobil al\u0131m- sat\u0131mlar\u0131n \u00f6nemli bir role sahip olan etmenlerden birisi de boya kaporta test etmenidir. Arac\u0131n daha \u00f6nce i\u015flem g\u00f6r\u00fcp g\u00f6rmedi\u011finin belirlenmesi konusunda bu hizmetler \u00f6nemlidir. Firmam\u0131z sizlere bu hizmetler hakk\u0131nda geni\u015f rapor olanaklar\u0131 sunuyor. Sunmu\u015f oldu\u011fumuz hizmetler ile boya kaporta testi alan\u0131nda sizlere derin ve ayr\u0131nt\u0131l\u0131 bir ekspertiz [&hellip;]","og_url":"https:\/\/pilotgarageyenibosna.com\/hizmetlerimiz\/boya-kaporta-test\/","og_site_name":"Pilot Garage Yenibosna - www.pilotgarageyenibosna.com","article_modified_time":"2022-09-19T12:31:16+00:00","og_image":[{"url":"http:\/\/pilotgarageyenibosna.com\/wp-content\/uploads\/2022\/09\/boya-kaporta-test.jpg","type":"","width":"","height":""}],"twitter_card":"summary_large_image","twitter_misc":{"Tahmini okuma s\u00fcresi":"2 dakika"},"schema":{"@context":"https:\/\/schema.org","@graph":[{"@type":"WebPage","@id":"https:\/\/pilotgarageyenibosna.com\/hizmetlerimiz\/boya-kaporta-test\/","url":"https:\/\/pilotgarageyenibosna.com\/hizmetlerimiz\/boya-kaporta-test\/","name":"Boya Kaporta Test - Pilot Garage Yenibosna - www.pilotgarageyenibosna.com","isPartOf":{"@id":"https:\/\/pilotgarageyenibosna.com\/#website"},"primaryImageOfPage":{"@id":"https:\/\/pilotgarageyenibosna.com\/hizmetlerimiz\/boya-kaporta-test\/#primaryimage"},"image":{"@id":"https:\/\/pilotgarageyenibosna.com\/hizmetlerimiz\/boya-kaporta-test\/#primaryimage"},"thumbnailUrl":"http:\/\/pilotgarageyenibosna.com\/wp-content\/uploads\/2022\/09\/boya-kaporta-test.jpg","datePublished":"2022-09-19T12:27:30+00:00","dateModified":"2022-09-19T12:31:16+00:00","breadcrumb":{"@id":"https:\/\/pilotgarageyenibosna.com\/hizmetlerimiz\/boya-kaporta-test\/#breadcrumb"},"inLanguage":"tr","potentialAction":[{"@type":"ReadAction","target":["https:\/\/pilotgarageyenibosna.com\/hizmetlerimiz\/boya-kaporta-test\/"]}]},{"@type":"ImageObject","inLanguage":"tr","@id":"https:\/\/pilotgarageyenibosna.com\/hizmetlerimiz\/boya-kaporta-test\/#primaryimage","url":"https:\/\/pilotgarageyenibosna.com\/wp-content\/uploads\/2022\/09\/boya-kaporta-test.jpg","contentUrl":"https:\/\/pilotgarageyenibosna.com\/wp-content\/uploads\/2022\/09\/boya-kaporta-test.jpg","width":768,"height":512},{"@type":"BreadcrumbList","@id":"https:\/\/pilotgarageyenibosna.com\/hizmetlerimiz\/boya-kaporta-test\/#breadcrumb","itemListElement":[{"@type":"ListItem","position":1,"name":"Home","item":"https:\/\/pilotgarageyenibosna.com\/"},{"@type":"ListItem","position":2,"name":"Hizmetlerimiz","item":"https:\/\/pilotgarageyenibosna.com\/hizmetlerimiz\/"},{"@type":"ListItem","position":3,"name":"Boya Kaporta Test"}]},{"@type":"WebSite","@id":"https:\/\/pilotgarageyenibosna.com\/#website","url":"https:\/\/pilotgarageyenibosna.com\/","name":"Pilot Garage Yenibosna - www.pilotgarageyenibosna.com","description":"Pilot Garage Yenibosna - www.pilotgarageyenibosna.com","publisher":{"@id":"https:\/\/pilotgarageyenibosna.com\/#organization"},"potentialAction":[{"@type":"SearchAction","target":{"@type":"EntryPoint","urlTemplate":"https:\/\/pilotgarageyenibosna.com\/?s={search_term_string}"},"query-input":{"@type":"PropertyValueSpecification","valueRequired":true,"valueName":"search_term_string"}}],"inLanguage":"tr"},{"@type":"Organization","@id":"https:\/\/pilotgarageyenibosna.com\/#organization","name":"Pilot Garage Yenibosna - www.pilotgarageyenibosna.com","url":"https:\/\/pilotgarageyenibosna.com\/","logo":{"@type":"ImageObject","inLanguage":"tr","@id":"https:\/\/pilotgarageyenibosna.com\/#\/schema\/logo\/image\/","url":"https:\/\/pilotgarageyenibosna.com\/wp-content\/uploads\/2022\/09\/pilot-garage-yenibosna-logo.png","contentUrl":"https:\/\/pilotgarageyenibosna.com\/wp-content\/uploads\/2022\/09\/pilot-garage-yenibosna-logo.png","width":300,"height":41,"caption":"Pilot Garage Yenibosna - www.pilotgarageyenibosna.com"},"image":{"@id":"https:\/\/pilotgarageyenibosna.com\/#\/schema\/logo\/image\/"}}]}},"_links":{"self":[{"href":"https:\/\/pilotgarageyenibosna.com\/index.php\/wp-json\/wp\/v2\/pages\/417","targetHints":{"allow":["GET"]}}],"collection":[{"href":"https:\/\/pilotgarageyenibosna.com\/index.php\/wp-json\/wp\/v2\/pages"}],"about":[{"href":"https:\/\/pilotgarageyenibosna.com\/index.php\/wp-json\/wp\/v2\/types\/page"}],"author":[{"embeddable":true,"href":"https:\/\/pilotgarageyenibosna.com\/index.php\/wp-json\/wp\/v2\/users\/1"}],"replies":[{"embeddable":true,"href":"https:\/\/pilotgarageyenibosna.com\/index.php\/wp-json\/wp\/v2\/comments?post=417"}],"version-history":[{"count":7,"href":"https:\/\/pilotgarageyenibosna.com\/index.php\/wp-json\/wp\/v2\/pages\/417\/revisions"}],"predecessor-version":[{"id":425,"href":"https:\/\/pilotgarageyenibosna.com\/index.php\/wp-json\/wp\/v2\/pages\/417\/revisions\/425"}],"up":[{"embeddable":true,"href":"https:\/\/pilotgarageyenibosna.com\/index.php\/wp-json\/wp\/v2\/pages\/369"}],"wp:attachment":[{"href":"https:\/\/pilotgarageyenibosna.com\/index.php\/wp-json\/wp\/v2\/media?parent=417"}],"curies":[{"name":"wp","href":"https:\/\/api.w.org\/{rel}","templated":true}]}}