{"id":407,"date":"2022-09-19T12:22:21","date_gmt":"2022-09-19T12:22:21","guid":{"rendered":"http:\/\/pilotgarageyenibosna.com\/?page_id=407"},"modified":"2022-09-19T12:27:03","modified_gmt":"2022-09-19T12:27:03","slug":"ariza-tespit","status":"publish","type":"page","link":"https:\/\/pilotgarageyenibosna.com\/hizmetlerimiz\/ariza-tespit\/","title":{"rendered":"Ar\u0131za Tespit"},"content":{"rendered":"\t\t<div data-elementor-type=\"wp-page\" data-elementor-id=\"407\" class=\"elementor elementor-407\" data-elementor-post-type=\"page\">\n\t\t\t\t\t\t<section class=\"elementor-section elementor-top-section elementor-element elementor-element-2ecf1df elementor-section-full_width elementor-section-height-min-height elementor-section-height-default elementor-section-items-middle\" data-id=\"2ecf1df\" data-element_type=\"section\" data-e-type=\"section\" data-settings=\"{&quot;background_background&quot;:&quot;classic&quot;}\">\n\t\t\t\t\t\t\t<div class=\"elementor-background-overlay\"><\/div>\n\t\t\t\t\t\t\t<div class=\"elementor-container elementor-column-gap-default\">\n\t\t\t\t\t<div class=\"elementor-column elementor-col-100 elementor-top-column elementor-element elementor-element-f9010b8\" data-id=\"f9010b8\" data-element_type=\"column\" data-e-type=\"column\">\n\t\t\t<div class=\"elementor-widget-wrap elementor-element-populated\">\n\t\t\t\t\t\t<div class=\"elementor-element elementor-element-c8ccf0f elementor-widget elementor-widget-heading\" data-id=\"c8ccf0f\" data-element_type=\"widget\" data-e-type=\"widget\" data-widget_type=\"heading.default\">\n\t\t\t\t\t<h2 class=\"elementor-heading-title elementor-size-default\">ARIZA TESP\u0130T<\/h2>\t\t\t\t<\/div>\n\t\t\t\t\t<\/div>\n\t\t<\/div>\n\t\t\t\t\t<\/div>\n\t\t<\/section>\n\t\t\t\t<section class=\"elementor-section elementor-top-section elementor-element elementor-element-82f1cb6 elementor-section-boxed elementor-section-height-default elementor-section-height-default\" data-id=\"82f1cb6\" data-element_type=\"section\" data-e-type=\"section\">\n\t\t\t\t\t\t<div class=\"elementor-container elementor-column-gap-default\">\n\t\t\t\t\t<div class=\"elementor-column elementor-col-50 elementor-top-column elementor-element elementor-element-e7e9135\" data-id=\"e7e9135\" data-element_type=\"column\" data-e-type=\"column\">\n\t\t\t<div class=\"elementor-widget-wrap elementor-element-populated\">\n\t\t\t\t\t\t<div class=\"elementor-element elementor-element-50d6b20 elementor-widget elementor-widget-heading\" data-id=\"50d6b20\" data-element_type=\"widget\" data-e-type=\"widget\" data-widget_type=\"heading.default\">\n\t\t\t\t\t<h2 class=\"elementor-heading-title elementor-size-default\">Ar\u0131za Tespit<\/h2>\t\t\t\t<\/div>\n\t\t\t\t<div class=\"elementor-element elementor-element-bb70c70 elementor-widget elementor-widget-text-editor\" data-id=\"bb70c70\" data-element_type=\"widget\" data-e-type=\"widget\" data-widget_type=\"text-editor.default\">\n\t\t\t\t\t\t\t\t\t<p>Motor ar\u0131zas\u0131, d\u00fcnya \u00e7ap\u0131nda kazalar\u0131n ve felaketlerin ba\u015fl\u0131ca nedenlerinden biridir. Tasar\u0131m gere\u011fi, her motor bu t\u00fcr olaylar\u0131 \u00f6nlemek i\u00e7in bir otomatik <strong>ar\u0131za tespit<\/strong> \u201calg\u0131lama\u201d sistemine sahiptir. Bir motor ar\u0131zaland\u0131\u011f\u0131nda, s\u00fcr\u00fcc\u00fc taraf\u0131ndan duyulabilen belirli bir g\u00fcr\u00fclt\u00fc t\u00fcr\u00fc \u00fcretir. Ancak, her s\u00fcr\u00fcc\u00fc g\u00fcr\u00fclt\u00fcy\u00fc duyamaz ve bu da motor sorunlar\u0131n\u0131n te\u015fhis edilmesini zorla\u015ft\u0131r\u0131r. S\u00fcr\u00fcc\u00fcler, motorun ar\u0131zalar\u0131 nas\u0131l tespit etti\u011fini anlayarak s\u00fcr\u00fc\u015f becerilerini geli\u015ftirebilir ve motorun \u00e7al\u0131\u015fma s\u00fcrelerini k\u0131saltabilir. Firmam\u0131z sizlere ar\u0131za tespit alan\u0131nda en iyi hizmetleri sunuyor.<\/p>\t\t\t\t\t\t\t\t<\/div>\n\t\t\t\t<div class=\"elementor-element elementor-element-4e22448 elementor-widget elementor-widget-heading\" data-id=\"4e22448\" data-element_type=\"widget\" data-e-type=\"widget\" data-widget_type=\"heading.default\">\n\t\t\t\t\t<h2 class=\"elementor-heading-title elementor-size-default\">Ar\u0131za Tespit Neden Yap\u0131l\u0131r?<\/h2>\t\t\t\t<\/div>\n\t\t\t\t<div class=\"elementor-element elementor-element-69396db elementor-widget elementor-widget-text-editor\" data-id=\"69396db\" data-element_type=\"widget\" data-e-type=\"widget\" data-widget_type=\"text-editor.default\">\n\t\t\t\t\t\t\t\t\t<p>Her motorun i\u00e7indeki d\u00e2hili bir sistem belirli ar\u0131zalar\u0131 tespit eder. Motorun bir par\u00e7as\u0131 bozuldu\u011funda, s\u00fcr\u00fcc\u00fc taraf\u0131ndan duyulabilen belirgin bir ses vard\u0131r. Baz\u0131 durumlarda sistem, s\u00fcr\u00fcc\u00fcy\u00fc de uyarmak i\u00e7in bir titre\u015fim g\u00f6nderir. Ayr\u0131ca, motor ar\u0131zas\u0131 oldu\u011funda yak\u0131t t\u00fcketimi artacak ve ara\u00e7 daha az verimli hale gelecektir. Bu durumda motorun \u00fcretti\u011fi enerji at\u0131k olarak at\u0131lacakt\u0131r. Otomobil \u00fcreticileri bu nas\u0131l tespit edeceklerini bildiklerinden, s\u00fcr\u00fcc\u00fcler motorlar\u0131na \u00e7ok dikkat ederek onlara yard\u0131mc\u0131 olabilir. Firmam\u0131zdan bu konuda g\u00fcvenlikli hizmetler alabilirsiniz.<\/p><p>S\u00fcr\u00fcc\u00fcler bir motorda sorun oldu\u011funu fark etmezlerse, \u00e7ok fazla yak\u0131t israf\u0131na ve b\u00fcy\u00fck emisyonlara neden olabilirler. Belirli sesler ve titre\u015fim e\u011filimleri, bir motorun ar\u0131zal\u0131 oldu\u011funu g\u00f6sterir, ancak ar\u0131zalar\u0131 alet ve aletlerle te\u015fhis etmek de m\u00fcmk\u00fcnd\u00fcr. D\u00e2hili motor sorunlar\u0131n\u0131 te\u015fhis ederken ola\u011fand\u0131\u015f\u0131 sesleri dinleyin veya anormal titre\u015fimleri izleyin. Firmam\u0131z <strong>ar\u0131za tespit<\/strong> alan\u0131nda sizlere sorun te\u015fhis etmede en iyiyi sa\u011fl\u0131yor.<\/p>\t\t\t\t\t\t\t\t<\/div>\n\t\t\t\t<div class=\"elementor-element elementor-element-cfe9488 elementor-widget elementor-widget-heading\" data-id=\"cfe9488\" data-element_type=\"widget\" data-e-type=\"widget\" data-widget_type=\"heading.default\">\n\t\t\t\t\t<h2 class=\"elementor-heading-title elementor-size-default\">Ar\u0131za Tespit Hizmetleri Nelerdir?<\/h2>\t\t\t\t<\/div>\n\t\t\t\t<div class=\"elementor-element elementor-element-d97b3c6 elementor-widget elementor-widget-text-editor\" data-id=\"d97b3c6\" data-element_type=\"widget\" data-e-type=\"widget\" data-widget_type=\"text-editor.default\">\n\t\t\t\t\t\t\t\t\t<p>Ar\u0131zal\u0131 motorlar, d\u00fczg\u00fcn \u00e7al\u0131\u015fmas\u0131 i\u00e7in \u00e7ok \u00e7al\u0131\u015fmak zorunda olmad\u0131klar\u0131 i\u00e7in daha az emisyon yayar. Bu onlar\u0131 \u015fehir ve ula\u015f\u0131m operasyonlar\u0131 i\u00e7in \u00e7ok daha uygun hale getirir. Azalan yak\u0131t t\u00fcketimi, \u00e7al\u0131\u015ft\u0131rma maliyetlerini d\u00fc\u015f\u00fcrmeye yard\u0131mc\u0131 olur ve ara\u00e7lar\u0131 yak\u0131t kullan\u0131m\u0131 a\u00e7\u0131s\u0131ndan daha \u00e7evre dostu hale getirir. Firmam\u0131z sizlere <strong>ar\u0131za tespit<\/strong> alan\u0131nda son derece h\u0131zl\u0131 ve kurumsal hizmetler sunmay\u0131 ba\u015far\u0131yor. Sunmu\u015f oldu\u011fumuz hizmetlerle sekt\u00f6r\u00fcn en \u00e7ok tercih edilen kurumlar\u0131 aras\u0131nda bulunuyoruz. Bizi tercih ederek sizde;<\/p><ul><li>\u015eanz\u0131man beyni ar\u0131za kontrol\u00fc,<\/li><li>Airbag beyni ar\u0131za kontrol\u00fc,<\/li><li>Ara\u00e7 beyni par\u00e7alar\u0131 kontrol\u00fc,<\/li><li>Elektronik aksam kontrolleri,<\/li><\/ul><p>Alan\u0131nda bizlerden hizmetler alabilirsiniz. Sizlere son teknoloji diyagnoztik aletlerle hizmetler sunuyoruz.<\/p>\t\t\t\t\t\t\t\t<\/div>\n\t\t\t\t\t<\/div>\n\t\t<\/div>\n\t\t\t\t<div class=\"elementor-column elementor-col-50 elementor-top-column elementor-element elementor-element-dd44bf7\" data-id=\"dd44bf7\" data-element_type=\"column\" data-e-type=\"column\">\n\t\t\t<div class=\"elementor-widget-wrap elementor-element-populated\">\n\t\t\t\t\t\t<div class=\"elementor-element elementor-element-6c81e32 elementor-widget elementor-widget-image\" data-id=\"6c81e32\" data-element_type=\"widget\" data-e-type=\"widget\" data-widget_type=\"image.default\">\n\t\t\t\t\t\t\t\t\t\t\t\t\t\t\t<img fetchpriority=\"high\" decoding=\"async\" width=\"768\" height=\"512\" src=\"https:\/\/pilotgarageyenibosna.com\/wp-content\/uploads\/2022\/09\/ariza-tespit.jpg\" class=\"attachment-large size-large wp-image-331\" alt=\"\" srcset=\"https:\/\/pilotgarageyenibosna.com\/wp-content\/uploads\/2022\/09\/ariza-tespit.jpg 768w, https:\/\/pilotgarageyenibosna.com\/wp-content\/uploads\/2022\/09\/ariza-tespit-300x200.jpg 300w\" sizes=\"(max-width: 768px) 100vw, 768px\" \/>\t\t\t\t\t\t\t\t\t\t\t\t\t\t\t<\/div>\n\t\t\t\t\t<\/div>\n\t\t<\/div>\n\t\t\t\t\t<\/div>\n\t\t<\/section>\n\t\t\t\t<\/div>\n\t\t","protected":false},"excerpt":{"rendered":"<p>ARIZA TESP\u0130T Ar\u0131za Tespit Motor ar\u0131zas\u0131, d\u00fcnya \u00e7ap\u0131nda kazalar\u0131n ve felaketlerin ba\u015fl\u0131ca nedenlerinden biridir. Tasar\u0131m gere\u011fi, her motor bu t\u00fcr olaylar\u0131 \u00f6nlemek i\u00e7in bir otomatik ar\u0131za tespit \u201calg\u0131lama\u201d sistemine sahiptir. Bir motor ar\u0131zaland\u0131\u011f\u0131nda, s\u00fcr\u00fcc\u00fc taraf\u0131ndan duyulabilen belirli bir g\u00fcr\u00fclt\u00fc t\u00fcr\u00fc \u00fcretir. Ancak, her s\u00fcr\u00fcc\u00fc g\u00fcr\u00fclt\u00fcy\u00fc duyamaz ve bu da motor sorunlar\u0131n\u0131n te\u015fhis edilmesini zorla\u015ft\u0131r\u0131r. S\u00fcr\u00fcc\u00fcler, [&hellip;]<\/p>\n","protected":false},"author":1,"featured_media":0,"parent":369,"menu_order":0,"comment_status":"closed","ping_status":"closed","template":"","meta":{"footnotes":""},"class_list":["post-407","page","type-page","status-publish","hentry"],"yoast_head":"<!-- This site is optimized with the Yoast SEO plugin v27.4 - https:\/\/yoast.com\/product\/yoast-seo-wordpress\/ -->\n<title>Ar\u0131za Tespit - Pilot Garage Yenibosna - www.pilotgarageyenibosna.com<\/title>\n<meta name=\"robots\" content=\"index, follow, max-snippet:-1, max-image-preview:large, max-video-preview:-1\" \/>\n<link rel=\"canonical\" href=\"https:\/\/pilotgarageyenibosna.com\/hizmetlerimiz\/ariza-tespit\/\" \/>\n<meta property=\"og:locale\" content=\"tr_TR\" \/>\n<meta property=\"og:type\" content=\"article\" \/>\n<meta property=\"og:title\" content=\"Ar\u0131za Tespit - Pilot Garage Yenibosna - www.pilotgarageyenibosna.com\" \/>\n<meta property=\"og:description\" content=\"ARIZA TESP\u0130T Ar\u0131za Tespit Motor ar\u0131zas\u0131, d\u00fcnya \u00e7ap\u0131nda kazalar\u0131n ve felaketlerin ba\u015fl\u0131ca nedenlerinden biridir. Tasar\u0131m gere\u011fi, her motor bu t\u00fcr olaylar\u0131 \u00f6nlemek i\u00e7in bir otomatik ar\u0131za tespit \u201calg\u0131lama\u201d sistemine sahiptir. Bir motor ar\u0131zaland\u0131\u011f\u0131nda, s\u00fcr\u00fcc\u00fc taraf\u0131ndan duyulabilen belirli bir g\u00fcr\u00fclt\u00fc t\u00fcr\u00fc \u00fcretir. Ancak, her s\u00fcr\u00fcc\u00fc g\u00fcr\u00fclt\u00fcy\u00fc duyamaz ve bu da motor sorunlar\u0131n\u0131n te\u015fhis edilmesini zorla\u015ft\u0131r\u0131r. S\u00fcr\u00fcc\u00fcler, [&hellip;]\" \/>\n<meta property=\"og:url\" content=\"https:\/\/pilotgarageyenibosna.com\/hizmetlerimiz\/ariza-tespit\/\" \/>\n<meta property=\"og:site_name\" content=\"Pilot Garage Yenibosna - www.pilotgarageyenibosna.com\" \/>\n<meta property=\"article:modified_time\" content=\"2022-09-19T12:27:03+00:00\" \/>\n<meta property=\"og:image\" content=\"http:\/\/pilotgarageyenibosna.com\/wp-content\/uploads\/2022\/09\/ariza-tespit.jpg\" \/>\n<meta name=\"twitter:card\" content=\"summary_large_image\" \/>\n<meta name=\"twitter:label1\" content=\"Tahmini okuma s\u00fcresi\" \/>\n\t<meta name=\"twitter:data1\" content=\"3 dakika\" \/>\n<script type=\"application\/ld+json\" class=\"yoast-schema-graph\">{\"@context\":\"https:\\\/\\\/schema.org\",\"@graph\":[{\"@type\":\"WebPage\",\"@id\":\"https:\\\/\\\/pilotgarageyenibosna.com\\\/hizmetlerimiz\\\/ariza-tespit\\\/\",\"url\":\"https:\\\/\\\/pilotgarageyenibosna.com\\\/hizmetlerimiz\\\/ariza-tespit\\\/\",\"name\":\"Ar\u0131za Tespit - Pilot Garage Yenibosna - www.pilotgarageyenibosna.com\",\"isPartOf\":{\"@id\":\"https:\\\/\\\/pilotgarageyenibosna.com\\\/#website\"},\"primaryImageOfPage\":{\"@id\":\"https:\\\/\\\/pilotgarageyenibosna.com\\\/hizmetlerimiz\\\/ariza-tespit\\\/#primaryimage\"},\"image\":{\"@id\":\"https:\\\/\\\/pilotgarageyenibosna.com\\\/hizmetlerimiz\\\/ariza-tespit\\\/#primaryimage\"},\"thumbnailUrl\":\"http:\\\/\\\/pilotgarageyenibosna.com\\\/wp-content\\\/uploads\\\/2022\\\/09\\\/ariza-tespit.jpg\",\"datePublished\":\"2022-09-19T12:22:21+00:00\",\"dateModified\":\"2022-09-19T12:27:03+00:00\",\"breadcrumb\":{\"@id\":\"https:\\\/\\\/pilotgarageyenibosna.com\\\/hizmetlerimiz\\\/ariza-tespit\\\/#breadcrumb\"},\"inLanguage\":\"tr\",\"potentialAction\":[{\"@type\":\"ReadAction\",\"target\":[\"https:\\\/\\\/pilotgarageyenibosna.com\\\/hizmetlerimiz\\\/ariza-tespit\\\/\"]}]},{\"@type\":\"ImageObject\",\"inLanguage\":\"tr\",\"@id\":\"https:\\\/\\\/pilotgarageyenibosna.com\\\/hizmetlerimiz\\\/ariza-tespit\\\/#primaryimage\",\"url\":\"https:\\\/\\\/pilotgarageyenibosna.com\\\/wp-content\\\/uploads\\\/2022\\\/09\\\/ariza-tespit.jpg\",\"contentUrl\":\"https:\\\/\\\/pilotgarageyenibosna.com\\\/wp-content\\\/uploads\\\/2022\\\/09\\\/ariza-tespit.jpg\",\"width\":768,\"height\":512},{\"@type\":\"BreadcrumbList\",\"@id\":\"https:\\\/\\\/pilotgarageyenibosna.com\\\/hizmetlerimiz\\\/ariza-tespit\\\/#breadcrumb\",\"itemListElement\":[{\"@type\":\"ListItem\",\"position\":1,\"name\":\"Home\",\"item\":\"https:\\\/\\\/pilotgarageyenibosna.com\\\/\"},{\"@type\":\"ListItem\",\"position\":2,\"name\":\"Hizmetlerimiz\",\"item\":\"https:\\\/\\\/pilotgarageyenibosna.com\\\/hizmetlerimiz\\\/\"},{\"@type\":\"ListItem\",\"position\":3,\"name\":\"Ar\u0131za Tespit\"}]},{\"@type\":\"WebSite\",\"@id\":\"https:\\\/\\\/pilotgarageyenibosna.com\\\/#website\",\"url\":\"https:\\\/\\\/pilotgarageyenibosna.com\\\/\",\"name\":\"Pilot Garage Yenibosna - www.pilotgarageyenibosna.com\",\"description\":\"Pilot Garage Yenibosna - www.pilotgarageyenibosna.com\",\"publisher\":{\"@id\":\"https:\\\/\\\/pilotgarageyenibosna.com\\\/#organization\"},\"potentialAction\":[{\"@type\":\"SearchAction\",\"target\":{\"@type\":\"EntryPoint\",\"urlTemplate\":\"https:\\\/\\\/pilotgarageyenibosna.com\\\/?s={search_term_string}\"},\"query-input\":{\"@type\":\"PropertyValueSpecification\",\"valueRequired\":true,\"valueName\":\"search_term_string\"}}],\"inLanguage\":\"tr\"},{\"@type\":\"Organization\",\"@id\":\"https:\\\/\\\/pilotgarageyenibosna.com\\\/#organization\",\"name\":\"Pilot Garage Yenibosna - www.pilotgarageyenibosna.com\",\"url\":\"https:\\\/\\\/pilotgarageyenibosna.com\\\/\",\"logo\":{\"@type\":\"ImageObject\",\"inLanguage\":\"tr\",\"@id\":\"https:\\\/\\\/pilotgarageyenibosna.com\\\/#\\\/schema\\\/logo\\\/image\\\/\",\"url\":\"https:\\\/\\\/pilotgarageyenibosna.com\\\/wp-content\\\/uploads\\\/2022\\\/09\\\/pilot-garage-yenibosna-logo.png\",\"contentUrl\":\"https:\\\/\\\/pilotgarageyenibosna.com\\\/wp-content\\\/uploads\\\/2022\\\/09\\\/pilot-garage-yenibosna-logo.png\",\"width\":300,\"height\":41,\"caption\":\"Pilot Garage Yenibosna - www.pilotgarageyenibosna.com\"},\"image\":{\"@id\":\"https:\\\/\\\/pilotgarageyenibosna.com\\\/#\\\/schema\\\/logo\\\/image\\\/\"}}]}<\/script>\n<!-- \/ Yoast SEO plugin. -->","yoast_head_json":{"title":"Ar\u0131za Tespit - Pilot Garage Yenibosna - www.pilotgarageyenibosna.com","robots":{"index":"index","follow":"follow","max-snippet":"max-snippet:-1","max-image-preview":"max-image-preview:large","max-video-preview":"max-video-preview:-1"},"canonical":"https:\/\/pilotgarageyenibosna.com\/hizmetlerimiz\/ariza-tespit\/","og_locale":"tr_TR","og_type":"article","og_title":"Ar\u0131za Tespit - Pilot Garage Yenibosna - www.pilotgarageyenibosna.com","og_description":"ARIZA TESP\u0130T Ar\u0131za Tespit Motor ar\u0131zas\u0131, d\u00fcnya \u00e7ap\u0131nda kazalar\u0131n ve felaketlerin ba\u015fl\u0131ca nedenlerinden biridir. Tasar\u0131m gere\u011fi, her motor bu t\u00fcr olaylar\u0131 \u00f6nlemek i\u00e7in bir otomatik ar\u0131za tespit \u201calg\u0131lama\u201d sistemine sahiptir. Bir motor ar\u0131zaland\u0131\u011f\u0131nda, s\u00fcr\u00fcc\u00fc taraf\u0131ndan duyulabilen belirli bir g\u00fcr\u00fclt\u00fc t\u00fcr\u00fc \u00fcretir. Ancak, her s\u00fcr\u00fcc\u00fc g\u00fcr\u00fclt\u00fcy\u00fc duyamaz ve bu da motor sorunlar\u0131n\u0131n te\u015fhis edilmesini zorla\u015ft\u0131r\u0131r. S\u00fcr\u00fcc\u00fcler, [&hellip;]","og_url":"https:\/\/pilotgarageyenibosna.com\/hizmetlerimiz\/ariza-tespit\/","og_site_name":"Pilot Garage Yenibosna - www.pilotgarageyenibosna.com","article_modified_time":"2022-09-19T12:27:03+00:00","og_image":[{"url":"http:\/\/pilotgarageyenibosna.com\/wp-content\/uploads\/2022\/09\/ariza-tespit.jpg","type":"","width":"","height":""}],"twitter_card":"summary_large_image","twitter_misc":{"Tahmini okuma s\u00fcresi":"3 dakika"},"schema":{"@context":"https:\/\/schema.org","@graph":[{"@type":"WebPage","@id":"https:\/\/pilotgarageyenibosna.com\/hizmetlerimiz\/ariza-tespit\/","url":"https:\/\/pilotgarageyenibosna.com\/hizmetlerimiz\/ariza-tespit\/","name":"Ar\u0131za Tespit - Pilot Garage Yenibosna - www.pilotgarageyenibosna.com","isPartOf":{"@id":"https:\/\/pilotgarageyenibosna.com\/#website"},"primaryImageOfPage":{"@id":"https:\/\/pilotgarageyenibosna.com\/hizmetlerimiz\/ariza-tespit\/#primaryimage"},"image":{"@id":"https:\/\/pilotgarageyenibosna.com\/hizmetlerimiz\/ariza-tespit\/#primaryimage"},"thumbnailUrl":"http:\/\/pilotgarageyenibosna.com\/wp-content\/uploads\/2022\/09\/ariza-tespit.jpg","datePublished":"2022-09-19T12:22:21+00:00","dateModified":"2022-09-19T12:27:03+00:00","breadcrumb":{"@id":"https:\/\/pilotgarageyenibosna.com\/hizmetlerimiz\/ariza-tespit\/#breadcrumb"},"inLanguage":"tr","potentialAction":[{"@type":"ReadAction","target":["https:\/\/pilotgarageyenibosna.com\/hizmetlerimiz\/ariza-tespit\/"]}]},{"@type":"ImageObject","inLanguage":"tr","@id":"https:\/\/pilotgarageyenibosna.com\/hizmetlerimiz\/ariza-tespit\/#primaryimage","url":"https:\/\/pilotgarageyenibosna.com\/wp-content\/uploads\/2022\/09\/ariza-tespit.jpg","contentUrl":"https:\/\/pilotgarageyenibosna.com\/wp-content\/uploads\/2022\/09\/ariza-tespit.jpg","width":768,"height":512},{"@type":"BreadcrumbList","@id":"https:\/\/pilotgarageyenibosna.com\/hizmetlerimiz\/ariza-tespit\/#breadcrumb","itemListElement":[{"@type":"ListItem","position":1,"name":"Home","item":"https:\/\/pilotgarageyenibosna.com\/"},{"@type":"ListItem","position":2,"name":"Hizmetlerimiz","item":"https:\/\/pilotgarageyenibosna.com\/hizmetlerimiz\/"},{"@type":"ListItem","position":3,"name":"Ar\u0131za Tespit"}]},{"@type":"WebSite","@id":"https:\/\/pilotgarageyenibosna.com\/#website","url":"https:\/\/pilotgarageyenibosna.com\/","name":"Pilot Garage Yenibosna - www.pilotgarageyenibosna.com","description":"Pilot Garage Yenibosna - www.pilotgarageyenibosna.com","publisher":{"@id":"https:\/\/pilotgarageyenibosna.com\/#organization"},"potentialAction":[{"@type":"SearchAction","target":{"@type":"EntryPoint","urlTemplate":"https:\/\/pilotgarageyenibosna.com\/?s={search_term_string}"},"query-input":{"@type":"PropertyValueSpecification","valueRequired":true,"valueName":"search_term_string"}}],"inLanguage":"tr"},{"@type":"Organization","@id":"https:\/\/pilotgarageyenibosna.com\/#organization","name":"Pilot Garage Yenibosna - www.pilotgarageyenibosna.com","url":"https:\/\/pilotgarageyenibosna.com\/","logo":{"@type":"ImageObject","inLanguage":"tr","@id":"https:\/\/pilotgarageyenibosna.com\/#\/schema\/logo\/image\/","url":"https:\/\/pilotgarageyenibosna.com\/wp-content\/uploads\/2022\/09\/pilot-garage-yenibosna-logo.png","contentUrl":"https:\/\/pilotgarageyenibosna.com\/wp-content\/uploads\/2022\/09\/pilot-garage-yenibosna-logo.png","width":300,"height":41,"caption":"Pilot Garage Yenibosna - www.pilotgarageyenibosna.com"},"image":{"@id":"https:\/\/pilotgarageyenibosna.com\/#\/schema\/logo\/image\/"}}]}},"_links":{"self":[{"href":"https:\/\/pilotgarageyenibosna.com\/index.php\/wp-json\/wp\/v2\/pages\/407","targetHints":{"allow":["GET"]}}],"collection":[{"href":"https:\/\/pilotgarageyenibosna.com\/index.php\/wp-json\/wp\/v2\/pages"}],"about":[{"href":"https:\/\/pilotgarageyenibosna.com\/index.php\/wp-json\/wp\/v2\/types\/page"}],"author":[{"embeddable":true,"href":"https:\/\/pilotgarageyenibosna.com\/index.php\/wp-json\/wp\/v2\/users\/1"}],"replies":[{"embeddable":true,"href":"https:\/\/pilotgarageyenibosna.com\/index.php\/wp-json\/wp\/v2\/comments?post=407"}],"version-history":[{"count":8,"href":"https:\/\/pilotgarageyenibosna.com\/index.php\/wp-json\/wp\/v2\/pages\/407\/revisions"}],"predecessor-version":[{"id":416,"href":"https:\/\/pilotgarageyenibosna.com\/index.php\/wp-json\/wp\/v2\/pages\/407\/revisions\/416"}],"up":[{"embeddable":true,"href":"https:\/\/pilotgarageyenibosna.com\/index.php\/wp-json\/wp\/v2\/pages\/369"}],"wp:attachment":[{"href":"https:\/\/pilotgarageyenibosna.com\/index.php\/wp-json\/wp\/v2\/media?parent=407"}],"curies":[{"name":"wp","href":"https:\/\/api.w.org\/{rel}","templated":true}]}}