{"id":401,"date":"2022-09-19T12:15:52","date_gmt":"2022-09-19T12:15:52","guid":{"rendered":"http:\/\/pilotgarageyenibosna.com\/?page_id=401"},"modified":"2022-09-19T12:18:42","modified_gmt":"2022-09-19T12:18:42","slug":"motor-performans-test","status":"publish","type":"page","link":"https:\/\/pilotgarageyenibosna.com\/hizmetlerimiz\/motor-performans-test\/","title":{"rendered":"Motor Performans Test"},"content":{"rendered":"\t\t<div data-elementor-type=\"wp-page\" data-elementor-id=\"401\" class=\"elementor elementor-401\" data-elementor-post-type=\"page\">\n\t\t\t\t\t\t<section class=\"elementor-section elementor-top-section elementor-element elementor-element-2ecf1df elementor-section-full_width elementor-section-height-min-height elementor-section-height-default elementor-section-items-middle\" data-id=\"2ecf1df\" data-element_type=\"section\" data-e-type=\"section\" data-settings=\"{&quot;background_background&quot;:&quot;classic&quot;}\">\n\t\t\t\t\t\t\t<div class=\"elementor-background-overlay\"><\/div>\n\t\t\t\t\t\t\t<div class=\"elementor-container elementor-column-gap-default\">\n\t\t\t\t\t<div class=\"elementor-column elementor-col-100 elementor-top-column elementor-element elementor-element-f9010b8\" data-id=\"f9010b8\" data-element_type=\"column\" data-e-type=\"column\">\n\t\t\t<div class=\"elementor-widget-wrap elementor-element-populated\">\n\t\t\t\t\t\t<div class=\"elementor-element elementor-element-c8ccf0f elementor-widget elementor-widget-heading\" data-id=\"c8ccf0f\" data-element_type=\"widget\" data-e-type=\"widget\" data-widget_type=\"heading.default\">\n\t\t\t\t\t<h2 class=\"elementor-heading-title elementor-size-default\">MOTOR PERFORMANS TEST<\/h2>\t\t\t\t<\/div>\n\t\t\t\t\t<\/div>\n\t\t<\/div>\n\t\t\t\t\t<\/div>\n\t\t<\/section>\n\t\t\t\t<section class=\"elementor-section elementor-top-section elementor-element elementor-element-82f1cb6 elementor-section-boxed elementor-section-height-default elementor-section-height-default\" data-id=\"82f1cb6\" data-element_type=\"section\" data-e-type=\"section\">\n\t\t\t\t\t\t<div class=\"elementor-container elementor-column-gap-default\">\n\t\t\t\t\t<div class=\"elementor-column elementor-col-50 elementor-top-column elementor-element elementor-element-e7e9135\" data-id=\"e7e9135\" data-element_type=\"column\" data-e-type=\"column\">\n\t\t\t<div class=\"elementor-widget-wrap elementor-element-populated\">\n\t\t\t\t\t\t<div class=\"elementor-element elementor-element-50d6b20 elementor-widget elementor-widget-heading\" data-id=\"50d6b20\" data-element_type=\"widget\" data-e-type=\"widget\" data-widget_type=\"heading.default\">\n\t\t\t\t\t<h2 class=\"elementor-heading-title elementor-size-default\">Motor Performans Test<\/h2>\t\t\t\t<\/div>\n\t\t\t\t<div class=\"elementor-element elementor-element-bb70c70 elementor-widget elementor-widget-text-editor\" data-id=\"bb70c70\" data-element_type=\"widget\" data-e-type=\"widget\" data-widget_type=\"text-editor.default\">\n\t\t\t\t\t\t\t\t\t<p>Otomobil kullanmak heyecan verici bir deneyimdir. Ancak, s\u00fcr\u00fcc\u00fc arac\u0131 g\u00fcvenli bir \u015fekilde nas\u0131l kullanaca\u011f\u0131n\u0131 bilmiyorsa, otomobil kullanmak tehlikeli olabilir. T\u00fcm ara\u00e7lar, arac\u0131n g\u00fcvenli ve verimli \u00e7al\u0131\u015fmas\u0131n\u0131 sa\u011flamak i\u00e7in d\u00fczenli olarak kontrol edilmesi ve ayarlanmas\u0131 gereken \u00f6zelliklere sahiptir. Bir otomobilin motoru, arac\u0131n hayati bir bile\u015fenidir; tekerlekler i\u00e7in g\u00fc\u00e7 \u00fcretir ve arac\u0131n h\u0131z\u0131n\u0131 kontrol eder. Motorun en y\u00fcksek verimlilikte \u00e7al\u0131\u015fmas\u0131n\u0131 sa\u011flamak i\u00e7in motor performans\u0131 d\u00fczenli olarak test edilmelidir. Firmam\u0131z sizlere <strong>motor performans test<\/strong> alan\u0131nda i\u015flevsel bir hizmet imk\u00e2n\u0131 sa\u011fl\u0131yor.<\/p>\t\t\t\t\t\t\t\t<\/div>\n\t\t\t\t<div class=\"elementor-element elementor-element-4e22448 elementor-widget elementor-widget-heading\" data-id=\"4e22448\" data-element_type=\"widget\" data-e-type=\"widget\" data-widget_type=\"heading.default\">\n\t\t\t\t\t<h2 class=\"elementor-heading-title elementor-size-default\">Motor Performans Test Hizmetleri<\/h2>\t\t\t\t<\/div>\n\t\t\t\t<div class=\"elementor-element elementor-element-69396db elementor-widget elementor-widget-text-editor\" data-id=\"69396db\" data-element_type=\"widget\" data-e-type=\"widget\" data-widget_type=\"text-editor.default\">\n\t\t\t\t\t\t\t\t\t<p>Bir otomobilin motoru, bir s\u00fcr\u00fcc\u00fc s\u00fcrerken \u00e7e\u015fitli i\u015flevleri yerine getirir. Normal s\u00fcr\u00fc\u015f ko\u015fullar\u0131nda, bir otomobilin motoru belirli bir miktarda g\u00fc\u00e7 \u00fcretir. Daha sonra, s\u00fcr\u00fcc\u00fc daha fazla g\u00fc\u00e7 \u00fcretmek i\u00e7in vites de\u011fi\u015ftirmeli ve s\u00fcrmeli. Bir motor taraf\u0131ndan \u00fcretilen g\u00fc\u00e7 miktar\u0131, \u00fcretici ayarlar\u0131 ve motorun ya\u015f\u0131 gibi \u00e7e\u015fitli fakt\u00f6rlere ba\u011fl\u0131d\u0131r. Sizlere bu alanda en verimli hizmetleri sunuyoruz.<\/p><p>Yeni bir araba sat\u0131n ald\u0131\u011f\u0131n\u0131zda, \u00fcretici ayarlar\u0131 de\u011fi\u015ftirmi\u015f veya de\u011fi\u015ftirmemi\u015f olabilir, ancak araban\u0131z\u0131n sorunsuz \u00e7al\u0131\u015fmas\u0131n\u0131 sa\u011flamak i\u00e7in genellikle rutin motor bak\u0131m\u0131 yaparlar. K\u00f6t\u00fc a\u015f\u0131nm\u0131\u015f bir motora sahip bir otomobil, genellikle bak\u0131ml\u0131 bir motora sahip bir otomobilden daha az g\u00fc\u00e7 \u00fcretir. \u00d6te yandan, \u00e7ok fazla gereksiz onar\u0131ma sahip bir motor, yaln\u0131zca hareket gibi temel g\u00f6revleri ger\u00e7ekle\u015ftirirken kullan\u0131lamaz hale gelebilir. Ayr\u0131ca bir viraja yakla\u015f\u0131rken h\u0131z\u0131n\u0131z\u0131 lastiklerinizin kaymamas\u0131 ve kazaya neden olmamas\u0131 i\u00e7in ayarlamal\u0131s\u0131n\u0131z. B\u00fct\u00fcn motor aksan\u0131n\u0131z\u0131 ve arac\u0131n\u0131z\u0131n yenileme ve onar\u0131m hizmetlerini sunuyoruz.<\/p>\t\t\t\t\t\t\t\t<\/div>\n\t\t\t\t<div class=\"elementor-element elementor-element-cfe9488 elementor-widget elementor-widget-heading\" data-id=\"cfe9488\" data-element_type=\"widget\" data-e-type=\"widget\" data-widget_type=\"heading.default\">\n\t\t\t\t\t<h2 class=\"elementor-heading-title elementor-size-default\">Motor Performans Test Ne \u0130\u015fe Yarar?<\/h2>\t\t\t\t<\/div>\n\t\t\t\t<div class=\"elementor-element elementor-element-d97b3c6 elementor-widget elementor-widget-text-editor\" data-id=\"d97b3c6\" data-element_type=\"widget\" data-e-type=\"widget\" data-widget_type=\"text-editor.default\">\n\t\t\t\t\t\t\t\t\t<p>Benzin, otomobiller i\u00e7in en yayg\u0131n kullan\u0131lan yak\u0131tlardan biridir; s\u00fcr\u00fcc\u00fclerin yak\u0131ttan tasarruf etmelerini sa\u011flar. Ortalama olarak, s\u00fcr\u00fcc\u00fcler ara\u00e7lar\u0131nda ayda 20 galon benzin kullan\u0131r. Buna kar\u015f\u0131l\u0131k, ev \u0131s\u0131tmas\u0131 i\u00e7in gaz, benzer ama\u00e7lar i\u00e7in ayda yakla\u015f\u0131k 10 galon kullan\u0131r. S\u00fcr\u00fc\u015f s\u0131ras\u0131nda daha az gaz kullanmak i\u00e7in benzin seviyenizi kontrol etmeli ve benzin istasyonunda yak\u0131t al\u0131rken benzin eklemeyi unutmamal\u0131s\u0131n\u0131z.<\/p><p>Gaz seviyenizi kontrol etmeyi unutursan\u0131z, arac\u0131n\u0131z s\u00fcr\u00fc\u015f s\u0131ras\u0131nda aniden veya d\u00fczensiz \u00e7al\u0131\u015fabilir. Ayr\u0131ca, kaygan yollar veya in\u015faat kazalar\u0131 nedeniyle s\u00fcr\u00fc\u015f ko\u015fullar\u0131n\u0131n k\u00f6t\u00fc veya tehlikeli oldu\u011fu zorlu yol ko\u015fullar\u0131nda veya durma yollar\u0131nda nas\u0131l s\u00fcr\u00fclece\u011fini bilmelisiniz. Firmam\u0131z sizlere bu alanda en g\u00fcncel hizmetleri sunmay\u0131 ba\u015fara motor performans test hizmetlerini sigortal\u0131 olarak sizlere sunuyor.<\/p>\t\t\t\t\t\t\t\t<\/div>\n\t\t\t\t\t<\/div>\n\t\t<\/div>\n\t\t\t\t<div class=\"elementor-column elementor-col-50 elementor-top-column elementor-element elementor-element-dd44bf7\" data-id=\"dd44bf7\" data-element_type=\"column\" data-e-type=\"column\">\n\t\t\t<div class=\"elementor-widget-wrap elementor-element-populated\">\n\t\t\t\t\t\t<div class=\"elementor-element elementor-element-6c81e32 elementor-widget elementor-widget-image\" data-id=\"6c81e32\" data-element_type=\"widget\" data-e-type=\"widget\" data-widget_type=\"image.default\">\n\t\t\t\t\t\t\t\t\t\t\t\t\t\t\t<img fetchpriority=\"high\" decoding=\"async\" width=\"768\" height=\"512\" src=\"https:\/\/pilotgarageyenibosna.com\/wp-content\/uploads\/2022\/09\/motor-performans-test.jpg\" class=\"attachment-large size-large wp-image-332\" alt=\"\" srcset=\"https:\/\/pilotgarageyenibosna.com\/wp-content\/uploads\/2022\/09\/motor-performans-test.jpg 768w, https:\/\/pilotgarageyenibosna.com\/wp-content\/uploads\/2022\/09\/motor-performans-test-300x200.jpg 300w\" sizes=\"(max-width: 768px) 100vw, 768px\" \/>\t\t\t\t\t\t\t\t\t\t\t\t\t\t\t<\/div>\n\t\t\t\t\t<\/div>\n\t\t<\/div>\n\t\t\t\t\t<\/div>\n\t\t<\/section>\n\t\t\t\t<\/div>\n\t\t","protected":false},"excerpt":{"rendered":"<p>MOTOR PERFORMANS TEST Motor Performans Test Otomobil kullanmak heyecan verici bir deneyimdir. Ancak, s\u00fcr\u00fcc\u00fc arac\u0131 g\u00fcvenli bir \u015fekilde nas\u0131l kullanaca\u011f\u0131n\u0131 bilmiyorsa, otomobil kullanmak tehlikeli olabilir. T\u00fcm ara\u00e7lar, arac\u0131n g\u00fcvenli ve verimli \u00e7al\u0131\u015fmas\u0131n\u0131 sa\u011flamak i\u00e7in d\u00fczenli olarak kontrol edilmesi ve ayarlanmas\u0131 gereken \u00f6zelliklere sahiptir. Bir otomobilin motoru, arac\u0131n hayati bir bile\u015fenidir; tekerlekler i\u00e7in g\u00fc\u00e7 \u00fcretir ve [&hellip;]<\/p>\n","protected":false},"author":1,"featured_media":0,"parent":369,"menu_order":0,"comment_status":"closed","ping_status":"closed","template":"","meta":{"footnotes":""},"class_list":["post-401","page","type-page","status-publish","hentry"],"yoast_head":"<!-- This site is optimized with the Yoast SEO plugin v27.4 - https:\/\/yoast.com\/product\/yoast-seo-wordpress\/ -->\n<title>Motor Performans Test - Pilot Garage Yenibosna - www.pilotgarageyenibosna.com<\/title>\n<meta name=\"robots\" content=\"index, follow, max-snippet:-1, max-image-preview:large, max-video-preview:-1\" \/>\n<link rel=\"canonical\" href=\"https:\/\/pilotgarageyenibosna.com\/hizmetlerimiz\/motor-performans-test\/\" \/>\n<meta property=\"og:locale\" content=\"tr_TR\" \/>\n<meta property=\"og:type\" content=\"article\" \/>\n<meta property=\"og:title\" content=\"Motor Performans Test - Pilot Garage Yenibosna - www.pilotgarageyenibosna.com\" \/>\n<meta property=\"og:description\" content=\"MOTOR PERFORMANS TEST Motor Performans Test Otomobil kullanmak heyecan verici bir deneyimdir. Ancak, s\u00fcr\u00fcc\u00fc arac\u0131 g\u00fcvenli bir \u015fekilde nas\u0131l kullanaca\u011f\u0131n\u0131 bilmiyorsa, otomobil kullanmak tehlikeli olabilir. T\u00fcm ara\u00e7lar, arac\u0131n g\u00fcvenli ve verimli \u00e7al\u0131\u015fmas\u0131n\u0131 sa\u011flamak i\u00e7in d\u00fczenli olarak kontrol edilmesi ve ayarlanmas\u0131 gereken \u00f6zelliklere sahiptir. Bir otomobilin motoru, arac\u0131n hayati bir bile\u015fenidir; tekerlekler i\u00e7in g\u00fc\u00e7 \u00fcretir ve [&hellip;]\" \/>\n<meta property=\"og:url\" content=\"https:\/\/pilotgarageyenibosna.com\/hizmetlerimiz\/motor-performans-test\/\" \/>\n<meta property=\"og:site_name\" content=\"Pilot Garage Yenibosna - www.pilotgarageyenibosna.com\" \/>\n<meta property=\"article:modified_time\" content=\"2022-09-19T12:18:42+00:00\" \/>\n<meta property=\"og:image\" content=\"http:\/\/pilotgarageyenibosna.com\/wp-content\/uploads\/2022\/09\/motor-performans-test.jpg\" \/>\n<meta name=\"twitter:card\" content=\"summary_large_image\" \/>\n<meta name=\"twitter:label1\" content=\"Tahmini okuma s\u00fcresi\" \/>\n\t<meta name=\"twitter:data1\" content=\"3 dakika\" \/>\n<script type=\"application\/ld+json\" class=\"yoast-schema-graph\">{\"@context\":\"https:\\\/\\\/schema.org\",\"@graph\":[{\"@type\":\"WebPage\",\"@id\":\"https:\\\/\\\/pilotgarageyenibosna.com\\\/hizmetlerimiz\\\/motor-performans-test\\\/\",\"url\":\"https:\\\/\\\/pilotgarageyenibosna.com\\\/hizmetlerimiz\\\/motor-performans-test\\\/\",\"name\":\"Motor Performans Test - Pilot Garage Yenibosna - www.pilotgarageyenibosna.com\",\"isPartOf\":{\"@id\":\"https:\\\/\\\/pilotgarageyenibosna.com\\\/#website\"},\"primaryImageOfPage\":{\"@id\":\"https:\\\/\\\/pilotgarageyenibosna.com\\\/hizmetlerimiz\\\/motor-performans-test\\\/#primaryimage\"},\"image\":{\"@id\":\"https:\\\/\\\/pilotgarageyenibosna.com\\\/hizmetlerimiz\\\/motor-performans-test\\\/#primaryimage\"},\"thumbnailUrl\":\"http:\\\/\\\/pilotgarageyenibosna.com\\\/wp-content\\\/uploads\\\/2022\\\/09\\\/motor-performans-test.jpg\",\"datePublished\":\"2022-09-19T12:15:52+00:00\",\"dateModified\":\"2022-09-19T12:18:42+00:00\",\"breadcrumb\":{\"@id\":\"https:\\\/\\\/pilotgarageyenibosna.com\\\/hizmetlerimiz\\\/motor-performans-test\\\/#breadcrumb\"},\"inLanguage\":\"tr\",\"potentialAction\":[{\"@type\":\"ReadAction\",\"target\":[\"https:\\\/\\\/pilotgarageyenibosna.com\\\/hizmetlerimiz\\\/motor-performans-test\\\/\"]}]},{\"@type\":\"ImageObject\",\"inLanguage\":\"tr\",\"@id\":\"https:\\\/\\\/pilotgarageyenibosna.com\\\/hizmetlerimiz\\\/motor-performans-test\\\/#primaryimage\",\"url\":\"https:\\\/\\\/pilotgarageyenibosna.com\\\/wp-content\\\/uploads\\\/2022\\\/09\\\/motor-performans-test.jpg\",\"contentUrl\":\"https:\\\/\\\/pilotgarageyenibosna.com\\\/wp-content\\\/uploads\\\/2022\\\/09\\\/motor-performans-test.jpg\",\"width\":768,\"height\":512},{\"@type\":\"BreadcrumbList\",\"@id\":\"https:\\\/\\\/pilotgarageyenibosna.com\\\/hizmetlerimiz\\\/motor-performans-test\\\/#breadcrumb\",\"itemListElement\":[{\"@type\":\"ListItem\",\"position\":1,\"name\":\"Home\",\"item\":\"https:\\\/\\\/pilotgarageyenibosna.com\\\/\"},{\"@type\":\"ListItem\",\"position\":2,\"name\":\"Hizmetlerimiz\",\"item\":\"https:\\\/\\\/pilotgarageyenibosna.com\\\/hizmetlerimiz\\\/\"},{\"@type\":\"ListItem\",\"position\":3,\"name\":\"Motor Performans Test\"}]},{\"@type\":\"WebSite\",\"@id\":\"https:\\\/\\\/pilotgarageyenibosna.com\\\/#website\",\"url\":\"https:\\\/\\\/pilotgarageyenibosna.com\\\/\",\"name\":\"Pilot Garage Yenibosna - www.pilotgarageyenibosna.com\",\"description\":\"Pilot Garage Yenibosna - www.pilotgarageyenibosna.com\",\"publisher\":{\"@id\":\"https:\\\/\\\/pilotgarageyenibosna.com\\\/#organization\"},\"potentialAction\":[{\"@type\":\"SearchAction\",\"target\":{\"@type\":\"EntryPoint\",\"urlTemplate\":\"https:\\\/\\\/pilotgarageyenibosna.com\\\/?s={search_term_string}\"},\"query-input\":{\"@type\":\"PropertyValueSpecification\",\"valueRequired\":true,\"valueName\":\"search_term_string\"}}],\"inLanguage\":\"tr\"},{\"@type\":\"Organization\",\"@id\":\"https:\\\/\\\/pilotgarageyenibosna.com\\\/#organization\",\"name\":\"Pilot Garage Yenibosna - www.pilotgarageyenibosna.com\",\"url\":\"https:\\\/\\\/pilotgarageyenibosna.com\\\/\",\"logo\":{\"@type\":\"ImageObject\",\"inLanguage\":\"tr\",\"@id\":\"https:\\\/\\\/pilotgarageyenibosna.com\\\/#\\\/schema\\\/logo\\\/image\\\/\",\"url\":\"https:\\\/\\\/pilotgarageyenibosna.com\\\/wp-content\\\/uploads\\\/2022\\\/09\\\/pilot-garage-yenibosna-logo.png\",\"contentUrl\":\"https:\\\/\\\/pilotgarageyenibosna.com\\\/wp-content\\\/uploads\\\/2022\\\/09\\\/pilot-garage-yenibosna-logo.png\",\"width\":300,\"height\":41,\"caption\":\"Pilot Garage Yenibosna - www.pilotgarageyenibosna.com\"},\"image\":{\"@id\":\"https:\\\/\\\/pilotgarageyenibosna.com\\\/#\\\/schema\\\/logo\\\/image\\\/\"}}]}<\/script>\n<!-- \/ Yoast SEO plugin. -->","yoast_head_json":{"title":"Motor Performans Test - Pilot Garage Yenibosna - www.pilotgarageyenibosna.com","robots":{"index":"index","follow":"follow","max-snippet":"max-snippet:-1","max-image-preview":"max-image-preview:large","max-video-preview":"max-video-preview:-1"},"canonical":"https:\/\/pilotgarageyenibosna.com\/hizmetlerimiz\/motor-performans-test\/","og_locale":"tr_TR","og_type":"article","og_title":"Motor Performans Test - Pilot Garage Yenibosna - www.pilotgarageyenibosna.com","og_description":"MOTOR PERFORMANS TEST Motor Performans Test Otomobil kullanmak heyecan verici bir deneyimdir. Ancak, s\u00fcr\u00fcc\u00fc arac\u0131 g\u00fcvenli bir \u015fekilde nas\u0131l kullanaca\u011f\u0131n\u0131 bilmiyorsa, otomobil kullanmak tehlikeli olabilir. T\u00fcm ara\u00e7lar, arac\u0131n g\u00fcvenli ve verimli \u00e7al\u0131\u015fmas\u0131n\u0131 sa\u011flamak i\u00e7in d\u00fczenli olarak kontrol edilmesi ve ayarlanmas\u0131 gereken \u00f6zelliklere sahiptir. Bir otomobilin motoru, arac\u0131n hayati bir bile\u015fenidir; tekerlekler i\u00e7in g\u00fc\u00e7 \u00fcretir ve [&hellip;]","og_url":"https:\/\/pilotgarageyenibosna.com\/hizmetlerimiz\/motor-performans-test\/","og_site_name":"Pilot Garage Yenibosna - www.pilotgarageyenibosna.com","article_modified_time":"2022-09-19T12:18:42+00:00","og_image":[{"url":"http:\/\/pilotgarageyenibosna.com\/wp-content\/uploads\/2022\/09\/motor-performans-test.jpg","type":"","width":"","height":""}],"twitter_card":"summary_large_image","twitter_misc":{"Tahmini okuma s\u00fcresi":"3 dakika"},"schema":{"@context":"https:\/\/schema.org","@graph":[{"@type":"WebPage","@id":"https:\/\/pilotgarageyenibosna.com\/hizmetlerimiz\/motor-performans-test\/","url":"https:\/\/pilotgarageyenibosna.com\/hizmetlerimiz\/motor-performans-test\/","name":"Motor Performans Test - Pilot Garage Yenibosna - www.pilotgarageyenibosna.com","isPartOf":{"@id":"https:\/\/pilotgarageyenibosna.com\/#website"},"primaryImageOfPage":{"@id":"https:\/\/pilotgarageyenibosna.com\/hizmetlerimiz\/motor-performans-test\/#primaryimage"},"image":{"@id":"https:\/\/pilotgarageyenibosna.com\/hizmetlerimiz\/motor-performans-test\/#primaryimage"},"thumbnailUrl":"http:\/\/pilotgarageyenibosna.com\/wp-content\/uploads\/2022\/09\/motor-performans-test.jpg","datePublished":"2022-09-19T12:15:52+00:00","dateModified":"2022-09-19T12:18:42+00:00","breadcrumb":{"@id":"https:\/\/pilotgarageyenibosna.com\/hizmetlerimiz\/motor-performans-test\/#breadcrumb"},"inLanguage":"tr","potentialAction":[{"@type":"ReadAction","target":["https:\/\/pilotgarageyenibosna.com\/hizmetlerimiz\/motor-performans-test\/"]}]},{"@type":"ImageObject","inLanguage":"tr","@id":"https:\/\/pilotgarageyenibosna.com\/hizmetlerimiz\/motor-performans-test\/#primaryimage","url":"https:\/\/pilotgarageyenibosna.com\/wp-content\/uploads\/2022\/09\/motor-performans-test.jpg","contentUrl":"https:\/\/pilotgarageyenibosna.com\/wp-content\/uploads\/2022\/09\/motor-performans-test.jpg","width":768,"height":512},{"@type":"BreadcrumbList","@id":"https:\/\/pilotgarageyenibosna.com\/hizmetlerimiz\/motor-performans-test\/#breadcrumb","itemListElement":[{"@type":"ListItem","position":1,"name":"Home","item":"https:\/\/pilotgarageyenibosna.com\/"},{"@type":"ListItem","position":2,"name":"Hizmetlerimiz","item":"https:\/\/pilotgarageyenibosna.com\/hizmetlerimiz\/"},{"@type":"ListItem","position":3,"name":"Motor Performans Test"}]},{"@type":"WebSite","@id":"https:\/\/pilotgarageyenibosna.com\/#website","url":"https:\/\/pilotgarageyenibosna.com\/","name":"Pilot Garage Yenibosna - www.pilotgarageyenibosna.com","description":"Pilot Garage Yenibosna - www.pilotgarageyenibosna.com","publisher":{"@id":"https:\/\/pilotgarageyenibosna.com\/#organization"},"potentialAction":[{"@type":"SearchAction","target":{"@type":"EntryPoint","urlTemplate":"https:\/\/pilotgarageyenibosna.com\/?s={search_term_string}"},"query-input":{"@type":"PropertyValueSpecification","valueRequired":true,"valueName":"search_term_string"}}],"inLanguage":"tr"},{"@type":"Organization","@id":"https:\/\/pilotgarageyenibosna.com\/#organization","name":"Pilot Garage Yenibosna - www.pilotgarageyenibosna.com","url":"https:\/\/pilotgarageyenibosna.com\/","logo":{"@type":"ImageObject","inLanguage":"tr","@id":"https:\/\/pilotgarageyenibosna.com\/#\/schema\/logo\/image\/","url":"https:\/\/pilotgarageyenibosna.com\/wp-content\/uploads\/2022\/09\/pilot-garage-yenibosna-logo.png","contentUrl":"https:\/\/pilotgarageyenibosna.com\/wp-content\/uploads\/2022\/09\/pilot-garage-yenibosna-logo.png","width":300,"height":41,"caption":"Pilot Garage Yenibosna - www.pilotgarageyenibosna.com"},"image":{"@id":"https:\/\/pilotgarageyenibosna.com\/#\/schema\/logo\/image\/"}}]}},"_links":{"self":[{"href":"https:\/\/pilotgarageyenibosna.com\/index.php\/wp-json\/wp\/v2\/pages\/401","targetHints":{"allow":["GET"]}}],"collection":[{"href":"https:\/\/pilotgarageyenibosna.com\/index.php\/wp-json\/wp\/v2\/pages"}],"about":[{"href":"https:\/\/pilotgarageyenibosna.com\/index.php\/wp-json\/wp\/v2\/types\/page"}],"author":[{"embeddable":true,"href":"https:\/\/pilotgarageyenibosna.com\/index.php\/wp-json\/wp\/v2\/users\/1"}],"replies":[{"embeddable":true,"href":"https:\/\/pilotgarageyenibosna.com\/index.php\/wp-json\/wp\/v2\/comments?post=401"}],"version-history":[{"count":4,"href":"https:\/\/pilotgarageyenibosna.com\/index.php\/wp-json\/wp\/v2\/pages\/401\/revisions"}],"predecessor-version":[{"id":406,"href":"https:\/\/pilotgarageyenibosna.com\/index.php\/wp-json\/wp\/v2\/pages\/401\/revisions\/406"}],"up":[{"embeddable":true,"href":"https:\/\/pilotgarageyenibosna.com\/index.php\/wp-json\/wp\/v2\/pages\/369"}],"wp:attachment":[{"href":"https:\/\/pilotgarageyenibosna.com\/index.php\/wp-json\/wp\/v2\/media?parent=401"}],"curies":[{"name":"wp","href":"https:\/\/api.w.org\/{rel}","templated":true}]}}